{"id":16325,"date":"2022-05-04T12:41:07","date_gmt":"2022-05-04T10:41:07","guid":{"rendered":"https:\/\/polaris.aretis-staging.ch\/?page_id=16325"},"modified":"2026-02-19T09:22:43","modified_gmt":"2026-02-19T08:22:43","slug":"inscription-au-prix","status":"publish","type":"page","link":"https:\/\/polaris-stiftung.ch\/fr\/remise-des-prix\/inscription-au-prix\/","title":{"rendered":"Inscription \u00e0 la remise des prix"},"content":{"rendered":"<div id='av_section_1'  class='avia-section av-1xlce6d-8faf11621b873a9e44ae63652246de72 main_color avia-section-huge avia-shadow  avia-builder-el-0  avia-builder-el-no-sibling  avia-bg-style-scroll container_wrap fullsize'  ><div class='container av-section-cont-open' ><main  class='template-page content  av-content-full alpha units'><div class='post-entry post-entry-type-page post-entry-16325'><div class='entry-content-wrapper clearfix'>\n\n<style type=\"text\/css\" data-created_by=\"avia_inline_auto\" id=\"style-css-av-l2rgbelv-c6ca9987a2188073533a087d00e40258\">\n#top .av-special-heading.av-l2rgbelv-c6ca9987a2188073533a087d00e40258{\npadding-bottom:30px;\n}\nbody .av-special-heading.av-l2rgbelv-c6ca9987a2188073533a087d00e40258 .av-special-heading-tag .heading-char{\nfont-size:25px;\n}\n.av-special-heading.av-l2rgbelv-c6ca9987a2188073533a087d00e40258 .av-subheading{\nfont-size:30px;\n}\n<\/style>\n<div  class='av-special-heading av-l2rgbelv-c6ca9987a2188073533a087d00e40258 av-special-heading-h1 blockquote modern-quote modern-centered  avia-builder-el-1  el_before_av_hr  avia-builder-el-first  av-linked-heading'><h1 class='av-special-heading-tag'  >Inscription \u00e0 la remise des prix 2026<\/h1><div class='av-subheading av-subheading_below'><p>17e c\u00e9r\u00e9monie de remise des prix de la fondation de soutien polaris<\/p>\n<\/div><div class=\"special-heading-border\"><div class=\"special-heading-inner-border\"><\/div><\/div><\/div>\n\n<style type=\"text\/css\" data-created_by=\"avia_inline_auto\" id=\"style-css-av-1ka2g79-e4875da8bb1b91ff48e77f20b45e5aac\">\n#top .hr.av-1ka2g79-e4875da8bb1b91ff48e77f20b45e5aac{\nmargin-top:5px;\nmargin-bottom:50px;\n}\n.hr.av-1ka2g79-e4875da8bb1b91ff48e77f20b45e5aac .hr-inner{\nwidth:150px;\nborder-color:#0088bc;\n}\n<\/style>\n<div  class='hr av-1ka2g79-e4875da8bb1b91ff48e77f20b45e5aac hr-custom  avia-builder-el-2  el_after_av_heading  el_before_av_one_third  trennlinie_punkt hr-center hr-icon-no'><span class='hr-inner inner-border-av-border-fat'><span class=\"hr-inner-style\"><\/span><\/span><\/div>\n\n<style type=\"text\/css\" data-created_by=\"avia_inline_auto\" id=\"style-css-av-zkjghx-10d978c058e459cf1f092b3d9b6c253e\">\n#top .flex_column.av-zkjghx-10d978c058e459cf1f092b3d9b6c253e{\nmargin-top:40px;\nmargin-bottom:0px;\n}\n.flex_column.av-zkjghx-10d978c058e459cf1f092b3d9b6c253e{\nborder-radius:0px 0px 0px 0px;\npadding:0px 0px 0px 0px;\n}\n.responsive #top #wrap_all .flex_column.av-zkjghx-10d978c058e459cf1f092b3d9b6c253e{\nmargin-top:40px;\nmargin-bottom:0px;\n}\n<\/style>\n<div  class='flex_column av-zkjghx-10d978c058e459cf1f092b3d9b6c253e av_one_third  avia-builder-el-3  el_after_av_hr  el_before_av_two_third  first flex_column_div av-zero-column-padding'     ><p>\n<style type=\"text\/css\" data-created_by=\"avia_inline_auto\" id=\"style-css-av-l2rgbto2-ce1744aa65104668420f8274ce396cfb\">\n#top .av-special-heading.av-l2rgbto2-ce1744aa65104668420f8274ce396cfb{\npadding-bottom:10px;\n}\nbody .av-special-heading.av-l2rgbto2-ce1744aa65104668420f8274ce396cfb .av-special-heading-tag .heading-char{\nfont-size:25px;\n}\n.av-special-heading.av-l2rgbto2-ce1744aa65104668420f8274ce396cfb .av-subheading{\nfont-size:15px;\n}\n<\/style>\n<div  class='av-special-heading av-l2rgbto2-ce1744aa65104668420f8274ce396cfb av-special-heading-h3  avia-builder-el-4  el_before_av_textblock  avia-builder-el-first'><h3 class='av-special-heading-tag'  >Inscription<\/h3><div class=\"special-heading-border\"><div class=\"special-heading-inner-border\"><\/div><\/div><\/div><br \/>\n<section  class='av_textblock_section av-l2rgc4z9-c731ead8d30154875d0a13a782094ba8'  ><div class='avia_textblock' ><p>La remise des prix de la fondation polaris est int\u00e9gr\u00e9e dans la journ\u00e9e nationale de la branche\/l'AG de Swissavant - association \u00e9conomique et artisanat et aura lieu le<\/p>\n<p><strong>Lundi 30 mars 2026, de 11h15 \u00e0 12h15, \u00e0 l'h\u00f4tel Radisson Blu, Zurich-A\u00e9roport<\/strong>.<\/p>\n<p>Les invit\u00e9s qui souhaitent participer UNIQUEMENT \u00e0 la remise des prix de la fondation polaris peuvent s'inscrire ci-contre en remplissant le formulaire correspondant.<\/p>\n<p>Les personnes int\u00e9ress\u00e9es par les conf\u00e9rences ainsi que par l'AG de Swissavant trouveront le programme complet de la journ\u00e9e nationale de la branche\/l'AG sur le site Internet de Swissavant sous <a href=\"https:\/\/swissavant.ch\/nationaler-branchentag\/\" target=\"_blank\" rel=\"noopener\">www.swissavant.ch<\/a>. Le talon d'inscription pour tous les points de la journ\u00e9e est \u00e9galement disponible \u00e0 cet endroit et il est possible de s'inscrire.<\/p>\n<\/div><\/section><\/p><\/div>\n<style type=\"text\/css\" data-created_by=\"avia_inline_auto\" id=\"style-css-av-2n9pdx-eed7d0c89a8c7d80609ff217741e78d1\">\n#top .flex_column.av-2n9pdx-eed7d0c89a8c7d80609ff217741e78d1{\nmargin-top:40px;\nmargin-bottom:0px;\n}\n.responsive #top #wrap_all .flex_column.av-2n9pdx-eed7d0c89a8c7d80609ff217741e78d1{\nmargin-top:40px;\nmargin-bottom:0px;\n}\n<\/style>\n<div  class='flex_column av-2n9pdx-eed7d0c89a8c7d80609ff217741e78d1 av_two_third  avia-builder-el-6  el_after_av_one_third  avia-builder-el-last  flex_column_div'     ><p>\n<style type=\"text\/css\" data-created_by=\"avia_inline_auto\" id=\"style-css-av-l2rgcfdd-f2251280ea4eb9f5d6b550e0c6e8df88\">\n#top .av-special-heading.av-l2rgcfdd-f2251280ea4eb9f5d6b550e0c6e8df88{\npadding-bottom:10px;\n}\nbody .av-special-heading.av-l2rgcfdd-f2251280ea4eb9f5d6b550e0c6e8df88 .av-special-heading-tag .heading-char{\nfont-size:25px;\n}\n.av-special-heading.av-l2rgcfdd-f2251280ea4eb9f5d6b550e0c6e8df88 .av-subheading{\nfont-size:15px;\n}\n<\/style>\n<div  class='av-special-heading av-l2rgcfdd-f2251280ea4eb9f5d6b550e0c6e8df88 av-special-heading-h3  avia-builder-el-7  el_before_av_codeblock  avia-builder-el-first'><h3 class='av-special-heading-tag'  >Inscrivez-vous \u00e0 la c\u00e9r\u00e9monie de remise des prix<\/h3><div class=\"special-heading-border\"><div class=\"special-heading-inner-border\"><\/div><\/div><\/div><br \/>\n<\/p><\/div>","protected":false},"excerpt":{"rendered":"","protected":false},"author":1,"featured_media":0,"parent":14723,"menu_order":0,"comment_status":"closed","ping_status":"closed","template":"","meta":{"_seopress_robots_primary_cat":"","_seopress_titles_title":"","_seopress_titles_desc":"","_seopress_robots_index":"","footnotes":""},"folder":[],"class_list":["post-16325","page","type-page","status-publish","hentry"],"_links":{"self":[{"href":"https:\/\/polaris-stiftung.ch\/fr\/wp-json\/wp\/v2\/pages\/16325","targetHints":{"allow":["GET"]}}],"collection":[{"href":"https:\/\/polaris-stiftung.ch\/fr\/wp-json\/wp\/v2\/pages"}],"about":[{"href":"https:\/\/polaris-stiftung.ch\/fr\/wp-json\/wp\/v2\/types\/page"}],"author":[{"embeddable":true,"href":"https:\/\/polaris-stiftung.ch\/fr\/wp-json\/wp\/v2\/users\/1"}],"replies":[{"embeddable":true,"href":"https:\/\/polaris-stiftung.ch\/fr\/wp-json\/wp\/v2\/comments?post=16325"}],"version-history":[{"count":8,"href":"https:\/\/polaris-stiftung.ch\/fr\/wp-json\/wp\/v2\/pages\/16325\/revisions"}],"predecessor-version":[{"id":18567,"href":"https:\/\/polaris-stiftung.ch\/fr\/wp-json\/wp\/v2\/pages\/16325\/revisions\/18567"}],"up":[{"embeddable":true,"href":"https:\/\/polaris-stiftung.ch\/fr\/wp-json\/wp\/v2\/pages\/14723"}],"wp:attachment":[{"href":"https:\/\/polaris-stiftung.ch\/fr\/wp-json\/wp\/v2\/media?parent=16325"}],"wp:term":[{"taxonomy":"folder","embeddable":true,"href":"https:\/\/polaris-stiftung.ch\/fr\/wp-json\/wp\/v2\/folder?post=16325"}],"curies":[{"name":"wp","href":"https:\/\/api.w.org\/{rel}","templated":true}]}}