{"id":15450,"date":"2021-12-06T11:17:53","date_gmt":"2021-12-06T10:17:53","guid":{"rendered":"https:\/\/polaris.aretis-staging.ch\/?page_id=15450"},"modified":"2025-10-03T13:24:35","modified_gmt":"2025-10-03T11:24:35","slug":"evenements-2","status":"publish","type":"page","link":"https:\/\/polaris-stiftung.ch\/fr\/journee-de-formation\/evenements-2\/","title":{"rendered":"\u00c9v\u00e9nements"},"content":{"rendered":"<div id='av_section_1'  class='avia-section av-30xqkc4-10757b0df6e7b34c64835237550e087b main_color avia-section-huge avia-shadow  avia-builder-el-0  el_before_av_masonry_gallery  avia-builder-el-first  avia-bg-style-scroll container_wrap fullsize'  ><div class='container av-section-cont-open' ><main  class='template-page content  av-content-full alpha units'><div class='post-entry post-entry-type-page post-entry-15450'><div class='entry-content-wrapper clearfix'>\n\n<style type=\"text\/css\" data-created_by=\"avia_inline_auto\" id=\"style-css-av-12sktmi-08bd63299539a7ebf87165e44d8f1cdd\">\n#top .av-special-heading.av-12sktmi-08bd63299539a7ebf87165e44d8f1cdd{\npadding-bottom:30px;\n}\nbody .av-special-heading.av-12sktmi-08bd63299539a7ebf87165e44d8f1cdd .av-special-heading-tag .heading-char{\nfont-size:25px;\n}\n.av-special-heading.av-12sktmi-08bd63299539a7ebf87165e44d8f1cdd .av-subheading{\nfont-size:30px;\n}\n<\/style>\n<div  class='av-special-heading av-12sktmi-08bd63299539a7ebf87165e44d8f1cdd av-special-heading-h1 blockquote modern-quote modern-centered  avia-builder-el-1  el_before_av_hr  avia-builder-el-first  av-linked-heading'><h1 class='av-special-heading-tag'  >\u00c9v\u00e9nements<\/h1><div class='av-subheading av-subheading_below'><p>Journ\u00e9e de formation continue en automne<\/p>\n<\/div><div class=\"special-heading-border\"><div class=\"special-heading-inner-border\"><\/div><\/div><\/div>\n\n<style type=\"text\/css\" data-created_by=\"avia_inline_auto\" id=\"style-css-av-wmo4xo-e72941015c359dbc7803628033a45693\">\n#top .hr.av-wmo4xo-e72941015c359dbc7803628033a45693{\nmargin-top:5px;\nmargin-bottom:40px;\n}\n.hr.av-wmo4xo-e72941015c359dbc7803628033a45693 .hr-inner{\nwidth:150px;\nborder-color:#0088bc;\n}\n<\/style>\n<div  class='hr av-wmo4xo-e72941015c359dbc7803628033a45693 hr-custom  avia-builder-el-2  el_after_av_heading  el_before_av_one_half  trennlinie_punkt hr-center hr-icon-no'><span class='hr-inner inner-border-av-border-fat'><span class=\"hr-inner-style\"><\/span><\/span><\/div>\n\n<style type=\"text\/css\" data-created_by=\"avia_inline_auto\" id=\"style-css-av-2vsv1kk-cfd0ff8347ba6b4f5ec5ec141c23abe2\">\n.flex_column.av-2vsv1kk-cfd0ff8347ba6b4f5ec5ec141c23abe2{\nborder-radius:0px 0px 0px 0px;\npadding:45px 0px 0px 0px;\n}\n<\/style>\n<div  class='flex_column av-2vsv1kk-cfd0ff8347ba6b4f5ec5ec141c23abe2 av_one_half  avia-builder-el-3  el_after_av_hr  el_before_av_one_half  first flex_column_div av-animated-generic left-to-right'     ><style type=\"text\/css\" data-created_by=\"avia_inline_auto\" id=\"style-css-av-a3u2o4-001f620654abc91f59ec581a4a455c4e\">\n.avia-image-container.av-a3u2o4-001f620654abc91f59ec581a4a455c4e img.avia_image{\nbox-shadow:none;\n}\n.avia-image-container.av-a3u2o4-001f620654abc91f59ec581a4a455c4e .av-image-caption-overlay-center{\ncolor:#ffffff;\n}\n<\/style>\n<div  class='avia-image-container av-a3u2o4-001f620654abc91f59ec581a4a455c4e av-styling- avia_animated_image av-animated-when-visible-95 left-to-right avia-align-center  avia-builder-el-4  avia-builder-el-no-sibling'  ><div class=\"avia-image-container-inner\"><div class=\"avia-image-overlay-wrap\"><img decoding=\"async\" fetchpriority=\"high\" class='wp-image-15461 avia-img-lazy-loading-not-15461 avia_image' src=\"https:\/\/polaris-stiftung.ch\/wp-content\/uploads\/bildungstag1.jpg\" alt='' title=''  height=\"667\" width=\"1000\" srcset=\"https:\/\/polaris-stiftung.ch\/wp-content\/uploads\/bildungstag1.jpg 1000w, https:\/\/polaris-stiftung.ch\/wp-content\/uploads\/bildungstag1-300x200.jpg 300w, https:\/\/polaris-stiftung.ch\/wp-content\/uploads\/bildungstag1-768x512.jpg 768w, https:\/\/polaris-stiftung.ch\/wp-content\/uploads\/bildungstag1-705x470.jpg 705w\" sizes=\"(max-width: 1000px) 100vw, 1000px\" \/><\/div><\/div><\/div><\/div>\n<style type=\"text\/css\" data-created_by=\"avia_inline_auto\" id=\"style-css-av-2rnio6s-3b17d385211e22b492119f66cf2183ef\">\n.flex_column.av-2rnio6s-3b17d385211e22b492119f66cf2183ef{\nborder-radius:0px 0px 0px 0px;\npadding:45px 0px 0px 0px;\n}\n<\/style>\n<div  class='flex_column av-2rnio6s-3b17d385211e22b492119f66cf2183ef av_one_half  avia-builder-el-5  el_after_av_one_half  avia-builder-el-last  flex_column_div av-animated-generic fade-in'     ><p>\n<style type=\"text\/css\" data-created_by=\"avia_inline_auto\" id=\"style-css-av-2lpyje-ace5ff7d8d2e79705b4b7c60c0a22df0\">\n#top .av-special-heading.av-2lpyje-ace5ff7d8d2e79705b4b7c60c0a22df0{\npadding-bottom:10px;\n}\nbody .av-special-heading.av-2lpyje-ace5ff7d8d2e79705b4b7c60c0a22df0 .av-special-heading-tag .heading-char{\nfont-size:25px;\n}\n.av-special-heading.av-2lpyje-ace5ff7d8d2e79705b4b7c60c0a22df0 .av-subheading{\nfont-size:15px;\n}\n<\/style>\n<div  class='av-special-heading av-2lpyje-ace5ff7d8d2e79705b4b7c60c0a22df0 av-special-heading-h3  avia-builder-el-6  el_before_av_textblock  avia-builder-el-first'><h3 class='av-special-heading-tag'  >Journ\u00e9e nationale de la formation annuelle<\/h3><div class=\"special-heading-border\"><div class=\"special-heading-inner-border\"><\/div><\/div><\/div><br \/>\n<section  class='av_textblock_section av-jxviag1m-52de9e15d5ee347a5651f07e0892f268'  ><div class='avia_textblock' ><p style=\"text-align: left;\">La Fondation polaris invite chaque automne \u00e0 la Journ\u00e9e nationale de la formation. Celle-ci est consacr\u00e9e \u00e0 diff\u00e9rents th\u00e8mes de la formation professionnelle et s'adresse aux formateurs et formatrices, aux experts et expertes, aux conf\u00e9renciers et conf\u00e9renci\u00e8res ainsi qu'\u00e0 d'autres cercles int\u00e9ress\u00e9s par la formation.<\/p>\n<p style=\"text-align: left;\">La prochaine 7e Journ\u00e9e nationale de l'\u00e9ducation aura lieu le <br class=\"avia-permanent-lb\" \/><span style=\"font-size: 18px;\"><strong>Jeudi 24 septembre 2026<\/strong><\/span> .<\/p>\n<\/div><\/section><br \/>\n\n<style type=\"text\/css\" data-created_by=\"avia_inline_auto\" id=\"style-css-av-kt91gov0-d06aae081a7e1c2004769f82e6bd0cd6\">\n#top .hr.hr-invisible.av-kt91gov0-d06aae081a7e1c2004769f82e6bd0cd6{\nheight:15px;\n}\n<\/style>\n<div  class='hr av-kt91gov0-d06aae081a7e1c2004769f82e6bd0cd6 hr-invisible  avia-builder-el-8  el_after_av_textblock  el_before_av_buttonrow'><span class='hr-inner'><span class=\"hr-inner-style\"><\/span><\/span><\/div><br \/>\n<div  class='avia-buttonrow-wrap av-lyrc04uj-a297e73f43434e74e533606caa6f0947 avia-buttonrow-left  avia-builder-el-9  el_after_av_hr  avia-builder-el-last'>\n\n<style type=\"text\/css\" data-created_by=\"avia_inline_auto\" id=\"style-css-av-lyrc017h-6cb902866f8c43e68c0e51992432228f\">\n#top #wrap_all .avia-button.av-lyrc017h-6cb902866f8c43e68c0e51992432228f{\nmargin-bottom:10px;\nmargin-right:10px;\n}\n<\/style>\n<a href='https:\/\/polaris-stiftung.ch\/fr\/journee-de-formation\/impressions\/'  class='avia-button av-lyrc017h-6cb902866f8c43e68c0e51992432228f avia-icon_select-yes-right-icon avia-size-medium avia-color-theme-color'  target=\"_blank\"  rel=\"noopener noreferrer\"  aria-label=\"Le programme et l&#039;inscription suivront en temps voulu\"><span class='avia_iconbox_title' >Le programme et l'inscription suivront en temps voulu<\/span><span class='avia_button_icon avia_button_icon_right avia-iconfont avia-font-entypo-fontello' data-av_icon='\ue832' data-av_iconfont='entypo-fontello' ><\/span><\/a>\n<\/div><\/p><\/div>\n\n\n<style type=\"text\/css\" data-created_by=\"avia_inline_auto\" id=\"style-css-av-kwulk5de-147b09980f0a15b95c4619d55dc37b43\">\n#top .av-masonry.av-kwulk5de-147b09980f0a15b95c4619d55dc37b43{\nbackground-color:#ffffff;\n}\n<\/style>\n<div id='av-masonry-1' class='av-masonry av-kwulk5de-147b09980f0a15b95c4619d55dc37b43 noHover av-fixed-size av-large-gap av-hover-overlay- av-masonry-animation-active av-masonry-col-4 av-caption-always av-caption-style- av-masonry-gallery av-orientation-landscape-large' data-post_id=\"15450\"><div class=\"av-masonry-container isotope av-js-disabled\"><div class='av-masonry-entry isotope-item av-masonry-item-no-image'><\/div><a href=\"https:\/\/polaris-stiftung.ch\/wp-content\/uploads\/Input-Fabian-Wyss-1030x687.jpg\" data-srcset=\"https:\/\/polaris-stiftung.ch\/wp-content\/uploads\/Input-Fabian-Wyss-1030x687.jpg 1030w, https:\/\/polaris-stiftung.ch\/wp-content\/uploads\/Input-Fabian-Wyss-300x200.jpg 300w, https:\/\/polaris-stiftung.ch\/wp-content\/uploads\/Input-Fabian-Wyss-768x512.jpg 768w, https:\/\/polaris-stiftung.ch\/wp-content\/uploads\/Input-Fabian-Wyss-1536x1024.jpg 1536w, https:\/\/polaris-stiftung.ch\/wp-content\/uploads\/Input-Fabian-Wyss-18x12.jpg 18w, https:\/\/polaris-stiftung.ch\/wp-content\/uploads\/Input-Fabian-Wyss-1500x1000.jpg 1500w, https:\/\/polaris-stiftung.ch\/wp-content\/uploads\/Input-Fabian-Wyss-705x470.jpg 705w, https:\/\/polaris-stiftung.ch\/wp-content\/uploads\/Input-Fabian-Wyss.jpg 1594w\" data-sizes=\"(max-width: 1030px) 100vw, 1030px\"  aria-label=\"image Input Fabian Wyss\"  id='av-masonry-1-item-18517' data-av-masonry-item='18517' class='av-masonry-entry isotope-item post-18517 attachment type-attachment status-inherit hentry  av-masonry-item-with-image' title=\"Input Fabian Wyss\" alt=\"\"   ><div class='av-inner-masonry-sizer'><\/div><figure class='av-inner-masonry main_color'><div class=\"av-masonry-outerimage-container\"><div class='av-masonry-image-container' style=\"background-image: url(https:\/\/polaris-stiftung.ch\/wp-content\/uploads\/Input-Fabian-Wyss-705x470.jpg);\"  title=\"Input Fabian Wyss\" ><\/div><\/div><\/figure><\/a><!--end av-masonry entry--><a href=\"https:\/\/polaris-stiftung.ch\/wp-content\/uploads\/KI-Tools-1030x686.jpg\" data-srcset=\"https:\/\/polaris-stiftung.ch\/wp-content\/uploads\/KI-Tools-1030x686.jpg 1030w, https:\/\/polaris-stiftung.ch\/wp-content\/uploads\/KI-Tools-300x200.jpg 300w, https:\/\/polaris-stiftung.ch\/wp-content\/uploads\/KI-Tools-768x512.jpg 768w, https:\/\/polaris-stiftung.ch\/wp-content\/uploads\/KI-Tools-1536x1024.jpg 1536w, https:\/\/polaris-stiftung.ch\/wp-content\/uploads\/KI-Tools-18x12.jpg 18w, https:\/\/polaris-stiftung.ch\/wp-content\/uploads\/KI-Tools-1500x1000.jpg 1500w, https:\/\/polaris-stiftung.ch\/wp-content\/uploads\/KI-Tools-705x470.jpg 705w, https:\/\/polaris-stiftung.ch\/wp-content\/uploads\/KI-Tools.jpg 1595w\" data-sizes=\"(max-width: 1030px) 100vw, 1030px\"  aria-label=\"Outils d&#039;IA d&#039;image\"  id='av-masonry-1-item-18514' data-av-masonry-item='18514' class='av-masonry-entry isotope-item post-18514 attachment type-attachment status-inherit hentry  av-masonry-item-with-image' title=\"Outils d&#039;IA\" alt=\"\"   ><div class='av-inner-masonry-sizer'><\/div><figure class='av-inner-masonry main_color'><div class=\"av-masonry-outerimage-container\"><div class='av-masonry-image-container' style=\"background-image: url(https:\/\/polaris-stiftung.ch\/wp-content\/uploads\/KI-Tools-705x470.jpg);\"  title=\"Outils d&#039;IA\" ><\/div><\/div><\/figure><\/a><!--end av-masonry entry--><a href=\"https:\/\/polaris-stiftung.ch\/wp-content\/uploads\/Plenum_3-1-1030x687.jpg\" data-srcset=\"https:\/\/polaris-stiftung.ch\/wp-content\/uploads\/Plenum_3-1-1030x687.jpg 1030w, https:\/\/polaris-stiftung.ch\/wp-content\/uploads\/Plenum_3-1-300x200.jpg 300w, https:\/\/polaris-stiftung.ch\/wp-content\/uploads\/Plenum_3-1-768x512.jpg 768w, https:\/\/polaris-stiftung.ch\/wp-content\/uploads\/Plenum_3-1-18x12.jpg 18w, https:\/\/polaris-stiftung.ch\/wp-content\/uploads\/Plenum_3-1-705x470.jpg 705w, https:\/\/polaris-stiftung.ch\/wp-content\/uploads\/Plenum_3-1.jpg 1329w\" data-sizes=\"(max-width: 1030px) 100vw, 1030px\"  aria-label=\"image Pl\u00e9ni\u00e8re_3\"  id='av-masonry-1-item-18476' data-av-masonry-item='18476' class='av-masonry-entry isotope-item post-18476 attachment type-attachment status-inherit hentry  av-masonry-item-with-image' title=\"Pl\u00e9ni\u00e8re_3\" alt=\"\"   ><div class='av-inner-masonry-sizer'><\/div><figure class='av-inner-masonry main_color'><div class=\"av-masonry-outerimage-container\"><div class='av-masonry-image-container' style=\"background-image: url(https:\/\/polaris-stiftung.ch\/wp-content\/uploads\/Plenum_3-1-705x470.jpg);\"  title=\"Pl\u00e9ni\u00e8re_3\" ><\/div><\/div><\/figure><\/a><!--end av-masonry entry--><a href=\"https:\/\/polaris-stiftung.ch\/wp-content\/uploads\/Plenum_2-1030x687.jpg\" data-srcset=\"https:\/\/polaris-stiftung.ch\/wp-content\/uploads\/Plenum_2-1030x687.jpg 1030w, https:\/\/polaris-stiftung.ch\/wp-content\/uploads\/Plenum_2-300x200.jpg 300w, https:\/\/polaris-stiftung.ch\/wp-content\/uploads\/Plenum_2-768x512.jpg 768w, https:\/\/polaris-stiftung.ch\/wp-content\/uploads\/Plenum_2-18x12.jpg 18w, https:\/\/polaris-stiftung.ch\/wp-content\/uploads\/Plenum_2-705x470.jpg 705w, https:\/\/polaris-stiftung.ch\/wp-content\/uploads\/Plenum_2.jpg 1329w\" data-sizes=\"(max-width: 1030px) 100vw, 1030px\"  aria-label=\"image Pl\u00e9ni\u00e8re_2\"  id='av-masonry-1-item-18508' data-av-masonry-item='18508' class='av-masonry-entry isotope-item post-18508 attachment type-attachment status-inherit hentry  av-masonry-item-with-image' title=\"Pl\u00e9ni\u00e8re_2\" alt=\"\"   ><div class='av-inner-masonry-sizer'><\/div><figure class='av-inner-masonry main_color'><div class=\"av-masonry-outerimage-container\"><div class='av-masonry-image-container' style=\"background-image: url(https:\/\/polaris-stiftung.ch\/wp-content\/uploads\/Plenum_2-705x470.jpg);\"  title=\"Pl\u00e9ni\u00e8re_2\" ><\/div><\/div><\/figure><\/a><!--end av-masonry entry--><\/div><\/div>","protected":false},"excerpt":{"rendered":"","protected":false},"author":1,"featured_media":0,"parent":15394,"menu_order":2,"comment_status":"closed","ping_status":"closed","template":"","meta":{"_seopress_robots_primary_cat":"","_seopress_titles_title":"Veranstaltung Bildungstag der F\u00f6rderstiftung polaris","_seopress_titles_desc":"Die F\u00f6rderstiftung polaris l\u00e4dt regelm\u00e4ssig zum Bildungstag ein. Ein absolutes Muss f\u00fcr alle Berufsbildenden.","_seopress_robots_index":"","footnotes":""},"folder":[],"class_list":["post-15450","page","type-page","status-publish","hentry"],"_links":{"self":[{"href":"https:\/\/polaris-stiftung.ch\/fr\/wp-json\/wp\/v2\/pages\/15450","targetHints":{"allow":["GET"]}}],"collection":[{"href":"https:\/\/polaris-stiftung.ch\/fr\/wp-json\/wp\/v2\/pages"}],"about":[{"href":"https:\/\/polaris-stiftung.ch\/fr\/wp-json\/wp\/v2\/types\/page"}],"author":[{"embeddable":true,"href":"https:\/\/polaris-stiftung.ch\/fr\/wp-json\/wp\/v2\/users\/1"}],"replies":[{"embeddable":true,"href":"https:\/\/polaris-stiftung.ch\/fr\/wp-json\/wp\/v2\/comments?post=15450"}],"version-history":[{"count":9,"href":"https:\/\/polaris-stiftung.ch\/fr\/wp-json\/wp\/v2\/pages\/15450\/revisions"}],"predecessor-version":[{"id":18533,"href":"https:\/\/polaris-stiftung.ch\/fr\/wp-json\/wp\/v2\/pages\/15450\/revisions\/18533"}],"up":[{"embeddable":true,"href":"https:\/\/polaris-stiftung.ch\/fr\/wp-json\/wp\/v2\/pages\/15394"}],"wp:attachment":[{"href":"https:\/\/polaris-stiftung.ch\/fr\/wp-json\/wp\/v2\/media?parent=15450"}],"wp:term":[{"taxonomy":"folder","embeddable":true,"href":"https:\/\/polaris-stiftung.ch\/fr\/wp-json\/wp\/v2\/folder?post=15450"}],"curies":[{"name":"wp","href":"https:\/\/api.w.org\/{rel}","templated":true}]}}