{"id":15392,"date":"2021-11-29T12:54:07","date_gmt":"2021-11-29T11:54:07","guid":{"rendered":"https:\/\/polaris.aretis-staging.ch\/?page_id=15392"},"modified":"2024-12-12T10:27:04","modified_gmt":"2024-12-12T09:27:04","slug":"evenements-2","status":"publish","type":"page","link":"https:\/\/polaris-stiftung.ch\/fr\/en-forme-pour-lapprentissage\/evenements-2\/","title":{"rendered":"\u00c9v\u00e9nements"},"content":{"rendered":"<div id='av_section_1'  class='avia-section av-30xqkc4-10757b0df6e7b34c64835237550e087b main_color avia-section-huge avia-shadow  avia-builder-el-0  el_before_av_masonry_gallery  avia-builder-el-first  avia-bg-style-scroll container_wrap fullsize'  ><div class='container av-section-cont-open' ><main  class='template-page content  av-content-full alpha units'><div class='post-entry post-entry-type-page post-entry-15392'><div class='entry-content-wrapper clearfix'>\n\n<style type=\"text\/css\" data-created_by=\"avia_inline_auto\" id=\"style-css-av-2qbxbcw-ad2357ec9a9cad294784353d8bb7e0e4\">\n#top .av-special-heading.av-2qbxbcw-ad2357ec9a9cad294784353d8bb7e0e4{\npadding-bottom:30px;\n}\nbody .av-special-heading.av-2qbxbcw-ad2357ec9a9cad294784353d8bb7e0e4 .av-special-heading-tag .heading-char{\nfont-size:25px;\n}\n.av-special-heading.av-2qbxbcw-ad2357ec9a9cad294784353d8bb7e0e4 .av-subheading{\nfont-size:30px;\n}\n<\/style>\n<div  class='av-special-heading av-2qbxbcw-ad2357ec9a9cad294784353d8bb7e0e4 av-special-heading-h1 blockquote modern-quote modern-centered  avia-builder-el-1  el_before_av_hr  avia-builder-el-first  av-linked-heading'><h1 class='av-special-heading-tag'  >\u00c9v\u00e9nements<\/h1><div class='av-subheading av-subheading_below'><p>D\u00e9centralis\u00e9 - 2 \u00e0 3 fois par an<\/p>\n<\/div><div class=\"special-heading-border\"><div class=\"special-heading-inner-border\"><\/div><\/div><\/div>\n\n<style type=\"text\/css\" data-created_by=\"avia_inline_auto\" id=\"style-css-av-wmo4xo-e72941015c359dbc7803628033a45693\">\n#top .hr.av-wmo4xo-e72941015c359dbc7803628033a45693{\nmargin-top:5px;\nmargin-bottom:40px;\n}\n.hr.av-wmo4xo-e72941015c359dbc7803628033a45693 .hr-inner{\nwidth:150px;\nborder-color:#0088bc;\n}\n<\/style>\n<div  class='hr av-wmo4xo-e72941015c359dbc7803628033a45693 hr-custom  avia-builder-el-2  el_after_av_heading  el_before_av_one_half  trennlinie_punkt hr-center hr-icon-no'><span class='hr-inner inner-border-av-border-fat'><span class=\"hr-inner-style\"><\/span><\/span><\/div>\n\n<style type=\"text\/css\" data-created_by=\"avia_inline_auto\" id=\"style-css-av-2vsv1kk-cfd0ff8347ba6b4f5ec5ec141c23abe2\">\n.flex_column.av-2vsv1kk-cfd0ff8347ba6b4f5ec5ec141c23abe2{\nborder-radius:0px 0px 0px 0px;\npadding:45px 0px 0px 0px;\n}\n<\/style>\n<div  class='flex_column av-2vsv1kk-cfd0ff8347ba6b4f5ec5ec141c23abe2 av_one_half  avia-builder-el-3  el_after_av_hr  el_before_av_one_half  first flex_column_div av-animated-generic left-to-right'     ><style type=\"text\/css\" data-created_by=\"avia_inline_auto\" id=\"style-css-av-a3u2o4-c7431deef62ac00098cced27c123bf14\">\n.avia-image-container.av-a3u2o4-c7431deef62ac00098cced27c123bf14 img.avia_image{\nbox-shadow:none;\n}\n.avia-image-container.av-a3u2o4-c7431deef62ac00098cced27c123bf14 .av-image-caption-overlay-center{\ncolor:#ffffff;\n}\n<\/style>\n<div  class='avia-image-container av-a3u2o4-c7431deef62ac00098cced27c123bf14 av-styling- avia_animated_image av-animated-when-visible-95 left-to-right avia-align-center  avia-builder-el-4  avia-builder-el-no-sibling'  ><div class=\"avia-image-container-inner\"><div class=\"avia-image-overlay-wrap\"><img decoding=\"async\" fetchpriority=\"high\" class='wp-image-15756 avia-img-lazy-loading-not-15756 avia_image' src=\"https:\/\/polaris-stiftung.ch\/wp-content\/uploads\/\/Konzentration-geh-rt-dazu-.jpg\" alt='' title='La concentration en fait partie.'  height=\"549\" width=\"824\" srcset=\"https:\/\/polaris-stiftung.ch\/wp-content\/uploads\/Konzentration-geh-rt-dazu-.jpg 824w, https:\/\/polaris-stiftung.ch\/wp-content\/uploads\/Konzentration-geh-rt-dazu--300x200.jpg 300w, https:\/\/polaris-stiftung.ch\/wp-content\/uploads\/Konzentration-geh-rt-dazu--768x512.jpg 768w, https:\/\/polaris-stiftung.ch\/wp-content\/uploads\/Konzentration-geh-rt-dazu--705x470.jpg 705w\" sizes=\"(max-width: 824px) 100vw, 824px\" \/><\/div><\/div><\/div><\/div>\n<style type=\"text\/css\" data-created_by=\"avia_inline_auto\" id=\"style-css-av-2rnio6s-3b17d385211e22b492119f66cf2183ef\">\n.flex_column.av-2rnio6s-3b17d385211e22b492119f66cf2183ef{\nborder-radius:0px 0px 0px 0px;\npadding:45px 0px 0px 0px;\n}\n<\/style>\n<div  class='flex_column av-2rnio6s-3b17d385211e22b492119f66cf2183ef av_one_half  avia-builder-el-5  el_after_av_one_half  el_before_av_hr  flex_column_div av-animated-generic fade-in'     ><p>\n<style type=\"text\/css\" data-created_by=\"avia_inline_auto\" id=\"style-css-av-23kmpsw-bc1df531b62e1d9a679ba783c3efcbf0\">\n#top .av-special-heading.av-23kmpsw-bc1df531b62e1d9a679ba783c3efcbf0{\npadding-bottom:10px;\n}\nbody .av-special-heading.av-23kmpsw-bc1df531b62e1d9a679ba783c3efcbf0 .av-special-heading-tag .heading-char{\nfont-size:25px;\n}\n.av-special-heading.av-23kmpsw-bc1df531b62e1d9a679ba783c3efcbf0 .av-subheading{\nfont-size:15px;\n}\n<\/style>\n<div  class='av-special-heading av-23kmpsw-bc1df531b62e1d9a679ba783c3efcbf0 av-special-heading-h3  avia-builder-el-6  el_before_av_textblock  avia-builder-el-first'><h3 class='av-special-heading-tag'  >La fondation invite<\/h3><div class=\"special-heading-border\"><div class=\"special-heading-inner-border\"><\/div><\/div><\/div><br \/>\n<section  class='av_textblock_section av-jxviag1m-52de9e15d5ee347a5651f07e0892f268'  ><div class='avia_textblock' ><p>Ces s\u00e9ances d'information sont offertes par la Fondation de soutien polaris et sont donc accessibles aux \u00e9l\u00e8ves. <strong>gratuit<\/strong>.<\/p>\n<p>\"En forme pour l'apprentissage\" montre efficacement l'importance, outre de bonnes notes sur le bulletin scolaire, de la premi\u00e8re impression, de la candidature, de la pr\u00e9paration de l'entretien d'embauche ou du stage d'initiation. <em>Un compl\u00e9ment id\u00e9al \u00e0 la mati\u00e8re du choix professionnel en classe, car \"la goutte d'eau qui fait d\u00e9border le vase\".<\/em><\/p>\n<\/div><\/section><\/p><\/div><div  class='hr av-qd8xt5s-9a2ec8a1bc710c774342d5238045982e hr-default  avia-builder-el-8  el_after_av_one_half  el_before_av_heading'><span class='hr-inner'><span class=\"hr-inner-style\"><\/span><\/span><\/div>\n\n<style type=\"text\/css\" data-created_by=\"avia_inline_auto\" id=\"style-css-av-ljzgr2xl-4ce1dc9136054e74406a982a41224216\">\n#top .av-special-heading.av-ljzgr2xl-4ce1dc9136054e74406a982a41224216{\npadding-bottom:10px;\n}\nbody .av-special-heading.av-ljzgr2xl-4ce1dc9136054e74406a982a41224216 .av-special-heading-tag .heading-char{\nfont-size:25px;\n}\n.av-special-heading.av-ljzgr2xl-4ce1dc9136054e74406a982a41224216 .av-subheading{\nfont-size:15px;\n}\n<\/style>\n<div  class='av-special-heading av-ljzgr2xl-4ce1dc9136054e74406a982a41224216 av-special-heading-h3 blockquote modern-quote modern-centered  avia-builder-el-9  el_after_av_hr  el_before_av_one_full'><h3 class='av-special-heading-tag'  >\"En forme pour l'apprentissage\" - L'atelier gratuit pour r\u00e9ussir<\/h3><div class='av-subheading av-subheading_below'><p>sur le livre du m\u00eame nom avec Gregor Loser<\/p>\n<\/div><div class=\"special-heading-border\"><div class=\"special-heading-inner-border\"><\/div><\/div><\/div>\n<div  class='flex_column av-is8grk-ce4e51828d592436d4f1337dce36740b av_one_full  avia-builder-el-10  el_after_av_heading  el_before_av_hr  first flex_column_div'     ><p><section  class='av_textblock_section av-lxwzlabd-b34009745ee7f4090c5a3066e8cac9b1'  ><div class='avia_textblock' ><p><span style=\"font-size: 18px;\"><strong>Objectifs de l'atelier :\u00a0 <img loading=\"lazy\" decoding=\"async\" class=\"wp-image-17687 alignright\" src=\"https:\/\/polaris-stiftung.ch\/wp-content\/uploads\/Gluehbirne_cleanpng-300x262.png\" alt=\"\" width=\"210\" height=\"183\" srcset=\"https:\/\/polaris-stiftung.ch\/wp-content\/uploads\/Gluehbirne_cleanpng-300x262.png 300w, https:\/\/polaris-stiftung.ch\/wp-content\/uploads\/Gluehbirne_cleanpng-14x12.png 14w, https:\/\/polaris-stiftung.ch\/wp-content\/uploads\/Gluehbirne_cleanpng.png 688w\" sizes=\"auto, (max-width: 210px) 100vw, 210px\" \/><br \/>\n<\/strong><\/span><\/p>\n<ul>\n<li><strong>Premi\u00e8re impression<\/strong><br \/>\nL'importance de la premi\u00e8re impression lors d'une candidature et d'un entretien d'embauche.<\/li>\n<li><strong>Candidature et pr\u00e9paration<\/strong><br \/>\nConseils pour r\u00e9diger une candidature r\u00e9ussie et se pr\u00e9parer de mani\u00e8re optimale aux entretiens d'embauche et aux stages d'orientation.<\/li>\n<li><strong>Force mentale<\/strong><br \/>\nLe r\u00f4le de la pr\u00e9paration mentale et de l'attitude personnelle dans la r\u00e9ussite et la motivation.<\/li>\n<li><span style=\"font-size: 20px;\"><strong>Conclusion<\/strong><\/span><br \/>\nPr\u00e9parez vos \u00e9l\u00e8ves au monde du travail ! Notre programme enseigne de mani\u00e8re divertissante et efficace l'importance des soft skills en plus des bonnes notes sur le bulletin scolaire. Des th\u00e8mes tels que la pr\u00e9sentation, les comp\u00e9tences de candidature et la force mentale sont au centre de l'attention et sont d\u00e9cisifs pour le succ\u00e8s dans la recherche d'une place d'apprentissage.<\/li>\n<\/ul>\n<\/div><\/section><br \/>\n<div  class='hr av-v4348w-108a96ce4c7cc07a8b45a86e00144fb7 hr-default  avia-builder-el-12  el_after_av_textblock  el_before_av_textblock'><span class='hr-inner'><span class=\"hr-inner-style\"><\/span><\/span><\/div><br \/>\n<section  class='av_textblock_section av-lxwzoylg-381e6f1e3a4235c4cb07465f3bf438da'  ><div class='avia_textblock' ><p><span style=\"font-size: 18px;\"><strong>Vers le contenu :<\/strong><\/span><\/p>\n<ul>\n<li><strong>Dur\u00e9e : <\/strong>environ 3 heures<\/li>\n<li><strong>Format :<\/strong> Expos\u00e9 introductif avec s\u00e9quences interactives<\/li>\n<li><strong>Groupe cible :<\/strong> \u00c9l\u00e8ves de deuxi\u00e8me cycle<br \/>\n<br class=\"avia-permanent-lb\" \/><br class=\"avia-permanent-lb\" \/><strong>Description :<\/strong><br \/>\nDans l'atelier gratuit de pr\u00e8s de trois heures \"En forme pour l'apprentissage\", les \u00e9l\u00e8ves re\u00e7oivent de pr\u00e9cieux conseils et strat\u00e9gies pour la recherche d'une place d'apprentissage. L'atelier est divis\u00e9 en quatre parties th\u00e9matiques :<br \/>\n<strong>1. pr\u00e9paration mentale<\/strong><br \/>\nConseils et techniques pour se renforcer mentalement et se pr\u00e9parer au processus de candidature.<br \/>\n<strong>2. stage, candidature et entretien d'embauche<\/strong><br \/>\nConseils pratiques et exercices autour de la d\u00e9couverte, de la candidature et de l'entretien d'embauche.<br \/>\n<strong>3. les m\u00e9dias sociaux<\/strong><br \/>\nComment utiliser les m\u00e9dias sociaux de mani\u00e8re positive pour la recherche d'une place d'apprentissage et ce \u00e0 quoi il faut faire attention.<br \/>\n<strong>4. motivation, joie, bonne humeur : oui, volontiers !<\/strong><br \/>\nStrat\u00e9gies pour augmenter la motivation et l'attitude positive dans le processus de candidature.<\/li>\n<\/ul>\n<\/div><\/section><\/p><\/div><div  class='hr av-sly39c-f128c5dd053dc576ce920c23301ae663 hr-default  avia-builder-el-14  el_after_av_one_full  el_before_av_heading'><span class='hr-inner'><span class=\"hr-inner-style\"><\/span><\/span><\/div>\n\n<style type=\"text\/css\" data-created_by=\"avia_inline_auto\" id=\"style-css-av-ljzg7ae7-aa1664aae00ae7fea1b03d41476e73e3\">\n#top .av-special-heading.av-ljzg7ae7-aa1664aae00ae7fea1b03d41476e73e3{\npadding-bottom:10px;\n}\nbody .av-special-heading.av-ljzg7ae7-aa1664aae00ae7fea1b03d41476e73e3 .av-special-heading-tag .heading-char{\nfont-size:25px;\n}\n.av-special-heading.av-ljzg7ae7-aa1664aae00ae7fea1b03d41476e73e3 .av-subheading{\nfont-size:15px;\n}\n<\/style>\n<div  class='av-special-heading av-ljzg7ae7-aa1664aae00ae7fea1b03d41476e73e3 av-special-heading-h3 blockquote modern-quote modern-centered  avia-builder-el-15  el_after_av_hr  el_before_av_table'><h3 class='av-special-heading-tag'  >Dates et lieux<\/h3><div class=\"special-heading-border\"><div class=\"special-heading-inner-border\"><\/div><\/div><\/div>\n<div class='avia-data-table-wrap av-q03m78g-4b40971fa743a89644ae05dc045538c0 avia_scrollable_table avia-table-1'><table  class='avia-table avia-data-table avia_pricing_default  avia-builder-el-16  el_after_av_heading  el_before_av_heading' ><tbody><tr class='avia-heading-row'><th class=''>Date<\/th><th class=''>Lieu<\/th><th class=''>temps :<\/th><th class=''>Date limite d'inscription :<\/th><\/tr><tr class=''><td class=''>Septembre 2025 (date exacte \u00e0 d\u00e9terminer)<\/td><td class=''>\u00e0 la Foire de Lucerne, Lucerne<\/td><td class=''>13h30 - 16h30<\/td><td class=''>30 ao\u00fbt 2025<\/td><\/tr><tr class=''><td class=''>Septembre 2025 (date exacte \u00e0 d\u00e9terminer)<\/td><td class=''>\u00e0 la Foire de Lucerne, Lucerne<\/td><td class=''>13h30 - 16h30<\/td><td class=''>30 ao\u00fbt 2025<\/td><\/tr><tr class=''><td class=''>Septembre 2025 (date exacte \u00e0 d\u00e9terminer)<\/td><td class=''>Tower City West Restaurant et s\u00e9minaires, Coire<\/td><td class=''>13h30 - 16h30<\/td><td class=''>30 ao\u00fbt 2025<\/td><\/tr><\/tbody><\/table><\/div>\n\n<style type=\"text\/css\" data-created_by=\"avia_inline_auto\" id=\"style-css-av-lxymn4gq-969b7da7589568bd3c275f7e0ec37f5b\">\n#top .av-special-heading.av-lxymn4gq-969b7da7589568bd3c275f7e0ec37f5b{\npadding-bottom:10px;\n}\nbody .av-special-heading.av-lxymn4gq-969b7da7589568bd3c275f7e0ec37f5b .av-special-heading-tag .heading-char{\nfont-size:25px;\n}\n.av-special-heading.av-lxymn4gq-969b7da7589568bd3c275f7e0ec37f5b .av-subheading{\nfont-size:15px;\n}\n<\/style>\n<div  class='av-special-heading av-lxymn4gq-969b7da7589568bd3c275f7e0ec37f5b av-special-heading-h3 blockquote modern-quote modern-centered  avia-builder-el-17  el_after_av_table  avia-builder-el-last  av-linked-heading'><h3 class='av-special-heading-tag'  ><a class=\"av-heading-link\" href=\"mailto:info@polaris-stiftung.ch\" target=\"_blank\"  rel=\"noopener noreferrer\" >Veuillez envoyer vos inscriptions par e-mail \u00e0 info@polaris-stiftung.ch.<\/a><\/h3><div class='av-subheading av-subheading_below'><p>Les enseignants sont pri\u00e9s de joindre une liste de classe avec le sexe, le pr\u00e9nom et le nom des \u00e9l\u00e8ves. Ils peuvent \u00e9galement indiquer les accompagnateurs. Merci beaucoup.<\/p>\n<\/div><div class=\"special-heading-border\"><div class=\"special-heading-inner-border\"><\/div><\/div><\/div>\n\n<style type=\"text\/css\" data-created_by=\"avia_inline_auto\" id=\"style-css-av-kwulk5de-e81a9256ba951dfa8577968ef01d6b76\">\n#top .av-masonry.av-kwulk5de-e81a9256ba951dfa8577968ef01d6b76{\nbackground-color:#ffffff;\n}\n<\/style>\n<div id='av-masonry-1' class='av-masonry av-kwulk5de-e81a9256ba951dfa8577968ef01d6b76 noHover av-fixed-size av-large-gap av-hover-overlay- av-masonry-animation-active av-masonry-col-3 av-caption-always av-caption-style- av-masonry-gallery av-orientation-landscape-large' data-post_id=\"15392\"><div class=\"av-masonry-container isotope av-js-disabled\"><div class='av-masonry-entry isotope-item av-masonry-item-no-image'><\/div><a href=\"https:\/\/polaris-stiftung.ch\/wp-content\/uploads\/Fit-fuer-die-Lehre.jpg\" data-srcset=\"https:\/\/polaris-stiftung.ch\/wp-content\/uploads\/Fit-fuer-die-Lehre.jpg 512w, https:\/\/polaris-stiftung.ch\/wp-content\/uploads\/Fit-fuer-die-Lehre-300x225.jpg 300w, https:\/\/polaris-stiftung.ch\/wp-content\/uploads\/Fit-fuer-die-Lehre-16x12.jpg 16w\" data-sizes=\"(max-width: 512px) 100vw, 512px\"  aria-label=\"image En forme pour l&#039;apprentissage\"  id='av-masonry-1-item-17993' data-av-masonry-item='17993' class='av-masonry-entry isotope-item post-17993 attachment type-attachment status-inherit hentry  av-masonry-item-with-image' title=\"En forme pour l&#039;apprentissage\" alt=\"\"   ><div class='av-inner-masonry-sizer'><\/div><figure class='av-inner-masonry main_color'><div class=\"av-masonry-outerimage-container\"><div class='av-masonry-image-container' style=\"background-image: url(https:\/\/polaris-stiftung.ch\/wp-content\/uploads\/Fit-fuer-die-Lehre.jpg);\"  title=\"En forme pour l&#039;apprentissage\" ><\/div><\/div><\/figure><\/a><!--end av-masonry entry--><a href=\"https:\/\/polaris-stiftung.ch\/wp-content\/uploads\/IMG_4573-1030x687.jpg\" data-srcset=\"https:\/\/polaris-stiftung.ch\/wp-content\/uploads\/IMG_4573-1030x687.jpg 1030w, https:\/\/polaris-stiftung.ch\/wp-content\/uploads\/IMG_4573-300x200.jpg 300w, https:\/\/polaris-stiftung.ch\/wp-content\/uploads\/IMG_4573-768x512.jpg 768w, https:\/\/polaris-stiftung.ch\/wp-content\/uploads\/IMG_4573-1536x1025.jpg 1536w, https:\/\/polaris-stiftung.ch\/wp-content\/uploads\/IMG_4573-2048x1367.jpg 2048w, https:\/\/polaris-stiftung.ch\/wp-content\/uploads\/IMG_4573-1500x1001.jpg 1500w, https:\/\/polaris-stiftung.ch\/wp-content\/uploads\/IMG_4573-705x470.jpg 705w\" data-sizes=\"(max-width: 1030px) 100vw, 1030px\"  aria-label=\"image IMG_4573\"  id='av-masonry-1-item-15549' data-av-masonry-item='15549' class='av-masonry-entry isotope-item post-15549 attachment type-attachment status-inherit hentry  av-masonry-item-with-image' title=\"IMG_4573\" alt=\"\"   ><div class='av-inner-masonry-sizer'><\/div><figure class='av-inner-masonry main_color'><div class=\"av-masonry-outerimage-container\"><div class='av-masonry-image-container' style=\"background-image: url(https:\/\/polaris-stiftung.ch\/wp-content\/uploads\/IMG_4573-705x470.jpg);\"  title=\"IMG_4573\" ><\/div><\/div><\/figure><\/a><!--end av-masonry entry--><a href=\"https:\/\/polaris-stiftung.ch\/wp-content\/uploads\/Fit-fuer-die-Lehre1.jpg\" data-srcset=\"https:\/\/polaris-stiftung.ch\/wp-content\/uploads\/Fit-fuer-die-Lehre1.jpg 512w, https:\/\/polaris-stiftung.ch\/wp-content\/uploads\/Fit-fuer-die-Lehre1-300x225.jpg 300w, https:\/\/polaris-stiftung.ch\/wp-content\/uploads\/Fit-fuer-die-Lehre1-16x12.jpg 16w\" data-sizes=\"(max-width: 512px) 100vw, 512px\"  aria-label=\"image En forme pour l&#039;apprentissage1\"  id='av-masonry-1-item-17994' data-av-masonry-item='17994' class='av-masonry-entry isotope-item post-17994 attachment type-attachment status-inherit hentry  av-masonry-item-with-image' title=\"En forme pour l&#039;apprentissage1\" alt=\"\"   ><div class='av-inner-masonry-sizer'><\/div><figure class='av-inner-masonry main_color'><div class=\"av-masonry-outerimage-container\"><div class='av-masonry-image-container' style=\"background-image: url(https:\/\/polaris-stiftung.ch\/wp-content\/uploads\/Fit-fuer-die-Lehre1.jpg);\"  title=\"En forme pour l&#039;apprentissage1\" ><\/div><\/div><\/figure><\/a><!--end av-masonry entry--><a href=\"https:\/\/polaris-stiftung.ch\/wp-content\/uploads\/Fit-fuer-die-Lehre3.jpg\" data-srcset=\"https:\/\/polaris-stiftung.ch\/wp-content\/uploads\/Fit-fuer-die-Lehre3.jpg 1008w, https:\/\/polaris-stiftung.ch\/wp-content\/uploads\/Fit-fuer-die-Lehre3-300x225.jpg 300w, https:\/\/polaris-stiftung.ch\/wp-content\/uploads\/Fit-fuer-die-Lehre3-768x576.jpg 768w, https:\/\/polaris-stiftung.ch\/wp-content\/uploads\/Fit-fuer-die-Lehre3-16x12.jpg 16w, https:\/\/polaris-stiftung.ch\/wp-content\/uploads\/Fit-fuer-die-Lehre3-705x529.jpg 705w\" data-sizes=\"(max-width: 1008px) 100vw, 1008px\"  aria-label=\"image En forme pour l&#039;apprentissage3\"  id='av-masonry-1-item-17996' data-av-masonry-item='17996' class='av-masonry-entry isotope-item post-17996 attachment type-attachment status-inherit hentry  av-masonry-item-with-image' title=\"En forme pour l&#039;apprentissage3\" alt=\"\"   ><div class='av-inner-masonry-sizer'><\/div><figure class='av-inner-masonry main_color'><div class=\"av-masonry-outerimage-container\"><div class='av-masonry-image-container' style=\"background-image: url(https:\/\/polaris-stiftung.ch\/wp-content\/uploads\/Fit-fuer-die-Lehre3-705x529.jpg);\"  title=\"En forme pour l&#039;apprentissage3\" ><\/div><\/div><\/figure><\/a><!--end av-masonry entry--><a href=\"https:\/\/polaris-stiftung.ch\/wp-content\/uploads\/Fit-fuer-die-Lehre2.jpg\" data-srcset=\"https:\/\/polaris-stiftung.ch\/wp-content\/uploads\/Fit-fuer-die-Lehre2.jpg 512w, https:\/\/polaris-stiftung.ch\/wp-content\/uploads\/Fit-fuer-die-Lehre2-300x225.jpg 300w, https:\/\/polaris-stiftung.ch\/wp-content\/uploads\/Fit-fuer-die-Lehre2-16x12.jpg 16w\" data-sizes=\"(max-width: 512px) 100vw, 512px\"  aria-label=\"image En forme pour l&#039;apprentissage2\"  id='av-masonry-1-item-17995' data-av-masonry-item='17995' class='av-masonry-entry isotope-item post-17995 attachment type-attachment status-inherit hentry  av-masonry-item-with-image' title=\"En forme pour l&#039;apprentissage2\" alt=\"\"   ><div class='av-inner-masonry-sizer'><\/div><figure class='av-inner-masonry main_color'><div class=\"av-masonry-outerimage-container\"><div class='av-masonry-image-container' style=\"background-image: url(https:\/\/polaris-stiftung.ch\/wp-content\/uploads\/Fit-fuer-die-Lehre2.jpg);\"  title=\"En forme pour l&#039;apprentissage2\" ><\/div><\/div><\/figure><\/a><!--end av-masonry entry--><a href=\"https:\/\/polaris-stiftung.ch\/wp-content\/uploads\/Fit-fuer-die-Lehre7.jpg\" data-srcset=\"https:\/\/polaris-stiftung.ch\/wp-content\/uploads\/Fit-fuer-die-Lehre7.jpg 384w, https:\/\/polaris-stiftung.ch\/wp-content\/uploads\/Fit-fuer-die-Lehre7-225x300.jpg 225w, https:\/\/polaris-stiftung.ch\/wp-content\/uploads\/Fit-fuer-die-Lehre7-9x12.jpg 9w\" data-sizes=\"(max-width: 384px) 100vw, 384px\"  aria-label=\"image En forme pour l&#039;apprentissage7\"  id='av-masonry-1-item-18000' data-av-masonry-item='18000' class='av-masonry-entry isotope-item post-18000 attachment type-attachment status-inherit hentry  av-masonry-item-with-image' title=\"En forme pour l&#039;apprentissage7\" alt=\"\"   ><div class='av-inner-masonry-sizer'><\/div><figure class='av-inner-masonry main_color'><div class=\"av-masonry-outerimage-container\"><div class='av-masonry-image-container' style=\"background-image: url(https:\/\/polaris-stiftung.ch\/wp-content\/uploads\/Fit-fuer-die-Lehre7.jpg);\"  title=\"En forme pour l&#039;apprentissage7\" ><\/div><\/div><\/figure><\/a><!--end av-masonry entry--><\/div><\/div><\/p>","protected":false},"excerpt":{"rendered":"","protected":false},"author":1,"featured_media":0,"parent":15371,"menu_order":2,"comment_status":"closed","ping_status":"closed","template":"","meta":{"_seopress_robots_primary_cat":"","_seopress_titles_title":"Veranstaltungen Fit f\u00fcr die Lehre | F\u00f6rderstiftung polaris","_seopress_titles_desc":"Die Info-Veranstaltungen \"Fit f\u00fcr die Lehre\" werden von der F\u00f6rderstiftung polaris offeriert und sind somit f\u00fcr die Sch\u00fclerinnen und Sch\u00fcler kostenlos.","_seopress_robots_index":"","footnotes":""},"folder":[],"class_list":["post-15392","page","type-page","status-publish","hentry"],"_links":{"self":[{"href":"https:\/\/polaris-stiftung.ch\/fr\/wp-json\/wp\/v2\/pages\/15392","targetHints":{"allow":["GET"]}}],"collection":[{"href":"https:\/\/polaris-stiftung.ch\/fr\/wp-json\/wp\/v2\/pages"}],"about":[{"href":"https:\/\/polaris-stiftung.ch\/fr\/wp-json\/wp\/v2\/types\/page"}],"author":[{"embeddable":true,"href":"https:\/\/polaris-stiftung.ch\/fr\/wp-json\/wp\/v2\/users\/1"}],"replies":[{"embeddable":true,"href":"https:\/\/polaris-stiftung.ch\/fr\/wp-json\/wp\/v2\/comments?post=15392"}],"version-history":[{"count":10,"href":"https:\/\/polaris-stiftung.ch\/fr\/wp-json\/wp\/v2\/pages\/15392\/revisions"}],"predecessor-version":[{"id":18005,"href":"https:\/\/polaris-stiftung.ch\/fr\/wp-json\/wp\/v2\/pages\/15392\/revisions\/18005"}],"up":[{"embeddable":true,"href":"https:\/\/polaris-stiftung.ch\/fr\/wp-json\/wp\/v2\/pages\/15371"}],"wp:attachment":[{"href":"https:\/\/polaris-stiftung.ch\/fr\/wp-json\/wp\/v2\/media?parent=15392"}],"wp:term":[{"taxonomy":"folder","embeddable":true,"href":"https:\/\/polaris-stiftung.ch\/fr\/wp-json\/wp\/v2\/folder?post=15392"}],"curies":[{"name":"wp","href":"https:\/\/api.w.org\/{rel}","templated":true}]}}