{"id":15390,"date":"2021-11-29T12:53:43","date_gmt":"2021-11-29T11:53:43","guid":{"rendered":"https:\/\/polaris.aretis-staging.ch\/?page_id=15390"},"modified":"2024-06-28T14:07:36","modified_gmt":"2024-06-28T12:07:36","slug":"informations","status":"publish","type":"page","link":"https:\/\/polaris-stiftung.ch\/fr\/en-forme-pour-lapprentissage\/informations\/","title":{"rendered":"Informations"},"content":{"rendered":"<div id='layer_slider_1'  class='avia-layerslider main_color avia-shadow  avia-builder-el-0  el_before_av_section  avia-builder-el-first  container_wrap fullsize'  style='height: 701px;'  ><\/div>\n\n<style type=\"text\/css\" data-created_by=\"avia_inline_auto\" id=\"style-css-av-30xqkc4-5c780fe916bfb326199fef6055caa405\">\n.avia-section.av-30xqkc4-5c780fe916bfb326199fef6055caa405{\nbackground-color:#f4f4f4;\nbackground-image:unset;\n}\n<\/style>\n<div id='av_section_1'  class='avia-section av-30xqkc4-5c780fe916bfb326199fef6055caa405 alternate_color avia-section-huge avia-shadow  avia-builder-el-1  el_after_av_layerslider  el_before_av_section  avia-bg-style-scroll container_wrap fullsize'  ><div class='container av-section-cont-open' ><div class='template-page content  av-content-full alpha units'><div class='post-entry post-entry-type-page post-entry-15390'><div class='entry-content-wrapper clearfix'>\n\n<style type=\"text\/css\" data-created_by=\"avia_inline_auto\" id=\"style-css-av-ivkhr2-2af17d7d9acc7a3e5850b52f584e01a4\">\n#top .av-special-heading.av-ivkhr2-2af17d7d9acc7a3e5850b52f584e01a4{\npadding-bottom:30px;\n}\nbody .av-special-heading.av-ivkhr2-2af17d7d9acc7a3e5850b52f584e01a4 .av-special-heading-tag .heading-char{\nfont-size:25px;\n}\n.av-special-heading.av-ivkhr2-2af17d7d9acc7a3e5850b52f584e01a4 .av-subheading{\nfont-size:30px;\n}\n<\/style>\n<div  class='av-special-heading av-ivkhr2-2af17d7d9acc7a3e5850b52f584e01a4 av-special-heading-h1 blockquote modern-quote modern-centered  avia-builder-el-2  el_before_av_hr  avia-builder-el-first  av-linked-heading'><h1 class='av-special-heading-tag'  >En forme pour l'apprentissage<\/h1><div class='av-subheading av-subheading_below'><p>L'embarras du choix<\/p>\n<\/div><div class=\"special-heading-border\"><div class=\"special-heading-inner-border\"><\/div><\/div><\/div>\n\n<style type=\"text\/css\" data-created_by=\"avia_inline_auto\" id=\"style-css-av-wmo4xo-e72941015c359dbc7803628033a45693\">\n#top .hr.av-wmo4xo-e72941015c359dbc7803628033a45693{\nmargin-top:5px;\nmargin-bottom:40px;\n}\n.hr.av-wmo4xo-e72941015c359dbc7803628033a45693 .hr-inner{\nwidth:150px;\nborder-color:#0088bc;\n}\n<\/style>\n<div  class='hr av-wmo4xo-e72941015c359dbc7803628033a45693 hr-custom  avia-builder-el-3  el_after_av_heading  el_before_av_one_half  trennlinie_punkt hr-center hr-icon-no'><span class='hr-inner inner-border-av-border-fat'><span class=\"hr-inner-style\"><\/span><\/span><\/div>\n\n<style type=\"text\/css\" data-created_by=\"avia_inline_auto\" id=\"style-css-av-2vsv1kk-cfd0ff8347ba6b4f5ec5ec141c23abe2\">\n.flex_column.av-2vsv1kk-cfd0ff8347ba6b4f5ec5ec141c23abe2{\nborder-radius:0px 0px 0px 0px;\npadding:45px 0px 0px 0px;\n}\n<\/style>\n<div  class='flex_column av-2vsv1kk-cfd0ff8347ba6b4f5ec5ec141c23abe2 av_one_half  avia-builder-el-4  el_after_av_hr  el_before_av_one_half  first flex_column_div av-animated-generic left-to-right'     ><style type=\"text\/css\" data-created_by=\"avia_inline_auto\" id=\"style-css-av-a3u2o4-2ef1ad454163dc228189bdeba419125b\">\n.avia-image-container.av-a3u2o4-2ef1ad454163dc228189bdeba419125b img.avia_image{\nbox-shadow:none;\n}\n.avia-image-container.av-a3u2o4-2ef1ad454163dc228189bdeba419125b .av-image-caption-overlay-center{\ncolor:#ffffff;\n}\n<\/style>\n<div  class='avia-image-container av-a3u2o4-2ef1ad454163dc228189bdeba419125b av-styling- avia_animated_image av-animated-when-visible-95 left-to-right avia-align-center  avia-builder-el-5  avia-builder-el-no-sibling'  ><div class=\"avia-image-container-inner\"><div class=\"avia-image-overlay-wrap\"><img decoding=\"async\" fetchpriority=\"high\" class='wp-image-15374 avia-img-lazy-loading-not-15374 avia_image' src=\"https:\/\/polaris-stiftung.ch\/wp-content\/uploads\/Fit_fuer_die_Lehre2.jpg\" alt='' title='En forme pour l&#039;apprentissage - \u00e9v\u00e9nement \u00e0 Lucerne'  height=\"465\" width=\"701\" srcset=\"https:\/\/polaris-stiftung.ch\/wp-content\/uploads\/Fit_fuer_die_Lehre2.jpg 701w, https:\/\/polaris-stiftung.ch\/wp-content\/uploads\/Fit_fuer_die_Lehre2-300x199.jpg 300w\" sizes=\"(max-width: 701px) 100vw, 701px\" \/><\/div><\/div><\/div><\/div>\n<style type=\"text\/css\" data-created_by=\"avia_inline_auto\" id=\"style-css-av-2rnio6s-3b17d385211e22b492119f66cf2183ef\">\n.flex_column.av-2rnio6s-3b17d385211e22b492119f66cf2183ef{\nborder-radius:0px 0px 0px 0px;\npadding:45px 0px 0px 0px;\n}\n<\/style>\n<div  class='flex_column av-2rnio6s-3b17d385211e22b492119f66cf2183ef av_one_half  avia-builder-el-6  el_after_av_one_half  el_before_av_hr  flex_column_div av-animated-generic fade-in'     ><p>\n<style type=\"text\/css\" data-created_by=\"avia_inline_auto\" id=\"style-css-av-l1nefzxj-97d7ff2c6a2785ce3e3e2bc34e469178\">\n#top .av-special-heading.av-l1nefzxj-97d7ff2c6a2785ce3e3e2bc34e469178{\npadding-bottom:10px;\n}\nbody .av-special-heading.av-l1nefzxj-97d7ff2c6a2785ce3e3e2bc34e469178 .av-special-heading-tag .heading-char{\nfont-size:25px;\n}\n.av-special-heading.av-l1nefzxj-97d7ff2c6a2785ce3e3e2bc34e469178 .av-subheading{\nfont-size:15px;\n}\n<\/style>\n<div  class='av-special-heading av-l1nefzxj-97d7ff2c6a2785ce3e3e2bc34e469178 av-special-heading-h3 blockquote modern-quote  avia-builder-el-7  el_before_av_textblock  avia-builder-el-first  av-linked-heading'><h3 class='av-special-heading-tag'  >Apr\u00e8s-midi d'information pour les \u00e9l\u00e8ves en cours d'orientation professionnelle<\/h3><div class=\"special-heading-border\"><div class=\"special-heading-inner-border\"><\/div><\/div><\/div><br \/>\n<section  class='av_textblock_section av-2oq3ntg-3fca2fd86497d352809e17b231df04b9'  ><div class='avia_textblock' ><p><span class='av_dropcap1 av-av_dropcap1-3cd9da5fea0ef5fb27aee617571c39a3'>G<\/span>regor Loser, auteur du livre \u00e9ponyme \"Fit f\u00fcr die Lehre\" et conf\u00e9rencier de cet \u00e9v\u00e9nement, montre aux jeunes de mani\u00e8re tr\u00e8s adapt\u00e9e l'importance d'une bonne mise en condition et d'une bonne pr\u00e9paration sur le chemin de la place d'apprentissage (de r\u00eave), comment se pr\u00e9sente id\u00e9alement un dossier de candidature et ce que cela signifie de se pr\u00e9parer de mani\u00e8re optimale \u00e0 un entretien d'embauche.<\/p>\n<blockquote>\n<p>\"La motivation et la bonne humeur commencent par moi\" - un message clairement pr\u00e9sent\u00e9 aux jeunes et d'une grande importance pour une recherche d'emploi r\u00e9ussie.<\/p>\n<\/blockquote>\n<\/div><\/section><br \/>\n\n<style type=\"text\/css\" data-created_by=\"avia_inline_auto\" id=\"style-css-av-kwkiqwmh-718ca2de9a458ec950173cbe75c53c81\">\n#top .hr.hr-invisible.av-kwkiqwmh-718ca2de9a458ec950173cbe75c53c81{\nheight:15px;\n}\n<\/style>\n<div  class='hr av-kwkiqwmh-718ca2de9a458ec950173cbe75c53c81 hr-invisible  avia-builder-el-9  el_after_av_textblock  el_before_av_button'><span class='hr-inner'><span class=\"hr-inner-style\"><\/span><\/span><\/div><br \/>\n<div  class='avia-button-wrap av-kt91gecb-5288f886da3397257c0ef4523427efa1-wrap avia-button-left  avia-builder-el-10  el_after_av_hr  avia-builder-el-last'><a href='https:\/\/polaris-stiftung.ch\/fr\/en-forme-pour-lapprentissage\/evenements-2\/'  class='avia-button av-kt91gecb-5288f886da3397257c0ef4523427efa1 av-link-btn avia-icon_select-yes-right-icon avia-size-large avia-position-left avia-color-theme-color'   aria-label=\"\u00c9v\u00e9nements\"><span class='avia_iconbox_title' >\u00c9v\u00e9nements<\/span><span class='avia_button_icon avia_button_icon_right avia-iconfont avia-font-entypo-fontello' data-av_icon='\ue875' data-av_iconfont='entypo-fontello' ><\/span><\/a><\/div><\/p><\/div><div  class='hr av-vtv6qm-7eb3a2a5f16129c86f67bbfd2c394e82 hr-default  avia-builder-el-11  el_after_av_one_half  el_before_av_heading'><span class='hr-inner'><span class=\"hr-inner-style\"><\/span><\/span><\/div>\n\n<style type=\"text\/css\" data-created_by=\"avia_inline_auto\" id=\"style-css-av-ljzn7two-4986384457d0a95d32c7583187164062\">\n#top .av-special-heading.av-ljzn7two-4986384457d0a95d32c7583187164062{\npadding-bottom:10px;\n}\nbody .av-special-heading.av-ljzn7two-4986384457d0a95d32c7583187164062 .av-special-heading-tag .heading-char{\nfont-size:25px;\n}\n.av-special-heading.av-ljzn7two-4986384457d0a95d32c7583187164062 .av-subheading{\nfont-size:15px;\n}\n<\/style>\n<div  class='av-special-heading av-ljzn7two-4986384457d0a95d32c7583187164062 av-special-heading-h3 blockquote elegant-quote elegant-centered  avia-builder-el-12  el_after_av_hr  el_before_av_hr'><h3 class='av-special-heading-tag'  ><span class=\"heading-wrap\">La vid\u00e9o suivante donne un petit aper\u00e7u du contenu de l'apr\u00e8s-midi d'information et montre l'objectif de la fondation. Les \u00e9l\u00e8ves re\u00e7oivent de pr\u00e9cieux conseils et strat\u00e9gies pour la recherche d'une place d'apprentissage.<\/span><\/h3><div class=\"special-heading-border\"><div class=\"special-heading-inner-border\"><\/div><\/div><\/div>\n<div  class='hr av-av_hr-91d7ccd583a503147498e120fee2ff9b hr-default  avia-builder-el-13  el_after_av_heading  el_before_av_video'><span class='hr-inner'><span class=\"hr-inner-style\"><\/span><\/span><\/div>\n<div  class='avia-video av-lxyn6huw-28735bd4ffe3d27aaf34e0fb9d5a4638 avia-video-16-9 av-no-preview-image avia-video-load-always av-lazyload-immediate av-lazyload-video-embed'  data-original_url='https:\/\/youtu.be\/6aDWKwYLLnk'><script type='text\/html' class='av-video-tmpl'><div class='avia-iframe-wrap'><iframe loading=\"lazy\" title=\"Fit f\u00fcr die Lehre - Warum, weshalb und was kann ich vom Besuch erwarten\" width=\"1500\" height=\"844\" src=\"https:\/\/www.youtube.com\/embed\/6aDWKwYLLnk?feature=oembed&autoplay=0&loop=0&controls=1&mute=0\" frameborder=\"0\" allow=\"accelerometer; autoplay; clipboard-write; encrypted-media; gyroscope; picture-in-picture; web-share\" referrerpolicy=\"strict-origin-when-cross-origin\" allowfullscreen><\/iframe><\/div><\/script><div class='av-click-to-play-overlay'><div class=\"avia_playpause_icon\"><\/div><\/div><\/div>\n<div  class='hr av-oeheym-6c636908bea07fc9681745f50569f351 hr-default  avia-builder-el-15  el_after_av_video  avia-builder-el-last'><span class='hr-inner'><span class=\"hr-inner-style\"><\/span><\/span><\/div>\n<\/div><\/div><\/div><!-- close content main div --><\/div><\/div><div id='av_section_2'  class='avia-section av-kwkizolq-57ec4420def5232927322506671c6d8f main_color avia-section-default avia-no-border-styling  avia-builder-el-16  el_after_av_section  el_before_av_section  avia-bg-style-scroll container_wrap fullsize'  ><div class='container av-section-cont-open' ><div class='template-page content  av-content-full alpha units'><div class='post-entry post-entry-type-page post-entry-15390'><div class='entry-content-wrapper clearfix'>\n\n<style type=\"text\/css\" data-created_by=\"avia_inline_auto\" id=\"style-css-av-18gm2kr-937fb65f67125ded22080332cd00d492\">\n.flex_column.av-18gm2kr-937fb65f67125ded22080332cd00d492{\nborder-radius:0px 0px 0px 0px;\npadding:0px 0px 0px 0px;\n}\n<\/style>\n<div  class='flex_column av-18gm2kr-937fb65f67125ded22080332cd00d492 av_one_third  avia-builder-el-17  el_before_av_two_third  avia-builder-el-first  first flex_column_div av-animated-generic left-to-right av-zero-column-padding'     ><style type=\"text\/css\" data-created_by=\"avia_inline_auto\" id=\"style-css-av-kwkj5lo5-3fb4a362fe7214deb96afbe94fb2d821\">\n.avia-image-container.av-kwkj5lo5-3fb4a362fe7214deb96afbe94fb2d821 img.avia_image{\nbox-shadow:none;\n}\n.avia-image-container.av-kwkj5lo5-3fb4a362fe7214deb96afbe94fb2d821 .av-image-caption-overlay-center{\ncolor:#ffffff;\n}\n<\/style>\n<div  class='avia-image-container av-kwkj5lo5-3fb4a362fe7214deb96afbe94fb2d821 av-styling- avia-align-center  avia-builder-el-18  avia-builder-el-no-sibling'  ><div class=\"avia-image-container-inner\"><div class=\"avia-image-overlay-wrap\"><img decoding=\"async\" fetchpriority=\"high\" class='wp-image-15387 avia-img-lazy-loading-not-15387 avia_image' src=\"https:\/\/polaris-stiftung.ch\/wp-content\/uploads\/buch.png\" alt='' title=''  height=\"1000\" width=\"1000\" srcset=\"https:\/\/polaris-stiftung.ch\/wp-content\/uploads\/buch.png 1000w, https:\/\/polaris-stiftung.ch\/wp-content\/uploads\/buch-300x300.png 300w, https:\/\/polaris-stiftung.ch\/wp-content\/uploads\/buch-80x80.png 80w, https:\/\/polaris-stiftung.ch\/wp-content\/uploads\/buch-768x768.png 768w, https:\/\/polaris-stiftung.ch\/wp-content\/uploads\/buch-36x36.png 36w, https:\/\/polaris-stiftung.ch\/wp-content\/uploads\/buch-180x180.png 180w, https:\/\/polaris-stiftung.ch\/wp-content\/uploads\/buch-705x705.png 705w\" sizes=\"(max-width: 1000px) 100vw, 1000px\" \/><\/div><\/div><\/div><\/div>\n<style type=\"text\/css\" data-created_by=\"avia_inline_auto\" id=\"style-css-av-ogiaej-c0b52a06e95e754750ee78e16968eb60\">\n.flex_column.av-ogiaej-c0b52a06e95e754750ee78e16968eb60{\nborder-radius:0px 0px 0px 0px;\npadding:0px 0px 0px 0px;\n}\n<\/style>\n<div  class='flex_column av-ogiaej-c0b52a06e95e754750ee78e16968eb60 av_two_third  avia-builder-el-19  el_after_av_one_third  avia-builder-el-last  flex_column_div av-zero-column-padding'     ><p>\n<style type=\"text\/css\" data-created_by=\"avia_inline_auto\" id=\"style-css-av-zznuji-4736ae9996e0ab50c7169b3f1198b3e8\">\n#top .av-special-heading.av-zznuji-4736ae9996e0ab50c7169b3f1198b3e8{\npadding-bottom:10px;\n}\nbody .av-special-heading.av-zznuji-4736ae9996e0ab50c7169b3f1198b3e8 .av-special-heading-tag .heading-char{\nfont-size:25px;\n}\n.av-special-heading.av-zznuji-4736ae9996e0ab50c7169b3f1198b3e8 .av-subheading{\nfont-size:15px;\n}\n<\/style>\n<div  class='av-special-heading av-zznuji-4736ae9996e0ab50c7169b3f1198b3e8 av-special-heading-h3  avia-builder-el-20  el_before_av_textblock  avia-builder-el-first  av-linked-heading'><h3 class='av-special-heading-tag'  >Livre conseill\u00e9<\/h3><div class=\"special-heading-border\"><div class=\"special-heading-inner-border\"><\/div><\/div><\/div><br \/>\n<section  class='av_textblock_section av-2oq3ntg-4-d5e68145222070267d18270ba167e656'  ><div class='avia_textblock' ><p><span class='av_dropcap1 av-av_dropcap1-3cd9da5fea0ef5fb27aee617571c39a3'>L<\/span>e livre \"En forme pour l'apprentissage\" peut \u00eatre achet\u00e9 chez Swissavant - Association \u00e9conomique Artisanat et M\u00e9nage. Le livre sur l'atelier de r\u00e9ussite de et avec Gregor Loser convient parfaitement comme lecture de classe dans le cadre du choix professionnel.<\/p>\n<p>Mais les entreprises formatrices le remettent aussi souvent aux \u00e9l\u00e8ves pendant le stage d'orientation, afin de leur montrer que la pr\u00e9sentation, la capacit\u00e9 \u00e0 communiquer ou l'attitude positive et l'amabilit\u00e9 sont justement des \u00e9l\u00e9ments essentiels pour un apprentissage r\u00e9ussi.<\/p>\n<\/div><\/section><br \/>\n\n<style type=\"text\/css\" data-created_by=\"avia_inline_auto\" id=\"style-css-av-kwkiqwmh-6-c09bd71ab954c3b3d9d39917605ff260\">\n#top .hr.hr-invisible.av-kwkiqwmh-6-c09bd71ab954c3b3d9d39917605ff260{\nheight:15px;\n}\n<\/style>\n<div  class='hr av-kwkiqwmh-6-c09bd71ab954c3b3d9d39917605ff260 hr-invisible  avia-builder-el-22  el_after_av_textblock  el_before_av_button'><span class='hr-inner'><span class=\"hr-inner-style\"><\/span><\/span><\/div><br \/>\n<div  class='avia-button-wrap av-kt91gecb-5-9a8cfd73deb6593b015e7b832e07af85-wrap avia-button-left  avia-builder-el-23  el_after_av_hr  avia-builder-el-last'><a href='https:\/\/www.swissavant.ch\/berufsbildung\/ausbildungsbuecher\/'  class='avia-button av-kt91gecb-5-9a8cfd73deb6593b015e7b832e07af85 av-link-btn avia-icon_select-yes-right-icon avia-size-large avia-position-left avia-color-theme-color'  target=\"_blank\"  rel=\"noopener noreferrer\"  aria-label=\"Commander\"><span class='avia_iconbox_title' >Commander<\/span><span class='avia_button_icon avia_button_icon_right avia-iconfont avia-font-entypo-fontello' data-av_icon='\ue875' data-av_iconfont='entypo-fontello' ><\/span><\/a><\/div><\/p><\/div>\n<\/p>\n<\/div><\/div><\/div><!-- close content main div --><\/div><\/div>\n<style type=\"text\/css\" data-created_by=\"avia_inline_auto\" id=\"style-css-av-kt8zfgko-7f543b35a537fc4c1399964974a1bbfe\">\n.avia-section.av-kt8zfgko-7f543b35a537fc4c1399964974a1bbfe .av-parallax .av-parallax-inner{\nbackground-repeat:no-repeat;\nbackground-image:url(https:\/\/polaris-stiftung.ch\/wp-content\/uploads\/fit-fuer_parallax.jpg);\nbackground-position:50% 50%;\nbackground-attachment:scroll;\n}\n.avia-section.av-kt8zfgko-7f543b35a537fc4c1399964974a1bbfe .av-section-color-overlay{\nopacity:0.5;\nbackground-color:#000000;\n}\n<\/style>\n<div id='av_section_3'  class='avia-section av-kt8zfgko-7f543b35a537fc4c1399964974a1bbfe main_color avia-section-huge avia-no-border-styling  avia-builder-el-24  el_after_av_section  avia-builder-el-last  av-parallax-section avia-bg-style-parallax av-section-color-overlay-active container_wrap fullsize'  data-section-bg-repeat='no-repeat'><div class='av-parallax' data-avia-parallax-ratio='0.3' ><div class='av-parallax-inner main_color avia-full-stretch'><\/div><\/div><div class=\"av-section-color-overlay-wrap\"><div class=\"av-section-color-overlay\"><\/div><div class='container av-section-cont-open' ><div class='template-page content  av-content-full alpha units'><div class='post-entry post-entry-type-page post-entry-15390'><div class='entry-content-wrapper clearfix'>\n\n<style type=\"text\/css\" data-created_by=\"avia_inline_auto\" id=\"style-css-av-12qbd1m-6392bbb8020aada25d6cef1f70912a9c\">\n#top .flex_column.av-12qbd1m-6392bbb8020aada25d6cef1f70912a9c{\nmargin-top:50px;\nmargin-bottom:50px;\n}\n.flex_column.av-12qbd1m-6392bbb8020aada25d6cef1f70912a9c{\nborder-radius:0px 0px 0px 0px;\npadding:0px 0px 0px 0px;\n}\n.responsive #top #wrap_all .flex_column.av-12qbd1m-6392bbb8020aada25d6cef1f70912a9c{\nmargin-top:50px;\nmargin-bottom:50px;\n}\n<\/style>\n<div  class='flex_column av-12qbd1m-6392bbb8020aada25d6cef1f70912a9c av_three_fifth  avia-builder-el-25  el_before_av_two_fifth  avia-builder-el-first  first flex_column_div av-animated-generic pop-up av-zero-column-padding'     ><p>\n<style type=\"text\/css\" data-created_by=\"avia_inline_auto\" id=\"style-css-av-ucn19a-db1fb101bc894d5697e3399cf346bc41\">\n#top .av-special-heading.av-ucn19a-db1fb101bc894d5697e3399cf346bc41{\npadding-bottom:10px;\ncolor:#ffffff;\nfont-size:36px;\n}\nbody .av-special-heading.av-ucn19a-db1fb101bc894d5697e3399cf346bc41 .av-special-heading-tag .heading-char{\nfont-size:25px;\n}\n#top #wrap_all .av-special-heading.av-ucn19a-db1fb101bc894d5697e3399cf346bc41 .av-special-heading-tag{\nfont-size:36px;\n}\n.av-special-heading.av-ucn19a-db1fb101bc894d5697e3399cf346bc41 .special-heading-inner-border{\nborder-color:#ffffff;\n}\n.av-special-heading.av-ucn19a-db1fb101bc894d5697e3399cf346bc41 .av-subheading{\nfont-size:15px;\n}\n\n@media only screen and (min-width: 480px) and (max-width: 767px){ \n#top #wrap_all .av-special-heading.av-ucn19a-db1fb101bc894d5697e3399cf346bc41 .av-special-heading-tag{\nfont-size:0.8em;\n}\n}\n\n@media only screen and (max-width: 479px){ \n#top #wrap_all .av-special-heading.av-ucn19a-db1fb101bc894d5697e3399cf346bc41 .av-special-heading-tag{\nfont-size:0.8em;\n}\n}\n<\/style>\n<div  class='av-special-heading av-ucn19a-db1fb101bc894d5697e3399cf346bc41 av-special-heading-h3 custom-color-heading blockquote modern-quote  avia-builder-el-26  el_before_av_textblock  avia-builder-el-first  av-inherit-size av-linked-heading'><h3 class='av-special-heading-tag'  >L'\u00e9ducation est ce qui reste quand le dernier franc a disparu.<\/h3><div class=\"special-heading-border\"><div class=\"special-heading-inner-border\"><\/div><\/div><\/div><br \/>\n\n<style type=\"text\/css\" data-created_by=\"avia_inline_auto\" id=\"style-css-av-2oq3ntg-3-e64f72630373e274adf4d520c75b4120\">\n#top .av_textblock_section.av-2oq3ntg-3-e64f72630373e274adf4d520c75b4120 .avia_textblock{\nfont-size:22px;\ncolor:#ffffff;\n}\n<\/style>\n<section  class='av_textblock_section av-2oq3ntg-3-e64f72630373e274adf4d520c75b4120'  ><div class='avia_textblock av_inherit_color' ><p>\"En forme pour l'apprentissage\" montre efficacement l'importance, outre de bonnes notes sur le bulletin scolaire, de la premi\u00e8re impression, du dossier de candidature, de la pr\u00e9paration \u00e0 l'entretien d'embauche ou \u00e0 un stage d'orientation.<\/p>\n<\/div><\/section><\/p><\/div>\n<style type=\"text\/css\" data-created_by=\"avia_inline_auto\" id=\"style-css-av-mpvh56-23152edb34af7e7b54f52b6eab126eae\">\n#top .flex_column.av-mpvh56-23152edb34af7e7b54f52b6eab126eae{\nmargin-top:50px;\nmargin-bottom:50px;\n}\n.flex_column.av-mpvh56-23152edb34af7e7b54f52b6eab126eae{\nborder-radius:0px 0px 0px 0px;\npadding:0px 0px 0px 0px;\n}\n.responsive #top #wrap_all .flex_column.av-mpvh56-23152edb34af7e7b54f52b6eab126eae{\nmargin-top:50px;\nmargin-bottom:50px;\n}\n<\/style>\n<div  class='flex_column av-mpvh56-23152edb34af7e7b54f52b6eab126eae av_two_fifth  avia-builder-el-28  el_after_av_three_fifth  avia-builder-el-last  flex_column_div av-animated-generic pop-up av-zero-column-padding'     ><p><div  class='avia-button-wrap av-kt91gecb-2-9b5694a0f4bac56db05d12edced5f6dc-wrap avia-button-left  avia-builder-el-29  el_before_av_hr  avia-builder-el-first'><a href='https:\/\/polaris-stiftung.ch\/fr\/en-forme-pour-lapprentissage\/evenements-2\/'  class='avia-button av-kt91gecb-2-9b5694a0f4bac56db05d12edced5f6dc av-link-btn avia-icon_select-yes-right-icon avia-size-large avia-position-left avia-color-theme-color'   aria-label=\"\u00c9v\u00e9nements\"><span class='avia_iconbox_title' >\u00c9v\u00e9nements<\/span><span class='avia_button_icon avia_button_icon_right avia-iconfont avia-font-entypo-fontello' data-av_icon='\ue875' data-av_iconfont='entypo-fontello' ><\/span><\/a><\/div><br \/>\n\n<style type=\"text\/css\" data-created_by=\"avia_inline_auto\" id=\"style-css-av-kt91gov0-78d8a1e9f8efcfe13e7ed38900bf5a87\">\n#top .hr.hr-invisible.av-kt91gov0-78d8a1e9f8efcfe13e7ed38900bf5a87{\nheight:9px;\n}\n<\/style>\n<div  class='hr av-kt91gov0-78d8a1e9f8efcfe13e7ed38900bf5a87 hr-invisible  avia-builder-el-30  el_after_av_button  el_before_av_button'><span class='hr-inner'><span class=\"hr-inner-style\"><\/span><\/span><\/div><br \/>\n<div  class='avia-button-wrap av-kt91gecb-1-5a3cf01552266622f6601e2a9611a455-wrap avia-button-left  avia-builder-el-31  el_after_av_hr  avia-builder-el-last'><a href='https:\/\/polaris-stiftung.ch\/fr\/en-forme-pour-lapprentissage\/impressions\/'  class='avia-button av-kt91gecb-1-5a3cf01552266622f6601e2a9611a455 av-link-btn avia-icon_select-yes-right-icon avia-size-large avia-position-left avia-color-theme-color'   aria-label=\"Rapports\"><span class='avia_iconbox_title' >Rapports<\/span><span class='avia_button_icon avia_button_icon_right avia-iconfont avia-font-entypo-fontello' data-av_icon='\ue875' data-av_iconfont='entypo-fontello' ><\/span><\/a><\/div><\/p><\/div>","protected":false},"excerpt":{"rendered":"","protected":false},"author":1,"featured_media":0,"parent":15371,"menu_order":0,"comment_status":"closed","ping_status":"closed","template":"","meta":{"_seopress_robots_primary_cat":"","_seopress_titles_title":"Fit f\u00fcr die Lehre | F\u00f6rderstiftung polaris","_seopress_titles_desc":"Gregor Loser zeigt den Jugendlichen auf, wie man sich heute bewerben sollte bzw. wie die Jugendlichen sich optimal auf das Bewerbungsgespr\u00e4ch vorbereiten k\u00f6nnen","_seopress_robots_index":"","footnotes":""},"folder":[],"class_list":["post-15390","page","type-page","status-publish","hentry"],"_links":{"self":[{"href":"https:\/\/polaris-stiftung.ch\/fr\/wp-json\/wp\/v2\/pages\/15390","targetHints":{"allow":["GET"]}}],"collection":[{"href":"https:\/\/polaris-stiftung.ch\/fr\/wp-json\/wp\/v2\/pages"}],"about":[{"href":"https:\/\/polaris-stiftung.ch\/fr\/wp-json\/wp\/v2\/types\/page"}],"author":[{"embeddable":true,"href":"https:\/\/polaris-stiftung.ch\/fr\/wp-json\/wp\/v2\/users\/1"}],"replies":[{"embeddable":true,"href":"https:\/\/polaris-stiftung.ch\/fr\/wp-json\/wp\/v2\/comments?post=15390"}],"version-history":[{"count":10,"href":"https:\/\/polaris-stiftung.ch\/fr\/wp-json\/wp\/v2\/pages\/15390\/revisions"}],"predecessor-version":[{"id":17704,"href":"https:\/\/polaris-stiftung.ch\/fr\/wp-json\/wp\/v2\/pages\/15390\/revisions\/17704"}],"up":[{"embeddable":true,"href":"https:\/\/polaris-stiftung.ch\/fr\/wp-json\/wp\/v2\/pages\/15371"}],"wp:attachment":[{"href":"https:\/\/polaris-stiftung.ch\/fr\/wp-json\/wp\/v2\/media?parent=15390"}],"wp:term":[{"taxonomy":"folder","embeddable":true,"href":"https:\/\/polaris-stiftung.ch\/fr\/wp-json\/wp\/v2\/folder?post=15390"}],"curies":[{"name":"wp","href":"https:\/\/api.w.org\/{rel}","templated":true}]}}