{"id":15276,"date":"2021-09-10T14:26:27","date_gmt":"2021-09-10T12:26:27","guid":{"rendered":"https:\/\/polaris.aretis-staging.ch\/?page_id=15276"},"modified":"2022-04-06T11:31:42","modified_gmt":"2022-04-06T09:31:42","slug":"1-preisverleihung-2010","status":"publish","type":"page","link":"https:\/\/polaris-stiftung.ch\/fr\/remise-des-prix\/1-preisverleihung-2010\/","title":{"rendered":"1\u00e8re remise des prix 2010"},"content":{"rendered":"<div class='clear'><\/div><div id='sub_menu1'  class='av-submenu-container av-ktbbap1z-b3da2b12b93cfe638cc6aebce3352b5a main_color  avia-builder-el-0  el_before_av_section  avia-builder-el-first  av-sticky-submenu container_wrap fullsize' style='z-index:301' ><div class='container av-menu-mobile-disabled av-submenu-pos-center'><ul id=\"menu-preisverleihung\" class=\"av-subnav-menu\" role=\"menu\"><li role=\"menuitem\" id=\"menu-item-18649\" class=\"menu-item menu-item-type-post_type menu-item-object-page menu-item-top-level menu-item-top-level-1\"><a href=\"https:\/\/polaris-stiftung.ch\/fr\/17-remise-des-prix-2026\/\" tabindex=\"0\"><span class=\"avia-bullet\"><\/span><span class=\"avia-menu-text\">2026<\/span><span class=\"avia-menu-fx\"><span class=\"avia-arrow-wrap\"><span class=\"avia-arrow\"><\/span><\/span><\/span><\/a><\/li>\n<li role=\"menuitem\" id=\"menu-item-18176\" class=\"menu-item menu-item-type-post_type menu-item-object-page menu-item-top-level menu-item-top-level-2\"><a href=\"https:\/\/polaris-stiftung.ch\/fr\/remise-des-prix\/16-remise-des-prix-2025\/\" tabindex=\"0\"><span class=\"avia-bullet\"><\/span><span class=\"avia-menu-text\">2025<\/span><span class=\"avia-menu-fx\"><span class=\"avia-arrow-wrap\"><span class=\"avia-arrow\"><\/span><\/span><\/span><\/a><\/li>\n<li role=\"menuitem\" id=\"menu-item-17590\" class=\"menu-item menu-item-type-post_type menu-item-object-page menu-item-top-level menu-item-top-level-3\"><a href=\"https:\/\/polaris-stiftung.ch\/fr\/remise-des-prix\/13-preisverleihung-3\/\" tabindex=\"0\"><span class=\"avia-bullet\"><\/span><span class=\"avia-menu-text\">2024<\/span><span class=\"avia-menu-fx\"><span class=\"avia-arrow-wrap\"><span class=\"avia-arrow\"><\/span><\/span><\/span><\/a><\/li>\n<li role=\"menuitem\" id=\"menu-item-15806\" class=\"menu-item menu-item-type-post_type menu-item-object-page menu-item-top-level menu-item-top-level-4\"><a href=\"https:\/\/polaris-stiftung.ch\/fr\/remise-des-prix\/archives-des-prix\/\" tabindex=\"0\"><span class=\"avia-bullet\"><\/span><span class=\"avia-menu-text\">Archives<\/span><span class=\"avia-menu-fx\"><span class=\"avia-arrow-wrap\"><span class=\"avia-arrow\"><\/span><\/span><\/span><\/a><\/li>\n<\/ul><\/div><\/div><div class='sticky_placeholder'><\/div>\n<div id='av_section_1'  class='avia-section av-w1ny8t-0e2f51204f23325daa1d9499cc830538 main_color avia-section-large avia-no-border-styling  avia-builder-el-1  el_after_av_submenu  el_before_av_section  avia-bg-style-scroll container_wrap fullsize'  ><div class='container av-section-cont-open' ><div class='template-page content  av-content-full alpha units'><div class='post-entry post-entry-type-page post-entry-15276'><div class='entry-content-wrapper clearfix'>\n\n<style type=\"text\/css\" data-created_by=\"avia_inline_auto\" id=\"style-css-av-ktbf9fh4-b597d9e97d8a40b41f5ff13cef44401a\">\n.flex_column.av-ktbf9fh4-b597d9e97d8a40b41f5ff13cef44401a{\nborder-radius:0px 0px 0px 0px;\npadding:0px 0px 0px 0px;\n}\n<\/style>\n<div  class='flex_column av-ktbf9fh4-b597d9e97d8a40b41f5ff13cef44401a av_one_full  avia-builder-el-2  avia-builder-el-no-sibling  first flex_column_div av-animated-generic pop-up av-zero-column-padding'     ><p>\n<style type=\"text\/css\" data-created_by=\"avia_inline_auto\" id=\"style-css-av-ktbaoun0-d7b7a1407c57497220bd60084ad767ea\">\n.av_font_icon.av-ktbaoun0-d7b7a1407c57497220bd60084ad767ea .av-icon-char{\nfont-size:50px;\nline-height:50px;\n}\n<\/style>\n<span  class='av_font_icon av-ktbaoun0-d7b7a1407c57497220bd60084ad767ea avia_animate_when_visible av-icon-style- avia-icon-pos-center avia-iconfont avia-font-entypo-fontello av-no-color avia-icon-animate'><span class='av-icon-char' data-av_icon='\ue8a8' data-av_iconfont='entypo-fontello' aria-hidden=\"true\" ><\/span><\/span><br \/>\n\n<style type=\"text\/css\" data-created_by=\"avia_inline_auto\" id=\"style-css-av-kteqnujv-90146671473621dab223054c9cbcb440\">\n#top .av-special-heading.av-kteqnujv-90146671473621dab223054c9cbcb440{\npadding-bottom:30px;\n}\nbody .av-special-heading.av-kteqnujv-90146671473621dab223054c9cbcb440 .av-special-heading-tag .heading-char{\nfont-size:25px;\n}\n.av-special-heading.av-kteqnujv-90146671473621dab223054c9cbcb440 .av-subheading{\nfont-size:30px;\n}\n<\/style>\n<div  class='av-special-heading av-kteqnujv-90146671473621dab223054c9cbcb440 av-special-heading-h1 blockquote modern-quote modern-centered  avia-builder-el-4  el_after_av_font_icon  el_before_av_hr  av-linked-heading'><h1 class='av-special-heading-tag'  >1\u00e8re remise des prix 2010<\/h1><div class='av-subheading av-subheading_below'><p>Reconna\u00eetre le bon - promouvoir le meilleur<\/p>\n<\/div><div class=\"special-heading-border\"><div class=\"special-heading-inner-border\"><\/div><\/div><\/div><br \/>\n\n<style type=\"text\/css\" data-created_by=\"avia_inline_auto\" id=\"style-css-av-wmo4xo-e72941015c359dbc7803628033a45693\">\n#top .hr.av-wmo4xo-e72941015c359dbc7803628033a45693{\nmargin-top:5px;\nmargin-bottom:40px;\n}\n.hr.av-wmo4xo-e72941015c359dbc7803628033a45693 .hr-inner{\nwidth:150px;\nborder-color:#0088bc;\n}\n<\/style>\n<div  class='hr av-wmo4xo-e72941015c359dbc7803628033a45693 hr-custom  avia-builder-el-5  el_after_av_heading  avia-builder-el-last  trennlinie_punkt hr-center hr-icon-no'><span class='hr-inner inner-border-av-border-fat'><span class=\"hr-inner-style\"><\/span><\/span><\/div><\/p><\/div>\n\n<\/div><\/div><\/div><!-- close content main div --><\/div><\/div>\n<style type=\"text\/css\" data-created_by=\"avia_inline_auto\" id=\"style-css-av-30xqkc4-a97e7929a094aa3bac01da3a1241f046\">\n.avia-section.av-30xqkc4-a97e7929a094aa3bac01da3a1241f046{\nbackground-color:#ffffff;\nbackground-image:unset;\n}\n<\/style>\n<div id='av_section_2'  class='avia-section av-30xqkc4-a97e7929a094aa3bac01da3a1241f046 alternate_color avia-section-large avia-no-border-styling  avia-builder-el-6  el_after_av_section  el_before_av_section  avia-bg-style-scroll container_wrap fullsize'  ><div class='container av-section-cont-open' ><div class='template-page content  av-content-full alpha units'><div class='post-entry post-entry-type-page post-entry-15276'><div class='entry-content-wrapper clearfix'>\n\n<style type=\"text\/css\" data-created_by=\"avia_inline_auto\" id=\"style-css-av-2rnio6s-764c360573860403bc65d685b0fbb922\">\n.flex_column.av-2rnio6s-764c360573860403bc65d685b0fbb922{\nborder-radius:0px 0px 0px 0px;\npadding:45px 0px 0px 0px;\n}\n<\/style>\n<div  class='flex_column av-2rnio6s-764c360573860403bc65d685b0fbb922 av_one_half  avia-builder-el-7  el_before_av_one_half  avia-builder-el-first  first flex_column_div av-animated-generic top-to-bottom'     ><p>\n<style type=\"text\/css\" data-created_by=\"avia_inline_auto\" id=\"style-css-av-kteqz5dz-abf988be344d8dc798826287a7ddf926\">\n#top .av-special-heading.av-kteqz5dz-abf988be344d8dc798826287a7ddf926{\npadding-bottom:20px;\n}\nbody .av-special-heading.av-kteqz5dz-abf988be344d8dc798826287a7ddf926 .av-special-heading-tag .heading-char{\nfont-size:25px;\n}\n.av-special-heading.av-kteqz5dz-abf988be344d8dc798826287a7ddf926 .av-subheading{\nfont-size:15px;\n}\n\n@media only screen and (max-width: 479px){ \n#top #wrap_all .av-special-heading.av-kteqz5dz-abf988be344d8dc798826287a7ddf926 .av-special-heading-tag{\nfont-size:16px;\n}\n}\n<\/style>\n<div  class='av-special-heading av-kteqz5dz-abf988be344d8dc798826287a7ddf926 av-special-heading-h3  avia-builder-el-8  el_before_av_textblock  avia-builder-el-first'><h3 class='av-special-heading-tag'  >Fondation de soutien nouvellement cr\u00e9\u00e9e<\/h3><div class=\"special-heading-border\"><div class=\"special-heading-inner-border\"><\/div><\/div><\/div><br \/>\n<section  class='av_textblock_section av-2oq3ntg-d09480bfdd338f53ae29b7bf5c14161a'  ><div class='avia_textblock' ><p><span class='av_dropcap1 av-av_dropcap1-3cd9da5fea0ef5fb27aee617571c39a3'>L<\/span>a premi\u00e8re remise des prix de la Fondation de soutien polaris, nouvellement cr\u00e9\u00e9e par l'AES, a \u00e9t\u00e9 le point culminant artistique et \u00e9motionnel de l'assembl\u00e9e g\u00e9n\u00e9rale \u00e0 Zurich-Kloten. De la musique au plus haut niveau,<br \/>\ndes mots d'humour et la joie r\u00e9elle des personnes r\u00e9compens\u00e9es ont marqu\u00e9 un moment particulier dans l'histoire de la formation de l'AES. L'un des nombreux projets que l'AES a pu r\u00e9aliser au cours des derni\u00e8res ann\u00e9es est la fondation de soutien polaris. Cette fondation se consacre \u00e0 la formation professionnelle duale - c'est-\u00e0-dire \u00e0 l'apprentissage classique avec fr\u00e9quentation de l'\u00e9cole et des CI. En encourageant et en r\u00e9compensant de mani\u00e8re cibl\u00e9e les performances en mati\u00e8re de formation professionnelle dans le commerce de d\u00e9tail, la fondation souhaite promouvoir l'image de l'apprentissage professionnel et contribuer \u00e0 le lib\u00e9rer de son image de \"second choix\". Outre les excellents r\u00e9sultats de formation, il s'agit \u00e9galement de r\u00e9compenser et d'encourager les entreprises et les sp\u00e9cialistes de la formation professionnelle et de les motiver ainsi \u00e0 s'engager encore davantage.<\/p>\n<\/div><\/section><\/p><\/div>\n<style type=\"text\/css\" data-created_by=\"avia_inline_auto\" id=\"style-css-av-2rnio6s-70d8d15c87c7af636401e504ab46974e\">\n.flex_column.av-2rnio6s-70d8d15c87c7af636401e504ab46974e{\nborder-radius:0px 0px 0px 0px;\npadding:45px 0px 0px 0px;\n}\n<\/style>\n<div  class='flex_column av-2rnio6s-70d8d15c87c7af636401e504ab46974e av_one_half  avia-builder-el-10  el_after_av_one_half  el_before_av_one_full  flex_column_div av-animated-generic top-to-bottom'     ><p>\n<style type=\"text\/css\" data-created_by=\"avia_inline_auto\" id=\"style-css-av-kteqyok7-f2133ae0361f4dead6dc73cc28d36c69\">\n#top .av-special-heading.av-kteqyok7-f2133ae0361f4dead6dc73cc28d36c69{\npadding-bottom:20px;\n}\nbody .av-special-heading.av-kteqyok7-f2133ae0361f4dead6dc73cc28d36c69 .av-special-heading-tag .heading-char{\nfont-size:25px;\n}\n.av-special-heading.av-kteqyok7-f2133ae0361f4dead6dc73cc28d36c69 .av-subheading{\nfont-size:15px;\n}\n\n@media only screen and (max-width: 479px){ \n#top #wrap_all .av-special-heading.av-kteqyok7-f2133ae0361f4dead6dc73cc28d36c69 .av-special-heading-tag{\nfont-size:16px;\n}\n}\n<\/style>\n<div  class='av-special-heading av-kteqyok7-f2133ae0361f4dead6dc73cc28d36c69 av-special-heading-h3  avia-builder-el-11  el_before_av_textblock  avia-builder-el-first'><h3 class='av-special-heading-tag'  >Premi\u00e8re remise de prix<\/h3><div class=\"special-heading-border\"><div class=\"special-heading-inner-border\"><\/div><\/div><\/div><br \/>\n<section  class='av_textblock_section av-2oq3ntg-d09480bfdd338f53ae29b7bf5c14161a'  ><div class='avia_textblock' ><p><span class='av_dropcap1 av-av_dropcap1-3cd9da5fea0ef5fb27aee617571c39a3'>M<\/span>ors de la premi\u00e8re remise des prix polaris, sept jeunes gens motiv\u00e9s ont remport\u00e9 un prix. Eva Jaisli, vice-pr\u00e9sidente du conseil de fondation de polaris, a honor\u00e9 six gestionnaires du commerce de d\u00e9tail et un assistant du commerce de d\u00e9tail (voir encadr\u00e9). Tous avaient obtenu les meilleurs r\u00e9sultats lors des CI ou\/et de l'examen de fin d'apprentissage. - Christian Fiechter a r\u00e9compens\u00e9 deux entreprises formatrices particuli\u00e8rement m\u00e9ritantes en mati\u00e8re de formation professionnelle : A. Glaser AG \u00e0 Lyss s'est efforc\u00e9e d'obtenir les meilleurs r\u00e9sultats de formation, notamment dans le secteur de son service m\u00e9nager. Hauser Handwerk AG \u00e0 Romanshorn, en tant que centre d'artisanat, s'engage surtout sur le plan technique pour assurer une rel\u00e8ve professionnelle de premier ordre. Avec la premi\u00e8re remise du prix d'encouragement polaris, encadr\u00e9e musicalement par un trio \u00e0 cordes, l'AES a pos\u00e9 un nouveau jalon dans l'histoire du commerce de la quincaillerie et des articles m\u00e9nagers.<\/p>\n<\/div><\/section><\/p><\/div>\n<style type=\"text\/css\" data-created_by=\"avia_inline_auto\" id=\"style-css-av-w37ogo-cdd30eda6903fb3d748962ee71f519d1\">\n#top .flex_column.av-w37ogo-cdd30eda6903fb3d748962ee71f519d1{\nmargin-top:25px;\nmargin-bottom:0px;\n}\n.flex_column.av-w37ogo-cdd30eda6903fb3d748962ee71f519d1{\nborder-radius:0px 0px 0px 0px;\npadding:0px 0px 0px 0px;\n}\n.responsive #top #wrap_all .flex_column.av-w37ogo-cdd30eda6903fb3d748962ee71f519d1{\nmargin-top:25px;\nmargin-bottom:0px;\n}\n<\/style>\n<div  class='flex_column av-w37ogo-cdd30eda6903fb3d748962ee71f519d1 av_one_full  avia-builder-el-13  el_after_av_one_half  avia-builder-el-last  first flex_column_div av-animated-generic pop-up av-zero-column-padding  column-top-margin'     ><div  class='avia-button-wrap av-ktbf4lv5-c884bf8ca721c88cfd15194f5720a150-wrap avia-button-center  avia-builder-el-14  avia-builder-el-no-sibling'><a href='https:\/\/polaris-stiftung.ch\/wp-content\/uploads\/PolarisPreisverleihung.pdf'  class='avia-button av-ktbf4lv5-c884bf8ca721c88cfd15194f5720a150 av-link-btn avia-icon_select-yes-left-icon avia-size-large avia-position-center avia-color-theme-color'  target=\"_blank\"  rel=\"noopener noreferrer\"  aria-label=\"Plus d&#039;infos\"><span class='avia_button_icon avia_button_icon_left avia-iconfont avia-font-entypo-fontello' data-av_icon='\ue832' data-av_iconfont='entypo-fontello' ><\/span><span class='avia_iconbox_title' >Plus d'infos<\/span><\/a><\/div><\/div>\n\n<\/div><\/div><\/div><!-- close content main div --><\/div><\/div><div id='av_section_3'  class='avia-section av-9x1qdg-2e10cf7b8bc5981bb690f3b184b183cd main_color avia-section-huge avia-no-border-styling  avia-builder-el-15  el_after_av_section  avia-builder-el-last  avia-bg-style-scroll container_wrap fullsize'  ><div class='container av-section-cont-open' ><div class='template-page content  av-content-full alpha units'><div class='post-entry post-entry-type-page post-entry-15276'><div class='entry-content-wrapper clearfix'>\n\n<style type=\"text\/css\" data-created_by=\"avia_inline_auto\" id=\"style-css-av-av_heading-224a8a03871129276d5786d3066b0373\">\n#top .av-special-heading.av-av_heading-224a8a03871129276d5786d3066b0373{\npadding-bottom:30px;\n}\nbody .av-special-heading.av-av_heading-224a8a03871129276d5786d3066b0373 .av-special-heading-tag .heading-char{\nfont-size:25px;\n}\n.av-special-heading.av-av_heading-224a8a03871129276d5786d3066b0373 .av-subheading{\nfont-size:30px;\n}\n<\/style>\n<div  class='av-special-heading av-av_heading-224a8a03871129276d5786d3066b0373 av-special-heading-h2 blockquote modern-quote modern-centered  avia-builder-el-16  el_before_av_hr  avia-builder-el-first  av-linked-heading'><h2 class='av-special-heading-tag'  >Les entreprises formatrices prim\u00e9es<\/h2><div class='av-subheading av-subheading_below'><p>Quincaillerie &amp; M\u00e9nage<\/p>\n<\/div><div class=\"special-heading-border\"><div class=\"special-heading-inner-border\"><\/div><\/div><\/div>\n\n<style type=\"text\/css\" data-created_by=\"avia_inline_auto\" id=\"style-css-av-wmo4xo-e72941015c359dbc7803628033a45693\">\n#top .hr.av-wmo4xo-e72941015c359dbc7803628033a45693{\nmargin-top:5px;\nmargin-bottom:40px;\n}\n.hr.av-wmo4xo-e72941015c359dbc7803628033a45693 .hr-inner{\nwidth:150px;\nborder-color:#0088bc;\n}\n<\/style>\n<div  class='hr av-wmo4xo-e72941015c359dbc7803628033a45693 hr-custom  avia-builder-el-17  el_after_av_heading  el_before_av_one_half  trennlinie_punkt hr-center hr-icon-no'><span class='hr-inner inner-border-av-border-fat'><span class=\"hr-inner-style\"><\/span><\/span><\/div>\n\n<style type=\"text\/css\" data-created_by=\"avia_inline_auto\" id=\"style-css-av-2mlo4-228e2dd2e3886fed209f5cb7d8fb058f\">\n#top .flex_column.av-2mlo4-228e2dd2e3886fed209f5cb7d8fb058f{\nmargin-top:40px;\nmargin-bottom:40px;\n}\n.flex_column.av-2mlo4-228e2dd2e3886fed209f5cb7d8fb058f{\nborder-radius:0px 0px 0px 0px;\npadding:0px 0px 0px 0px;\n}\n.responsive #top #wrap_all .flex_column.av-2mlo4-228e2dd2e3886fed209f5cb7d8fb058f{\nmargin-top:40px;\nmargin-bottom:40px;\n}\n<\/style>\n<div  class='flex_column av-2mlo4-228e2dd2e3886fed209f5cb7d8fb058f av_one_half  avia-builder-el-18  el_after_av_hr  el_before_av_one_half  first flex_column_div av-animated-generic left-to-right av-zero-column-padding'     ><style type=\"text\/css\" data-created_by=\"avia_inline_auto\" id=\"style-css-av-av_heading-d1d3d2c2aa0e26a7f7e8fb7d80ec5e87\">\n#top .av-special-heading.av-av_heading-d1d3d2c2aa0e26a7f7e8fb7d80ec5e87{\npadding-bottom:20px;\n}\nbody .av-special-heading.av-av_heading-d1d3d2c2aa0e26a7f7e8fb7d80ec5e87 .av-special-heading-tag .heading-char{\nfont-size:25px;\n}\n.av-special-heading.av-av_heading-d1d3d2c2aa0e26a7f7e8fb7d80ec5e87 .av-subheading{\nfont-size:15px;\n}\n\n@media only screen and (max-width: 479px){ \n#top #wrap_all .av-special-heading.av-av_heading-d1d3d2c2aa0e26a7f7e8fb7d80ec5e87 .av-special-heading-tag{\nfont-size:16px;\n}\n}\n<\/style>\n<div  class='av-special-heading av-av_heading-d1d3d2c2aa0e26a7f7e8fb7d80ec5e87 av-special-heading-h3  avia-builder-el-19  avia-builder-el-no-sibling'><h3 class='av-special-heading-tag'  >Hauser Handwerk AG, Romanshorn<\/h3><div class=\"special-heading-border\"><div class=\"special-heading-inner-border\"><\/div><\/div><\/div><\/div>\n<style type=\"text\/css\" data-created_by=\"avia_inline_auto\" id=\"style-css-av-3le02s-1125d1b6c96152cdcf7600a759ccd1d5\">\n#top .flex_column.av-3le02s-1125d1b6c96152cdcf7600a759ccd1d5{\nmargin-top:40px;\nmargin-bottom:40px;\n}\n.flex_column.av-3le02s-1125d1b6c96152cdcf7600a759ccd1d5{\nborder-radius:0px 0px 0px 0px;\npadding:0px 0px 0px 0px;\n}\n.responsive #top #wrap_all .flex_column.av-3le02s-1125d1b6c96152cdcf7600a759ccd1d5{\nmargin-top:40px;\nmargin-bottom:40px;\n}\n<\/style>\n<div  class='flex_column av-3le02s-1125d1b6c96152cdcf7600a759ccd1d5 av_one_half  avia-builder-el-20  el_after_av_one_half  el_before_av_one_half  flex_column_div av-animated-generic left-to-right av-zero-column-padding'     ><style type=\"text\/css\" data-created_by=\"avia_inline_auto\" id=\"style-css-av-av_heading-693c7407b0063532248a246910f7988c\">\n#top .av-special-heading.av-av_heading-693c7407b0063532248a246910f7988c{\npadding-bottom:20px;\n}\nbody .av-special-heading.av-av_heading-693c7407b0063532248a246910f7988c .av-special-heading-tag .heading-char{\nfont-size:25px;\n}\n.av-special-heading.av-av_heading-693c7407b0063532248a246910f7988c .av-subheading{\nfont-size:15px;\n}\n\n@media only screen and (max-width: 479px){ \n#top #wrap_all .av-special-heading.av-av_heading-693c7407b0063532248a246910f7988c .av-special-heading-tag{\nfont-size:16px;\n}\n}\n<\/style>\n<div  class='av-special-heading av-av_heading-693c7407b0063532248a246910f7988c av-special-heading-h3  avia-builder-el-21  avia-builder-el-no-sibling'><h3 class='av-special-heading-tag'  >A. Glaser AG, Lyss<\/h3><div class=\"special-heading-border\"><div class=\"special-heading-inner-border\"><\/div><\/div><\/div><\/div><div class='flex_column_table av-kter74f7-eb04b654ecc6f7a3ac0af283facbb5a2 sc-av_one_half av-equal-height-column-flextable'>\n<style type=\"text\/css\" data-created_by=\"avia_inline_auto\" id=\"style-css-av-kter74f7-eb04b654ecc6f7a3ac0af283facbb5a2\">\n.flex_column.av-kter74f7-eb04b654ecc6f7a3ac0af283facbb5a2{\nborder-width:1px;\nborder-style:solid;\nborder-radius:0px 0px 0px 0px;\npadding:25px 25px 25px 25px;\nbackground-color:#ffffff;\n}\n<\/style>\n<div  class='flex_column av-kter74f7-eb04b654ecc6f7a3ac0af283facbb5a2 av_one_half  avia-builder-el-22  el_after_av_one_half  el_before_av_one_half  first flex_column_table_cell av-equal-height-column av-align-top  column-top-margin'     ><section  class='av_textblock_section av-kter85hb-25696d96d20809411dda54631262faf6'  ><div class='avia_textblock' ><h4>Prix d'encouragement Quincaillerie<\/h4>\n<p>Meilleure entreprise formatrice en quincaillerie en 2009 :<br \/>\n<strong>Hauser Handwerk AG, Romanshorn<\/strong><\/p>\n<\/div><\/section><\/div><div class='av-flex-placeholder'><\/div>\n<style type=\"text\/css\" data-created_by=\"avia_inline_auto\" id=\"style-css-av-kter74f7-fa0466d45c565f30385daff29d3d935c\">\n.flex_column.av-kter74f7-fa0466d45c565f30385daff29d3d935c{\nborder-width:1px;\nborder-style:solid;\nborder-radius:0px 0px 0px 0px;\npadding:25px 25px 25px 25px;\nbackground-color:#ffffff;\n}\n<\/style>\n<div  class='flex_column av-kter74f7-fa0466d45c565f30385daff29d3d935c av_one_half  avia-builder-el-24  el_after_av_one_half  avia-builder-el-last  flex_column_table_cell av-equal-height-column av-align-top  column-top-margin'     ><section  class='av_textblock_section av-kter85hb-25696d96d20809411dda54631262faf6'  ><div class='avia_textblock' ><h4>Prix d'encouragement pour les m\u00e9nages<\/h4>\n<p>Meilleure entreprise formatrice de m\u00e9nages en 2009 :<br \/>\n<strong>A. Glaser AG, Lyss<\/strong><\/p>\n<\/div><\/section><\/div><\/div><!--close column table wrapper. Autoclose: 1 -->","protected":false},"excerpt":{"rendered":"","protected":false},"author":1,"featured_media":0,"parent":14723,"menu_order":0,"comment_status":"closed","ping_status":"closed","template":"","meta":{"_seopress_robots_primary_cat":"","_seopress_titles_title":"","_seopress_titles_desc":"","_seopress_robots_index":"","footnotes":""},"folder":[],"class_list":["post-15276","page","type-page","status-publish","hentry"],"_links":{"self":[{"href":"https:\/\/polaris-stiftung.ch\/fr\/wp-json\/wp\/v2\/pages\/15276","targetHints":{"allow":["GET"]}}],"collection":[{"href":"https:\/\/polaris-stiftung.ch\/fr\/wp-json\/wp\/v2\/pages"}],"about":[{"href":"https:\/\/polaris-stiftung.ch\/fr\/wp-json\/wp\/v2\/types\/page"}],"author":[{"embeddable":true,"href":"https:\/\/polaris-stiftung.ch\/fr\/wp-json\/wp\/v2\/users\/1"}],"replies":[{"embeddable":true,"href":"https:\/\/polaris-stiftung.ch\/fr\/wp-json\/wp\/v2\/comments?post=15276"}],"version-history":[{"count":5,"href":"https:\/\/polaris-stiftung.ch\/fr\/wp-json\/wp\/v2\/pages\/15276\/revisions"}],"predecessor-version":[{"id":16037,"href":"https:\/\/polaris-stiftung.ch\/fr\/wp-json\/wp\/v2\/pages\/15276\/revisions\/16037"}],"up":[{"embeddable":true,"href":"https:\/\/polaris-stiftung.ch\/fr\/wp-json\/wp\/v2\/pages\/14723"}],"wp:attachment":[{"href":"https:\/\/polaris-stiftung.ch\/fr\/wp-json\/wp\/v2\/media?parent=15276"}],"wp:term":[{"taxonomy":"folder","embeddable":true,"href":"https:\/\/polaris-stiftung.ch\/fr\/wp-json\/wp\/v2\/folder?post=15276"}],"curies":[{"name":"wp","href":"https:\/\/api.w.org\/{rel}","templated":true}]}}