{"id":14841,"date":"2021-09-06T20:07:05","date_gmt":"2021-09-06T18:07:05","guid":{"rendered":"https:\/\/polaris.aretis-staging.ch\/?page_id=14841"},"modified":"2026-01-21T08:45:20","modified_gmt":"2026-01-21T07:45:20","slug":"mentions-legales","status":"publish","type":"page","link":"https:\/\/polaris-stiftung.ch\/fr\/mentions-legales\/","title":{"rendered":"Mentions l\u00e9gales"},"content":{"rendered":"<div id='news'  class='avia-section av-w1ny8t-951a4d0163378398f69483942c339eda main_color avia-section-huge avia-no-border-styling  avia-builder-el-0  avia-builder-el-no-sibling  avia-bg-style-scroll container_wrap fullsize'  ><div class='container av-section-cont-open' ><main  class='template-page content  av-content-full alpha units'><div class='post-entry post-entry-type-page post-entry-14841'><div class='entry-content-wrapper clearfix'>\n\n<style type=\"text\/css\" data-created_by=\"avia_inline_auto\" id=\"style-css-av-kteabyio-a9347d9c56474a539bac85072e5f85dc\">\n#top .av-special-heading.av-kteabyio-a9347d9c56474a539bac85072e5f85dc{\npadding-bottom:30px;\n}\nbody .av-special-heading.av-kteabyio-a9347d9c56474a539bac85072e5f85dc .av-special-heading-tag .heading-char{\nfont-size:25px;\n}\n.av-special-heading.av-kteabyio-a9347d9c56474a539bac85072e5f85dc .av-subheading{\nfont-size:30px;\n}\n<\/style>\n<div  class='av-special-heading av-kteabyio-a9347d9c56474a539bac85072e5f85dc av-special-heading-h1 blockquote modern-quote modern-centered  avia-builder-el-1  el_before_av_hr  avia-builder-el-first  av-linked-heading'><h1 class='av-special-heading-tag'  >Mentions l\u00e9gales<\/h1><div class='av-subheading av-subheading_below'><p>Fondation polaris<\/p>\n<\/div><div class=\"special-heading-border\"><div class=\"special-heading-inner-border\"><\/div><\/div><\/div>\n\n<style type=\"text\/css\" data-created_by=\"avia_inline_auto\" id=\"style-css-av-wmo4xo-e72941015c359dbc7803628033a45693\">\n#top .hr.av-wmo4xo-e72941015c359dbc7803628033a45693{\nmargin-top:5px;\nmargin-bottom:40px;\n}\n.hr.av-wmo4xo-e72941015c359dbc7803628033a45693 .hr-inner{\nwidth:150px;\nborder-color:#0088bc;\n}\n<\/style>\n<div  class='hr av-wmo4xo-e72941015c359dbc7803628033a45693 hr-custom  avia-builder-el-2  el_after_av_heading  el_before_av_one_half  trennlinie_punkt hr-center hr-icon-no'><span class='hr-inner inner-border-av-border-fat'><span class=\"hr-inner-style\"><\/span><\/span><\/div>\n\n<style type=\"text\/css\" data-created_by=\"avia_inline_auto\" id=\"style-css-av-2vsv1kk-cfd0ff8347ba6b4f5ec5ec141c23abe2\">\n.flex_column.av-2vsv1kk-cfd0ff8347ba6b4f5ec5ec141c23abe2{\nborder-radius:0px 0px 0px 0px;\npadding:45px 0px 0px 0px;\n}\n<\/style>\n<div  class='flex_column av-2vsv1kk-cfd0ff8347ba6b4f5ec5ec141c23abe2 av_one_half  avia-builder-el-3  el_after_av_hr  el_before_av_one_half  first flex_column_div av-animated-generic left-to-right'     ><section  class='av_textblock_section av-kteadwx4-b942b755f13536dc9c5a29fc7a488ced'  ><div class='avia_textblock' ><h3>Responsable du contenu<\/h3>\n<p><strong>Fondation polaris<br \/>\n<\/strong>Neugutstrasse 12<br \/>\nCase postale<br \/>\n8304 Wallisellen<\/p>\n<p>T\u00e9l. <a href=\"tel:+41448787050\">+41 44 878 70 50<\/a><\/p>\n<p><a href=\"mailto:info@polaris-stiftung.ch\">info@polaris-stiftung.ch<\/a><\/p>\n<hr \/>\n<h3>R\u00e9alisation web<\/h3>\n<p>Conseil, conception technique, design, programmation et h\u00e9bergement de ce site web :<\/p>\n<p><strong>aretis\u00ae Agence web<\/strong><br \/>\nPlace de la gare 1<br \/>\n5400 Baden<br \/>\n<a href=\"https:\/\/www.aretis.ch\/walisellen-webdesign-webdesigner-webagentur\/\" target=\"_blank\" rel=\"noopener\">aretis\u00ae Agence web &amp; design web<\/a><\/p>\n<\/div><\/section><\/div>\n<style type=\"text\/css\" data-created_by=\"avia_inline_auto\" id=\"style-css-av-2vsv1kk-47e849fb7ee1f5fbc551da882fcc0ae4\">\n.flex_column.av-2vsv1kk-47e849fb7ee1f5fbc551da882fcc0ae4{\nborder-radius:0px 0px 0px 0px;\npadding:45px 0px 0px 0px;\n}\n<\/style>\n<div  class='flex_column av-2vsv1kk-47e849fb7ee1f5fbc551da882fcc0ae4 av_one_half  avia-builder-el-5  el_after_av_one_half  avia-builder-el-last  flex_column_div av-animated-generic left-to-right'     ><section  class='av_textblock_section av-kteadwx4-91483422ac9fd326816b6fc7623997cb'  ><div class='avia_textblock' ><h3>Clause de non-responsabilit\u00e9<\/h3>\n<p>L'auteur n'assume aucune responsabilit\u00e9 quant \u00e0 la v\u00e9racit\u00e9, l'exactitude, l'actualit\u00e9, la fiabilit\u00e9 et l'exhaustivit\u00e9 du contenu des informations.<\/p>\n<p>L'auteur ne saurait \u00eatre tenu pour responsable des dommages mat\u00e9riels ou immat\u00e9riels qui pourraient \u00eatre caus\u00e9s par l'acc\u00e8s aux informations diffus\u00e9es ou par leur utilisation ou non-utilisation, par le mauvais usage de la connexion ou par des probl\u00e8mes techniques.<\/p>\n<p>Toutes les offres sont sans engagement. L'auteur se r\u00e9serve express\u00e9ment le droit de modifier, de compl\u00e9ter ou de supprimer des parties de pages ou l'ensemble de l'offre sans avis pr\u00e9alable, ou d'en suspendre temporairement ou d\u00e9finitivement la publication.<\/p>\n<hr \/>\n<h3>Responsabilit\u00e9 pour les liens<\/h3>\n<p>Les renvois et liens vers des sites web de tiers ne rel\u00e8vent pas de notre responsabilit\u00e9. Nous d\u00e9clinons toute responsabilit\u00e9 pour de tels sites. L'acc\u00e8s \u00e0 de tels sites et leur utilisation se font aux risques et p\u00e9rils de l'utilisateur ou de l'utilisatrice.<\/p>\n<hr \/>\n<h3>Droits d'auteur<\/h3>\n<p>Les droits d'auteur et tous les autres droits li\u00e9s aux contenus, images, photos ou autres fichiers pr\u00e9sents sur le site Internet appartiennent exclusivement \u00e0 la Fondation de soutien polaris ou aux titulaires de droits sp\u00e9cialement cit\u00e9s. Pour la reproduction de tout \u00e9l\u00e9ment, l'accord \u00e9crit des d\u00e9tenteurs des droits d'auteur doit \u00eatre obtenu au pr\u00e9alable.<\/p>\n<hr \/>\n<h3>Protection des donn\u00e9es<\/h3>\n<p>La Fondation de soutien polaris respecte la loi actuelle sur la protection des donn\u00e9es.<\/p>\n<\/div><\/section><\/div>","protected":false},"excerpt":{"rendered":"","protected":false},"author":1,"featured_media":0,"parent":0,"menu_order":0,"comment_status":"closed","ping_status":"closed","template":"","meta":{"_seopress_robots_primary_cat":"","_seopress_titles_title":"","_seopress_titles_desc":"","_seopress_robots_index":"","footnotes":""},"folder":[],"class_list":["post-14841","page","type-page","status-publish","hentry"],"_links":{"self":[{"href":"https:\/\/polaris-stiftung.ch\/fr\/wp-json\/wp\/v2\/pages\/14841","targetHints":{"allow":["GET"]}}],"collection":[{"href":"https:\/\/polaris-stiftung.ch\/fr\/wp-json\/wp\/v2\/pages"}],"about":[{"href":"https:\/\/polaris-stiftung.ch\/fr\/wp-json\/wp\/v2\/types\/page"}],"author":[{"embeddable":true,"href":"https:\/\/polaris-stiftung.ch\/fr\/wp-json\/wp\/v2\/users\/1"}],"replies":[{"embeddable":true,"href":"https:\/\/polaris-stiftung.ch\/fr\/wp-json\/wp\/v2\/comments?post=14841"}],"version-history":[{"count":3,"href":"https:\/\/polaris-stiftung.ch\/fr\/wp-json\/wp\/v2\/pages\/14841\/revisions"}],"predecessor-version":[{"id":18540,"href":"https:\/\/polaris-stiftung.ch\/fr\/wp-json\/wp\/v2\/pages\/14841\/revisions\/18540"}],"wp:attachment":[{"href":"https:\/\/polaris-stiftung.ch\/fr\/wp-json\/wp\/v2\/media?parent=14841"}],"wp:term":[{"taxonomy":"folder","embeddable":true,"href":"https:\/\/polaris-stiftung.ch\/fr\/wp-json\/wp\/v2\/folder?post=14841"}],"curies":[{"name":"wp","href":"https:\/\/api.w.org\/{rel}","templated":true}]}}