{"id":14832,"date":"2021-09-06T19:14:07","date_gmt":"2021-09-06T17:14:07","guid":{"rendered":"https:\/\/polaris.aretis-staging.ch\/?page_id=14832"},"modified":"2026-03-20T16:48:53","modified_gmt":"2026-03-20T15:48:53","slug":"rapports-dactivite","status":"publish","type":"page","link":"https:\/\/polaris-stiftung.ch\/fr\/la-fondation\/rapports-dactivite\/","title":{"rendered":"Rapports d'activit\u00e9"},"content":{"rendered":"<div id='av_section_1'  class='avia-section av-w1ny8t-0e2f51204f23325daa1d9499cc830538 main_color avia-section-large avia-no-border-styling  avia-builder-el-0  el_before_av_section  avia-builder-el-first  avia-bg-style-scroll container_wrap fullsize'  ><div class='container av-section-cont-open' ><main  class='template-page content  av-content-full alpha units'><div class='post-entry post-entry-type-page post-entry-14832'><div class='entry-content-wrapper clearfix'>\n\n<style type=\"text\/css\" data-created_by=\"avia_inline_auto\" id=\"style-css-av-rpdo1c-dc5a8ccd325e08f30c61749c064f4f3d\">\n#top .av-special-heading.av-rpdo1c-dc5a8ccd325e08f30c61749c064f4f3d{\npadding-bottom:30px;\n}\nbody .av-special-heading.av-rpdo1c-dc5a8ccd325e08f30c61749c064f4f3d .av-special-heading-tag .heading-char{\nfont-size:25px;\n}\n.av-special-heading.av-rpdo1c-dc5a8ccd325e08f30c61749c064f4f3d .av-subheading{\nfont-size:30px;\n}\n<\/style>\n<div  class='av-special-heading av-rpdo1c-dc5a8ccd325e08f30c61749c064f4f3d av-special-heading-h1 blockquote modern-quote modern-centered  avia-builder-el-1  el_before_av_hr  avia-builder-el-first  av-linked-heading'><h1 class='av-special-heading-tag'  >Rapports d'activit\u00e9<\/h1><div class='av-subheading av-subheading_below'><p>Avenir et carri\u00e8re dans le commerce<\/p>\n<\/div><div class=\"special-heading-border\"><div class=\"special-heading-inner-border\"><\/div><\/div><\/div>\n\n<style type=\"text\/css\" data-created_by=\"avia_inline_auto\" id=\"style-css-av-wmo4xo-2a775ac00574c4a397b02754939ad8c2\">\n#top .hr.av-wmo4xo-2a775ac00574c4a397b02754939ad8c2{\nmargin-top:5px;\nmargin-bottom:0px;\n}\n.hr.av-wmo4xo-2a775ac00574c4a397b02754939ad8c2 .hr-inner{\nwidth:150px;\nborder-color:#0088bc;\n}\n<\/style>\n<div  class='hr av-wmo4xo-2a775ac00574c4a397b02754939ad8c2 hr-custom  avia-builder-el-2  el_after_av_heading  avia-builder-el-last  trennlinie_punkt hr-center hr-icon-no'><span class='hr-inner inner-border-av-border-fat'><span class=\"hr-inner-style\"><\/span><\/span><\/div>\n\n<\/div><\/div><\/main><!-- close content main element --><\/div><\/div>\n<style type=\"text\/css\" data-created_by=\"avia_inline_auto\" id=\"style-css-av-kt91y5yh-c1f05a940ce14c6561ddf167611745a5\">\n.avia-section.av-kt91y5yh-c1f05a940ce14c6561ddf167611745a5 .av-parallax .av-parallax-inner{\nbackground-repeat:no-repeat;\nbackground-image:url(https:\/\/polaris-stiftung.ch\/wp-content\/uploads\/rechenschaftsberichte_parallax.jpg);\nbackground-position:50% 50%;\nbackground-attachment:scroll;\n}\n.avia-section.av-kt91y5yh-c1f05a940ce14c6561ddf167611745a5 .av-section-color-overlay{\nopacity:0.7;\nbackground-color:#000000;\n}\n<\/style>\n<div id='av_section_2'  class='avia-section av-kt91y5yh-c1f05a940ce14c6561ddf167611745a5 main_color avia-section-huge avia-no-border-styling  avia-builder-el-3  el_after_av_section  avia-builder-el-last  av-parallax-section avia-bg-style-parallax av-section-color-overlay-active container_wrap fullsize'  data-section-bg-repeat='no-repeat'><div class='av-parallax' data-avia-parallax-ratio='0.3' ><div class='av-parallax-inner main_color avia-full-stretch'><\/div><\/div><div class=\"av-section-color-overlay-wrap\"><div class=\"av-section-color-overlay\"><\/div><div class='container av-section-cont-open' ><div class='template-page content  av-content-full alpha units'><div class='post-entry post-entry-type-page post-entry-14832'><div class='entry-content-wrapper clearfix'>\n\n<style type=\"text\/css\" data-created_by=\"avia_inline_auto\" id=\"style-css-av-206kucw-83d3f9106f53fd3ff0ff92d5f5493602\">\n.flex_column.av-206kucw-83d3f9106f53fd3ff0ff92d5f5493602{\nborder-radius:0px 0px 0px 0px;\npadding:0px 0px 0px 0px;\n}\n<\/style>\n<div  class='flex_column av-206kucw-83d3f9106f53fd3ff0ff92d5f5493602 av_one_half  avia-builder-el-4  el_before_av_one_half  avia-builder-el-first  first flex_column_div av-zero-column-padding'     ><style type=\"text\/css\" data-created_by=\"avia_inline_auto\" id=\"style-css-av-lfth2lao-650926ebe2512801e53b4c04f966ae77\">\n.iconbox.av-lfth2lao-650926ebe2512801e53b4c04f966ae77 .iconbox_icon{\nbackground-color:#0087bc;\nborder:1px solid #0087bc;\ncolor:#ffffff;\n}\n.iconbox.av-lfth2lao-650926ebe2512801e53b4c04f966ae77 .iconbox_icon.avia-svg-icon svg:first-child{\nfill:#ffffff;\nstroke:#ffffff;\n}\n#top #wrap_all .iconbox.av-lfth2lao-650926ebe2512801e53b4c04f966ae77 .iconbox_content_title{\ncolor:#ffffff;\n}\n.iconbox.av-lfth2lao-650926ebe2512801e53b4c04f966ae77 .iconbox_content_container{\ncolor:#ffffff;\n}\n<\/style>\n<article  class='iconbox iconbox_left_content av-lfth2lao-650926ebe2512801e53b4c04f966ae77  avia-builder-el-5  el_before_av_hr  avia-builder-el-first' ><a href='https:\/\/polaris-stiftung.ch\/wp-content\/uploads\/Rechenschaftsbericht_2025_Screen.pdf' title='Rapport d&#039;activit\u00e9 2025' aria-label='Rapport d&#039;activit\u00e9 2025'  target=\"_blank\"  rel=\"noopener noreferrer\" class='iconbox_icon heading-color avia-iconfont avia-font-entypo-fontello' data-av_icon='\ue87d' data-av_iconfont='entypo-fontello' desc=\"Rechenschaftsbericht 2025\" ><\/a><div class=\"iconbox_content\"><header class=\"entry-content-header\" aria-label=\"Ic\u00f4ne : Rechenschaftsbericht 2025\"><h3 class='iconbox_content_title' ><a href='https:\/\/polaris-stiftung.ch\/wp-content\/uploads\/Rechenschaftsbericht_2025_Screen.pdf' title='Rapport d&#039;activit\u00e9 2025'  target=\"_blank\"  rel=\"noopener noreferrer\">Rapport d'activit\u00e9 2025<\/a><\/h3><\/header><div class='iconbox_content_container av_inherit_color' ><div class=\"iconlist_content av_inherit_color\">\n<p><a href=\"https:\/\/polaris-stiftung.ch\/wp-content\/uploads\/Rechenschaftsbericht_2025_Screen.pdf\" target=\"_blank\" rel=\"noopener\">T\u00e9l\u00e9chargement\"<\/a><\/p>\n<\/div>\n<\/div><\/div><footer class=\"entry-footer\"><\/footer><\/article><br \/>\n\n<style type=\"text\/css\" data-created_by=\"avia_inline_auto\" id=\"style-css-av-12a032o-e11132264d8bfa0ea965c1f14d2fdb5e\">\n#top .hr.hr-invisible.av-12a032o-e11132264d8bfa0ea965c1f14d2fdb5e{\nheight:20px;\n}\n<\/style>\n<div  class='hr av-12a032o-e11132264d8bfa0ea965c1f14d2fdb5e hr-invisible  avia-builder-el-6  el_after_av_icon_box  el_before_av_icon_box'><span class='hr-inner'><span class=\"hr-inner-style\"><\/span><\/span><\/div><br \/>\n\n<style type=\"text\/css\" data-created_by=\"avia_inline_auto\" id=\"style-css-av-381p8w-436c6f17a9a3a9c097950e7781f72eda\">\n.iconbox.av-381p8w-436c6f17a9a3a9c097950e7781f72eda .iconbox_icon{\nbackground-color:#0087bc;\nborder:1px solid #0087bc;\ncolor:#ffffff;\n}\n.iconbox.av-381p8w-436c6f17a9a3a9c097950e7781f72eda .iconbox_icon.avia-svg-icon svg:first-child{\nfill:#ffffff;\nstroke:#ffffff;\n}\n#top #wrap_all .iconbox.av-381p8w-436c6f17a9a3a9c097950e7781f72eda .iconbox_content_title{\ncolor:#ffffff;\n}\n.iconbox.av-381p8w-436c6f17a9a3a9c097950e7781f72eda .iconbox_content_container{\ncolor:#ffffff;\n}\n<\/style>\n<article  class='iconbox iconbox_left_content av-381p8w-436c6f17a9a3a9c097950e7781f72eda  avia-builder-el-7  el_after_av_hr  el_before_av_hr' ><a href='https:\/\/polaris-stiftung.ch\/wp-content\/uploads\/Rechenschaftsbericht_2024.pdf' title='Rapport d&#039;activit\u00e9 2024' aria-label='Rapport d&#039;activit\u00e9 2024'  target=\"_blank\"  rel=\"noopener noreferrer\" class='iconbox_icon heading-color avia-iconfont avia-font-entypo-fontello' data-av_icon='\ue87d' data-av_iconfont='entypo-fontello' desc=\"Rechenschaftsbericht 2024\" ><\/a><div class=\"iconbox_content\"><header class=\"entry-content-header\" aria-label=\"Ic\u00f4ne : Rapport d&#039;activit\u00e9 2024\"><h3 class='iconbox_content_title' ><a href='https:\/\/polaris-stiftung.ch\/wp-content\/uploads\/Rechenschaftsbericht_2024.pdf' title='Rapport d&#039;activit\u00e9 2024'  target=\"_blank\"  rel=\"noopener noreferrer\">Rapport d'activit\u00e9 2024<\/a><\/h3><\/header><div class='iconbox_content_container av_inherit_color' ><div class=\"iconlist_content av_inherit_color\">\n<p><a href=\"https:\/\/polaris-stiftung.ch\/wp-content\/uploads\/Rechenschaftsbericht_2024.pdf\" target=\"_blank\" rel=\"noopener\">T\u00e9l\u00e9chargement\"<\/a><\/p>\n<\/div>\n<\/div><\/div><footer class=\"entry-footer\"><\/footer><\/article><br \/>\n\n<style type=\"text\/css\" data-created_by=\"avia_inline_auto\" id=\"style-css-av-ktcx1h5k-44b30b74dd52d788c50601789760b40b\">\n#top .hr.hr-invisible.av-ktcx1h5k-44b30b74dd52d788c50601789760b40b{\nheight:20px;\n}\n<\/style>\n<div  class='hr av-ktcx1h5k-44b30b74dd52d788c50601789760b40b hr-invisible  avia-builder-el-8  el_after_av_icon_box  avia-builder-el-last'><span class='hr-inner'><span class=\"hr-inner-style\"><\/span><\/span><\/div><\/p><\/div>\n<style type=\"text\/css\" data-created_by=\"avia_inline_auto\" id=\"style-css-av-20euro0-9d209b4246809c12786bf96b58a121fc\">\n.flex_column.av-20euro0-9d209b4246809c12786bf96b58a121fc{\nborder-radius:0px 0px 0px 0px;\npadding:0px 0px 0px 0px;\n}\n<\/style>\n<div  class='flex_column av-20euro0-9d209b4246809c12786bf96b58a121fc av_one_half  avia-builder-el-9  el_after_av_one_half  el_before_av_hr  flex_column_div av-zero-column-padding'     ><style type=\"text\/css\" data-created_by=\"avia_inline_auto\" id=\"style-css-av-1k0pwuo-84cc33c1a4b828080d6c86c1c399ea6f\">\n.iconbox.av-1k0pwuo-84cc33c1a4b828080d6c86c1c399ea6f .iconbox_icon{\nbackground-color:#0087bc;\nborder:1px solid #0087bc;\ncolor:#ffffff;\n}\n.iconbox.av-1k0pwuo-84cc33c1a4b828080d6c86c1c399ea6f .iconbox_icon.avia-svg-icon svg:first-child{\nfill:#ffffff;\nstroke:#ffffff;\n}\n#top #wrap_all .iconbox.av-1k0pwuo-84cc33c1a4b828080d6c86c1c399ea6f .iconbox_content_title{\ncolor:#ffffff;\n}\n.iconbox.av-1k0pwuo-84cc33c1a4b828080d6c86c1c399ea6f .iconbox_content_container{\ncolor:#ffffff;\n}\n<\/style>\n<article  class='iconbox iconbox_left_content av-1k0pwuo-84cc33c1a4b828080d6c86c1c399ea6f  avia-builder-el-10  el_before_av_hr  avia-builder-el-first' ><a href='https:\/\/polaris-stiftung.ch\/wp-content\/uploads\/Rechenschaftsbericht_2023_Screen.pdf' title='Rapport d&#039;activit\u00e9 2023' aria-label='Rapport d&#039;activit\u00e9 2023'  target=\"_blank\"  rel=\"noopener noreferrer\" class='iconbox_icon heading-color avia-iconfont avia-font-entypo-fontello' data-av_icon='\ue87d' data-av_iconfont='entypo-fontello' desc=\"Rechenschaftsbericht 2023\" ><\/a><div class=\"iconbox_content\"><header class=\"entry-content-header\" aria-label=\"Ic\u00f4ne : Rapport d&#039;activit\u00e9 2023\"><h3 class='iconbox_content_title' ><a href='https:\/\/polaris-stiftung.ch\/wp-content\/uploads\/Rechenschaftsbericht_2023_Screen.pdf' title='Rapport d&#039;activit\u00e9 2023'  target=\"_blank\"  rel=\"noopener noreferrer\">Rapport d'activit\u00e9 2023<\/a><\/h3><\/header><div class='iconbox_content_container av_inherit_color' ><div class=\"iconlist_content av_inherit_color\">\n<p><a href=\"https:\/\/polaris-stiftung.ch\/wp-content\/uploads\/Rechenschaftsbericht_2023_Screen.pdf\" target=\"_blank\" rel=\"noopener\">T\u00e9l\u00e9chargement\"<\/a><\/p>\n<\/div>\n<\/div><\/div><footer class=\"entry-footer\"><\/footer><\/article><br \/>\n\n<style type=\"text\/css\" data-created_by=\"avia_inline_auto\" id=\"style-css-av-18lhtbk-23f37aa1c2901ed22b1e1857923589d3\">\n#top .hr.hr-invisible.av-18lhtbk-23f37aa1c2901ed22b1e1857923589d3{\nheight:20px;\n}\n<\/style>\n<div  class='hr av-18lhtbk-23f37aa1c2901ed22b1e1857923589d3 hr-invisible  avia-builder-el-11  el_after_av_icon_box  el_before_av_icon_box'><span class='hr-inner'><span class=\"hr-inner-style\"><\/span><\/span><\/div><br \/>\n\n<style type=\"text\/css\" data-created_by=\"avia_inline_auto\" id=\"style-css-av-tc55g0-da98483a5d06861a19d5efe75d92f7a7\">\n.iconbox.av-tc55g0-da98483a5d06861a19d5efe75d92f7a7 .iconbox_icon{\nbackground-color:#0087bc;\nborder:1px solid #0087bc;\ncolor:#ffffff;\n}\n.iconbox.av-tc55g0-da98483a5d06861a19d5efe75d92f7a7 .iconbox_icon.avia-svg-icon svg:first-child{\nfill:#ffffff;\nstroke:#ffffff;\n}\n#top #wrap_all .iconbox.av-tc55g0-da98483a5d06861a19d5efe75d92f7a7 .iconbox_content_title{\ncolor:#ffffff;\n}\n.iconbox.av-tc55g0-da98483a5d06861a19d5efe75d92f7a7 .iconbox_content_container{\ncolor:#ffffff;\n}\n<\/style>\n<article  class='iconbox iconbox_left_content av-tc55g0-da98483a5d06861a19d5efe75d92f7a7  avia-builder-el-12  el_after_av_hr  el_before_av_hr' ><a href='https:\/\/polaris-stiftung.ch\/wp-content\/uploads\/Rechenschaftsbericht_2022_Screen.pdf' title='Rapport d&#039;activit\u00e9 2022' aria-label='Rapport d&#039;activit\u00e9 2022'  target=\"_blank\"  rel=\"noopener noreferrer\" class='iconbox_icon heading-color avia-iconfont avia-font-entypo-fontello' data-av_icon='\ue87d' data-av_iconfont='entypo-fontello' desc=\"Rechenschaftsbericht 2022\" ><\/a><div class=\"iconbox_content\"><header class=\"entry-content-header\" aria-label=\"Ic\u00f4ne : rapport d&#039;activit\u00e9 2022\"><h3 class='iconbox_content_title' ><a href='https:\/\/polaris-stiftung.ch\/wp-content\/uploads\/Rechenschaftsbericht_2022_Screen.pdf' title='Rapport d&#039;activit\u00e9 2022'  target=\"_blank\"  rel=\"noopener noreferrer\">Rapport d'activit\u00e9 2022<\/a><\/h3><\/header><div class='iconbox_content_container av_inherit_color' ><div class=\"iconlist_content av_inherit_color\">\n<p><a href=\"https:\/\/polaris-stiftung.ch\/wp-content\/uploads\/Rechenschaftsbericht_2022_Screen.pdf\" target=\"_blank\" rel=\"noopener\">T\u00e9l\u00e9chargement\"<\/a><\/p>\n<\/div>\n<\/div><\/div><footer class=\"entry-footer\"><\/footer><\/article><br \/>\n\n<style type=\"text\/css\" data-created_by=\"avia_inline_auto\" id=\"style-css-av-jisdww-6dd56fe474b4cd0c61d2f6b1bcc3b4a9\">\n#top .hr.hr-invisible.av-jisdww-6dd56fe474b4cd0c61d2f6b1bcc3b4a9{\nheight:20px;\n}\n<\/style>\n<div  class='hr av-jisdww-6dd56fe474b4cd0c61d2f6b1bcc3b4a9 hr-invisible  avia-builder-el-13  el_after_av_icon_box  avia-builder-el-last'><span class='hr-inner'><span class=\"hr-inner-style\"><\/span><\/span><\/div><\/p><\/div>\n<style type=\"text\/css\" data-created_by=\"avia_inline_auto\" id=\"style-css-av-kywz3nte-a67c35a07228c32c5c8cdec153123b8c\">\n#top .hr.hr-invisible.av-kywz3nte-a67c35a07228c32c5c8cdec153123b8c{\nheight:70px;\n}\n<\/style>\n<div  class='hr av-kywz3nte-a67c35a07228c32c5c8cdec153123b8c hr-invisible  avia-builder-el-14  el_after_av_one_half  el_before_av_button'><span class='hr-inner'><span class=\"hr-inner-style\"><\/span><\/span><\/div>\n<div  class='avia-button-wrap av-kywz4uzk-0c7ed0ee22cc6f4c75d14de35851e2f4-wrap avia-button-center  avia-builder-el-15  el_after_av_hr  avia-builder-el-last'><a href='https:\/\/polaris-stiftung.ch\/fr\/la-fondation\/rapports-dactivite\/archives\/'  class='avia-button av-kywz4uzk-0c7ed0ee22cc6f4c75d14de35851e2f4 av-link-btn avia-icon_select-yes-right-icon avia-size-large avia-position-center avia-color-theme-color'   aria-label=\"vers les archives\"><span class='avia_iconbox_title' >vers les archives<\/span><span class='avia_button_icon avia_button_icon_right avia-iconfont avia-font-entypo-fontello' data-av_icon='\ue832' data-av_iconfont='entypo-fontello' ><\/span><\/a><\/div>","protected":false},"excerpt":{"rendered":"","protected":false},"author":1,"featured_media":0,"parent":14719,"menu_order":4,"comment_status":"closed","ping_status":"closed","template":"","meta":{"_seopress_robots_primary_cat":"","_seopress_titles_title":"Rechenschaftsberichte der F\u00f6rderstiftung polaris","_seopress_titles_desc":"Die j\u00e4hrlich erscheinenden Rechenschaftsberichte der F\u00f6rderstiftung polaris finden Sie hier zum Download.","_seopress_robots_index":"","footnotes":""},"folder":[],"class_list":["post-14832","page","type-page","status-publish","hentry"],"_links":{"self":[{"href":"https:\/\/polaris-stiftung.ch\/fr\/wp-json\/wp\/v2\/pages\/14832","targetHints":{"allow":["GET"]}}],"collection":[{"href":"https:\/\/polaris-stiftung.ch\/fr\/wp-json\/wp\/v2\/pages"}],"about":[{"href":"https:\/\/polaris-stiftung.ch\/fr\/wp-json\/wp\/v2\/types\/page"}],"author":[{"embeddable":true,"href":"https:\/\/polaris-stiftung.ch\/fr\/wp-json\/wp\/v2\/users\/1"}],"replies":[{"embeddable":true,"href":"https:\/\/polaris-stiftung.ch\/fr\/wp-json\/wp\/v2\/comments?post=14832"}],"version-history":[{"count":11,"href":"https:\/\/polaris-stiftung.ch\/fr\/wp-json\/wp\/v2\/pages\/14832\/revisions"}],"predecessor-version":[{"id":18612,"href":"https:\/\/polaris-stiftung.ch\/fr\/wp-json\/wp\/v2\/pages\/14832\/revisions\/18612"}],"up":[{"embeddable":true,"href":"https:\/\/polaris-stiftung.ch\/fr\/wp-json\/wp\/v2\/pages\/14719"}],"wp:attachment":[{"href":"https:\/\/polaris-stiftung.ch\/fr\/wp-json\/wp\/v2\/media?parent=14832"}],"wp:term":[{"taxonomy":"folder","embeddable":true,"href":"https:\/\/polaris-stiftung.ch\/fr\/wp-json\/wp\/v2\/folder?post=14832"}],"curies":[{"name":"wp","href":"https:\/\/api.w.org\/{rel}","templated":true}]}}