{"id":14828,"date":"2021-09-06T19:13:40","date_gmt":"2021-09-06T17:13:40","guid":{"rendered":"https:\/\/polaris.aretis-staging.ch\/?page_id=14828"},"modified":"2025-03-06T12:07:37","modified_gmt":"2025-03-06T11:07:37","slug":"conseil-de-fondation","status":"publish","type":"page","link":"https:\/\/polaris-stiftung.ch\/fr\/la-fondation\/conseil-de-fondation\/","title":{"rendered":"Conseil de fondation"},"content":{"rendered":"<style type=\"text\/css\" data-created_by=\"avia_inline_auto\" id=\"style-css-sub-av-k7n239ii-385e4eab2b4c6c618173fa9905e05958\">\n.av-hotspot-image-container .av-image-hotspot.av-ilkecs-6c0712cec754f8d1d553307f23fb4860{\ntop:54%;\nleft:17.6%;\n}\n.av-hotspot-image-container .av-image-hotspot.av-2556vu4-3f04fc662dfe1adf534216bece44b7c0{\ntop:53.5%;\nleft:34.1%;\n}\n.av-hotspot-image-container .av-image-hotspot.av-1hplsss-73f5a60b3a931bb56ff896bd27248412{\ntop:69.7%;\nleft:60.3%;\n}\n.av-hotspot-image-container .av-image-hotspot.av-1bfaxrg-887d60c73bcefdef84a8be03d280db54{\ntop:48.1%;\nleft:69.4%;\n}\n.av-hotspot-image-container .av-image-hotspot.av-n8e224-f1c69d6c028370c79ec58cb0cb067659{\ntop:60.5%;\nleft:85%;\n}\n<\/style>\n<div  class='av-hotspot-image-container av-k7n239ii-385e4eab2b4c6c618173fa9905e05958  avia-builder-el-0  el_before_av_icon_box  avia-builder-el-first  av-hotspot-numbered av-mobile-fallback-active  av-non-fullwidth-hotspot-image' ><div class='av-hotspot-container'><div class='av-hotspot-container-inner-cell'><div class='av-hotspot-container-inner-wrap'><div class='av-image-hotspot av-ilkecs-6c0712cec754f8d1d553307f23fb4860 av-image-hotspot-1' data-avia-tooltip-position='top' data-avia-tooltip-alignment='left' data-avia-tooltip-class='av-tt-default-width av-tt-pos-above av-tt-align-left  av-mobile-fallback-active  main_color av-tt-hotspot' data-avia-tooltip='&lt;p&gt;&lt;span class=&quot;normtext&quot;&gt;Max Feuz&lt;\/span&gt;&lt;\/p&gt;'><div class='av-image-hotspot_inner'>1<\/div><div class='av-image-hotspot-pulse'><\/div><\/div><div class='av-image-hotspot av-2556vu4-3f04fc662dfe1adf534216bece44b7c0 av-image-hotspot-2' data-avia-tooltip-position='top' data-avia-tooltip-alignment='left' data-avia-tooltip-class='av-tt-default-width av-tt-pos-above av-tt-align-left  av-mobile-fallback-active  main_color av-tt-hotspot' data-avia-tooltip='&lt;p&gt;&lt;span class=&quot;normtext&quot;&gt;Karl Steiner&lt;\/span&gt;&lt;\/p&gt;'><div class='av-image-hotspot_inner'>2<\/div><div class='av-image-hotspot-pulse'><\/div><\/div><div class='av-image-hotspot av-1hplsss-73f5a60b3a931bb56ff896bd27248412 av-image-hotspot-3' data-avia-tooltip-position='top' data-avia-tooltip-alignment='left' data-avia-tooltip-class='av-tt-default-width av-tt-pos-above av-tt-align-left  av-mobile-fallback-active  main_color av-tt-hotspot' data-avia-tooltip='&lt;p&gt;&lt;span class=&quot;normtext&quot;&gt;Dr. h.c. Eva Jaisli&lt;\/span&gt;&lt;\/p&gt;'><div class='av-image-hotspot_inner'>3<\/div><div class='av-image-hotspot-pulse'><\/div><\/div><div class='av-image-hotspot av-1bfaxrg-887d60c73bcefdef84a8be03d280db54 av-image-hotspot-4' data-avia-tooltip-position='top' data-avia-tooltip-alignment='left' data-avia-tooltip-class='av-tt-default-width av-tt-pos-above av-tt-align-left  av-mobile-fallback-active  main_color av-tt-hotspot' data-avia-tooltip='&lt;p&gt;&lt;span class=&quot;normtext&quot;&gt;Christian Fiechter&lt;\/span&gt;&lt;\/p&gt;'><div class='av-image-hotspot_inner'>4<\/div><div class='av-image-hotspot-pulse'><\/div><\/div><div class='av-image-hotspot av-n8e224-f1c69d6c028370c79ec58cb0cb067659 av-image-hotspot-5' data-avia-tooltip-position='top' data-avia-tooltip-alignment='left' data-avia-tooltip-class='av-tt-default-width av-tt-pos-above av-tt-align-left  av-mobile-fallback-active  main_color av-tt-hotspot' data-avia-tooltip='&lt;p&gt;&lt;span class=&quot;normtext&quot;&gt;Christoph Rotermund&lt;\/span&gt;&lt;\/p&gt;'><div class='av-image-hotspot_inner'>5<\/div><div class='av-image-hotspot-pulse'><\/div><\/div><img decoding=\"async\" fetchpriority=\"high\" class='wp-image-14872 avia-img-lazy-loading-not-14872 avia_image' src=\"https:\/\/polaris-stiftung.ch\/wp-content\/uploads\/polaris_team.jpg\" alt='' title=''  height=\"1155\" width=\"2500\" srcset=\"https:\/\/polaris-stiftung.ch\/wp-content\/uploads\/polaris_team.jpg 2500w, https:\/\/polaris-stiftung.ch\/wp-content\/uploads\/polaris_team-300x139.jpg 300w, https:\/\/polaris-stiftung.ch\/wp-content\/uploads\/polaris_team-1030x476.jpg 1030w, https:\/\/polaris-stiftung.ch\/wp-content\/uploads\/polaris_team-768x355.jpg 768w, https:\/\/polaris-stiftung.ch\/wp-content\/uploads\/polaris_team-1536x710.jpg 1536w, https:\/\/polaris-stiftung.ch\/wp-content\/uploads\/polaris_team-2048x946.jpg 2048w, https:\/\/polaris-stiftung.ch\/wp-content\/uploads\/polaris_team-1500x693.jpg 1500w, https:\/\/polaris-stiftung.ch\/wp-content\/uploads\/polaris_team-705x326.jpg 705w\" sizes=\"(max-width: 2500px) 100vw, 2500px\" \/><\/div><\/div><\/div><div class='av-hotspot-fallback-tooltip av-image-hotspot-1'><div class=\"av-hotspot-fallback-tooltip-count\">1<div class=\"avia-arrow\"><\/div><\/div><div class=\"av-hotspot-fallback-tooltip-inner clearfix\"><p>\n<span class=\"normtext\">Max Feuz<\/span><\/p>\n<\/div><\/div><div class='av-hotspot-fallback-tooltip av-image-hotspot-2'><div class=\"av-hotspot-fallback-tooltip-count\">2<div class=\"avia-arrow\"><\/div><\/div><div class=\"av-hotspot-fallback-tooltip-inner clearfix\"><p>\n<span class=\"normtext\">Karl Steiner<\/span><\/p>\n<\/div><\/div><div class='av-hotspot-fallback-tooltip av-image-hotspot-3'><div class=\"av-hotspot-fallback-tooltip-count\">3<div class=\"avia-arrow\"><\/div><\/div><div class=\"av-hotspot-fallback-tooltip-inner clearfix\"><p>\n<span class=\"normtext\">Dr. h.c. Eva Jaisli<\/span><\/p>\n<\/div><\/div><div class='av-hotspot-fallback-tooltip av-image-hotspot-4'><div class=\"av-hotspot-fallback-tooltip-count\">4<div class=\"avia-arrow\"><\/div><\/div><div class=\"av-hotspot-fallback-tooltip-inner clearfix\"><p>\n<span class=\"normtext\">Christian Fiechter<\/span><\/p>\n<\/div><\/div><div class='av-hotspot-fallback-tooltip av-image-hotspot-5'><div class=\"av-hotspot-fallback-tooltip-count\">5<div class=\"avia-arrow\"><\/div><\/div><div class=\"av-hotspot-fallback-tooltip-inner clearfix\"><p>\n<span class=\"normtext\">Christoph Rotermund<\/span><\/p>\n<\/div><\/div><\/div>\n<article  class='iconbox iconbox_left av-l1p3k220-cd99354675b6473114106ee84bd227e5  avia-builder-el-1  el_after_av_image_hotspot  el_before_av_section  avia-builder-el-no-sibling' ><div class=\"iconbox_content\"><header class=\"entry-content-header\" aria-label=\"Ic\u00f4ne : Marc Peterhans, \u00e9galement membre du conseil de fondation, manque \u00e0 l&#039;appel sur la photo.\"><div class='iconbox_icon heading-color avia-iconfont avia-font-entypo-fontello' data-av_icon='\ue80c' data-av_iconfont='entypo-fontello'  ><\/div><h3 class='iconbox_content_title' >Manque sur la photo Marc Peterhans, \u00e9galement membre du conseil de fondation.<\/h3><\/header><div class='iconbox_content_container' ><\/div><\/div><footer class=\"entry-footer\"><\/footer><\/article>\n<\/div><\/div><\/div><!-- close content main div --><\/div><\/div><div id='av_section_1'  class='avia-section av-w1ny8t-d67fc264546d8a981d4ae314fb57dc52 main_color avia-section-huge avia-no-border-styling  avia-builder-el-2  el_after_av_icon_box  el_before_av_section  avia-bg-style-scroll container_wrap fullsize'  ><div class='container av-section-cont-open' ><div class='template-page content  av-content-full alpha units'><div class='post-entry post-entry-type-page post-entry-14828'><div class='entry-content-wrapper clearfix'>\n\n<style type=\"text\/css\" data-created_by=\"avia_inline_auto\" id=\"style-css-av-kt90ndm2-678f7170e6ef6d95c75c8d1ec3c3898e\">\n.flex_column.av-kt90ndm2-678f7170e6ef6d95c75c8d1ec3c3898e{\nborder-radius:0px 0px 0px 0px;\npadding:0px 0px 0px 0px;\n}\n<\/style>\n<div  class='flex_column av-kt90ndm2-678f7170e6ef6d95c75c8d1ec3c3898e av_one_full  avia-builder-el-3  el_before_av_one_third  avia-builder-el-first  first flex_column_div av-animated-generic pop-up av-zero-column-padding'     ><p>\n<style type=\"text\/css\" data-created_by=\"avia_inline_auto\" id=\"style-css-av-m7lgvg-c11af4f15165c0829872e6b689c4aee3\">\n#top .av-special-heading.av-m7lgvg-c11af4f15165c0829872e6b689c4aee3{\npadding-bottom:30px;\n}\nbody .av-special-heading.av-m7lgvg-c11af4f15165c0829872e6b689c4aee3 .av-special-heading-tag .heading-char{\nfont-size:25px;\n}\n.av-special-heading.av-m7lgvg-c11af4f15165c0829872e6b689c4aee3 .av-subheading{\nfont-size:30px;\n}\n<\/style>\n<div  class='av-special-heading av-m7lgvg-c11af4f15165c0829872e6b689c4aee3 av-special-heading-h1 blockquote modern-quote modern-centered  avia-builder-el-4  el_before_av_hr  avia-builder-el-first  av-linked-heading'><h1 class='av-special-heading-tag'  >Conseil de fondation<\/h1><div class='av-subheading av-subheading_below'><p>Des repr\u00e9sentants renomm\u00e9s du secteur s'engagent<\/p>\n<\/div><div class=\"special-heading-border\"><div class=\"special-heading-inner-border\"><\/div><\/div><\/div><br \/>\n\n<style type=\"text\/css\" data-created_by=\"avia_inline_auto\" id=\"style-css-av-wmo4xo-e72941015c359dbc7803628033a45693\">\n#top .hr.av-wmo4xo-e72941015c359dbc7803628033a45693{\nmargin-top:5px;\nmargin-bottom:40px;\n}\n.hr.av-wmo4xo-e72941015c359dbc7803628033a45693 .hr-inner{\nwidth:150px;\nborder-color:#0088bc;\n}\n<\/style>\n<div  class='hr av-wmo4xo-e72941015c359dbc7803628033a45693 hr-custom  avia-builder-el-5  el_after_av_heading  avia-builder-el-last  trennlinie_punkt hr-center hr-icon-no'><span class='hr-inner inner-border-av-border-fat'><span class=\"hr-inner-style\"><\/span><\/span><\/div><\/p><\/div>\n<style type=\"text\/css\" data-created_by=\"avia_inline_auto\" id=\"style-css-av-1jktmzw-e18d72db26613140749a7ff35a285421\">\n.flex_column.av-1jktmzw-e18d72db26613140749a7ff35a285421{\nborder-radius:0px 0px 0px 0px;\npadding:0px 0px 0px 0px;\n}\n<\/style>\n<div  class='flex_column av-1jktmzw-e18d72db26613140749a7ff35a285421 av_one_third  avia-builder-el-6  el_after_av_one_full  el_before_av_one_third  first flex_column_div av-zero-column-padding  column-top-margin'     ><section  class='avia-team-member av-kt90u678-d94701b167638ae52cbec146fa2c37df  avia-builder-el-7  avia-builder-el-no-sibling' ><div class=\"team-img-container\"><img decoding=\"async\" fetchpriority=\"high\" class='wp-image-14876 avia-img-lazy-loading-not-14876 avia_image avia_image_team' src=\"https:\/\/polaris-stiftung.ch\/wp-content\/uploads\/Christian-Fiechter.jpg\" alt='Christian Fiechter'   height=\"800\" width=\"800\" srcset=\"https:\/\/polaris-stiftung.ch\/wp-content\/uploads\/Christian-Fiechter.jpg 800w, https:\/\/polaris-stiftung.ch\/wp-content\/uploads\/Christian-Fiechter-300x300.jpg 300w, https:\/\/polaris-stiftung.ch\/wp-content\/uploads\/Christian-Fiechter-80x80.jpg 80w, https:\/\/polaris-stiftung.ch\/wp-content\/uploads\/Christian-Fiechter-768x768.jpg 768w, https:\/\/polaris-stiftung.ch\/wp-content\/uploads\/Christian-Fiechter-36x36.jpg 36w, https:\/\/polaris-stiftung.ch\/wp-content\/uploads\/Christian-Fiechter-180x180.jpg 180w, https:\/\/polaris-stiftung.ch\/wp-content\/uploads\/Christian-Fiechter-705x705.jpg 705w\" sizes=\"(max-width: 800px) 100vw, 800px\" \/><\/div><h3 class='team-member-name' >Christian Fiechter<\/h3><div class='team-member-job-title' >Pr\u00e9sident <\/div><span class='hidden team-member-affiliation' >Fondation polaris<\/span><\/section><\/div>\n<style type=\"text\/css\" data-created_by=\"avia_inline_auto\" id=\"style-css-av-mwf8ss-d67d54a401139f42bdc99e273fcb9442\">\n.flex_column.av-mwf8ss-d67d54a401139f42bdc99e273fcb9442{\nborder-radius:0px 0px 0px 0px;\npadding:0px 0px 0px 0px;\n}\n<\/style>\n<div  class='flex_column av-mwf8ss-d67d54a401139f42bdc99e273fcb9442 av_one_third  avia-builder-el-8  el_after_av_one_third  el_before_av_one_third  flex_column_div av-zero-column-padding  column-top-margin'     ><section  class='avia-team-member av-kt90u678-db70e23d3dca2ba6ecf55dfdfc0f860f  avia-builder-el-9  avia-builder-el-no-sibling' ><div class=\"team-img-container\"><img decoding=\"async\" fetchpriority=\"high\" class='wp-image-14879 avia-img-lazy-loading-not-14879 avia_image avia_image_team' src=\"https:\/\/polaris-stiftung.ch\/wp-content\/uploads\/Eva-Jaisli.jpg\" alt='Dr. h.c. Eva Jaisli'   height=\"800\" width=\"800\" srcset=\"https:\/\/polaris-stiftung.ch\/wp-content\/uploads\/Eva-Jaisli.jpg 800w, https:\/\/polaris-stiftung.ch\/wp-content\/uploads\/Eva-Jaisli-300x300.jpg 300w, https:\/\/polaris-stiftung.ch\/wp-content\/uploads\/Eva-Jaisli-80x80.jpg 80w, https:\/\/polaris-stiftung.ch\/wp-content\/uploads\/Eva-Jaisli-768x768.jpg 768w, https:\/\/polaris-stiftung.ch\/wp-content\/uploads\/Eva-Jaisli-36x36.jpg 36w, https:\/\/polaris-stiftung.ch\/wp-content\/uploads\/Eva-Jaisli-180x180.jpg 180w, https:\/\/polaris-stiftung.ch\/wp-content\/uploads\/Eva-Jaisli-705x705.jpg 705w\" sizes=\"(max-width: 800px) 100vw, 800px\" \/><\/div><h3 class='team-member-name' >Dr. h.c. Eva Jaisli<\/h3><div class='team-member-job-title' >Vice-pr\u00e9sidente<br \/>\nCEO PB Swiss Tools AG<\/div><span class='hidden team-member-affiliation' >Fondation polaris<\/span><\/section><\/div>\n<style type=\"text\/css\" data-created_by=\"avia_inline_auto\" id=\"style-css-av-mwf8ss-d67d54a401139f42bdc99e273fcb9442\">\n.flex_column.av-mwf8ss-d67d54a401139f42bdc99e273fcb9442{\nborder-radius:0px 0px 0px 0px;\npadding:0px 0px 0px 0px;\n}\n<\/style>\n<div  class='flex_column av-mwf8ss-d67d54a401139f42bdc99e273fcb9442 av_one_third  avia-builder-el-10  el_after_av_one_third  el_before_av_one_third  flex_column_div av-zero-column-padding  column-top-margin'     ><section  class='avia-team-member av-kt90u678-f123747d980df8d6bef63be7c30b5be9  avia-builder-el-11  avia-builder-el-no-sibling' ><div class=\"team-img-container\"><img decoding=\"async\" fetchpriority=\"high\" class='wp-image-14882 avia-img-lazy-loading-not-14882 avia_image avia_image_team' src=\"https:\/\/polaris-stiftung.ch\/wp-content\/uploads\/Karl-Steiner.jpg\" alt='Karl Steiner'   height=\"800\" width=\"800\" srcset=\"https:\/\/polaris-stiftung.ch\/wp-content\/uploads\/Karl-Steiner.jpg 800w, https:\/\/polaris-stiftung.ch\/wp-content\/uploads\/Karl-Steiner-300x300.jpg 300w, https:\/\/polaris-stiftung.ch\/wp-content\/uploads\/Karl-Steiner-80x80.jpg 80w, https:\/\/polaris-stiftung.ch\/wp-content\/uploads\/Karl-Steiner-768x768.jpg 768w, https:\/\/polaris-stiftung.ch\/wp-content\/uploads\/Karl-Steiner-36x36.jpg 36w, https:\/\/polaris-stiftung.ch\/wp-content\/uploads\/Karl-Steiner-180x180.jpg 180w, https:\/\/polaris-stiftung.ch\/wp-content\/uploads\/Karl-Steiner-705x705.jpg 705w\" sizes=\"(max-width: 800px) 100vw, 800px\" \/><\/div><h3 class='team-member-name' >Karl Steiner<\/h3><div class='team-member-job-title' >Membre du conseil de fondation<br \/>\nDirecteur de K\u00e4rcher AG <\/div><span class='hidden team-member-affiliation' >Fondation polaris<\/span><\/section><\/div>\n<style type=\"text\/css\" data-created_by=\"avia_inline_auto\" id=\"style-css-av-mwf8ss-8a58504069e0acd5c2376d0363068238\">\n.flex_column.av-mwf8ss-8a58504069e0acd5c2376d0363068238{\nborder-radius:0px 0px 0px 0px;\npadding:0px 0px 0px 0px;\n}\n<\/style>\n<div  class='flex_column av-mwf8ss-8a58504069e0acd5c2376d0363068238 av_one_third  avia-builder-el-12  el_after_av_one_third  el_before_av_one_third  first flex_column_div av-zero-column-padding  column-top-margin'     ><section  class='avia-team-member av-kt90u678-5d164788c5098abdc737efeff84c7979  avia-builder-el-13  avia-builder-el-no-sibling' ><div class=\"team-img-container\"><img decoding=\"async\" fetchpriority=\"high\" class='wp-image-14884 avia-img-lazy-loading-not-14884 avia_image avia_image_team' src=\"https:\/\/polaris-stiftung.ch\/wp-content\/uploads\/Max-Feuz.jpg\" alt='Max Feuz'   height=\"800\" width=\"800\" srcset=\"https:\/\/polaris-stiftung.ch\/wp-content\/uploads\/Max-Feuz.jpg 800w, https:\/\/polaris-stiftung.ch\/wp-content\/uploads\/Max-Feuz-300x300.jpg 300w, https:\/\/polaris-stiftung.ch\/wp-content\/uploads\/Max-Feuz-80x80.jpg 80w, https:\/\/polaris-stiftung.ch\/wp-content\/uploads\/Max-Feuz-768x768.jpg 768w, https:\/\/polaris-stiftung.ch\/wp-content\/uploads\/Max-Feuz-36x36.jpg 36w, https:\/\/polaris-stiftung.ch\/wp-content\/uploads\/Max-Feuz-180x180.jpg 180w, https:\/\/polaris-stiftung.ch\/wp-content\/uploads\/Max-Feuz-705x705.jpg 705w\" sizes=\"(max-width: 800px) 100vw, 800px\" \/><\/div><h3 class='team-member-name' >Max Feuz<\/h3><div class='team-member-job-title' >Membre du conseil de fondation<br \/>\nPr\u00e9sident du CA e + h Services AG<\/div><span class='hidden team-member-affiliation' >Fondation polaris<\/span><\/section><\/div>\n<style type=\"text\/css\" data-created_by=\"avia_inline_auto\" id=\"style-css-av-mwf8ss-d67d54a401139f42bdc99e273fcb9442\">\n.flex_column.av-mwf8ss-d67d54a401139f42bdc99e273fcb9442{\nborder-radius:0px 0px 0px 0px;\npadding:0px 0px 0px 0px;\n}\n<\/style>\n<div  class='flex_column av-mwf8ss-d67d54a401139f42bdc99e273fcb9442 av_one_third  avia-builder-el-14  el_after_av_one_third  el_before_av_one_third  flex_column_div av-zero-column-padding  column-top-margin'     ><section  class='avia-team-member av-kt90u678-dbbfd37586e0ea208abdba363d6947bc  avia-builder-el-15  avia-builder-el-no-sibling' ><div class=\"team-img-container\"><img decoding=\"async\" fetchpriority=\"high\" class='wp-image-14886 avia-img-lazy-loading-not-14886 avia_image avia_image_team' src=\"https:\/\/polaris-stiftung.ch\/wp-content\/uploads\/Marc-Peterhans.jpg\" alt='Marc Peterhans'   height=\"800\" width=\"800\" srcset=\"https:\/\/polaris-stiftung.ch\/wp-content\/uploads\/Marc-Peterhans.jpg 800w, https:\/\/polaris-stiftung.ch\/wp-content\/uploads\/Marc-Peterhans-300x300.jpg 300w, https:\/\/polaris-stiftung.ch\/wp-content\/uploads\/Marc-Peterhans-80x80.jpg 80w, https:\/\/polaris-stiftung.ch\/wp-content\/uploads\/Marc-Peterhans-768x768.jpg 768w, https:\/\/polaris-stiftung.ch\/wp-content\/uploads\/Marc-Peterhans-36x36.jpg 36w, https:\/\/polaris-stiftung.ch\/wp-content\/uploads\/Marc-Peterhans-180x180.jpg 180w, https:\/\/polaris-stiftung.ch\/wp-content\/uploads\/Marc-Peterhans-705x705.jpg 705w\" sizes=\"(max-width: 800px) 100vw, 800px\" \/><\/div><h3 class='team-member-name' >Marc Peterhans<\/h3><div class='team-member-job-title' >Membre du conseil de fondation<br \/>\nDirecteur g\u00e9n\u00e9ral Peterhans<br \/>\nHandwerkercenter AG<\/div><span class='hidden team-member-affiliation' >Fondation polaris<\/span><\/section><\/div>\n<style type=\"text\/css\" data-created_by=\"avia_inline_auto\" id=\"style-css-av-1936dzg-a168fa80ce7b694020bd6aa66deb4083\">\n.flex_column.av-1936dzg-a168fa80ce7b694020bd6aa66deb4083{\nborder-radius:0px 0px 0px 0px;\npadding:0px 0px 0px 0px;\n}\n<\/style>\n<div  class='flex_column av-1936dzg-a168fa80ce7b694020bd6aa66deb4083 av_one_third  avia-builder-el-16  el_after_av_one_third  avia-builder-el-last  flex_column_div av-zero-column-padding  column-top-margin'     ><section  class='avia-team-member av-kt90u678-3c1076282fb83de9e108c1af41e78a9f  avia-builder-el-17  avia-builder-el-no-sibling' ><div class=\"team-img-container\"><img decoding=\"async\" fetchpriority=\"high\" class='wp-image-14883 avia-img-lazy-loading-not-14883 avia_image avia_image_team' src=\"https:\/\/polaris-stiftung.ch\/wp-content\/uploads\/Christoph-Rotermund-1.jpg\" alt='Christoph Rotermund'   height=\"800\" width=\"800\" srcset=\"https:\/\/polaris-stiftung.ch\/wp-content\/uploads\/Christoph-Rotermund-1.jpg 800w, https:\/\/polaris-stiftung.ch\/wp-content\/uploads\/Christoph-Rotermund-1-300x300.jpg 300w, https:\/\/polaris-stiftung.ch\/wp-content\/uploads\/Christoph-Rotermund-1-80x80.jpg 80w, https:\/\/polaris-stiftung.ch\/wp-content\/uploads\/Christoph-Rotermund-1-768x768.jpg 768w, https:\/\/polaris-stiftung.ch\/wp-content\/uploads\/Christoph-Rotermund-1-36x36.jpg 36w, https:\/\/polaris-stiftung.ch\/wp-content\/uploads\/Christoph-Rotermund-1-180x180.jpg 180w, https:\/\/polaris-stiftung.ch\/wp-content\/uploads\/Christoph-Rotermund-1-705x705.jpg 705w\" sizes=\"(max-width: 800px) 100vw, 800px\" \/><\/div><h3 class='team-member-name' >Christoph Rotermund<\/h3><div class='team-member-job-title' >Directeur g\u00e9n\u00e9ral<\/div><span class='hidden team-member-affiliation' >Fondation polaris<\/span><\/section><\/div>\n\n<\/div><\/div><\/div><!-- close content main div --><\/div><\/div>\n<style type=\"text\/css\" data-created_by=\"avia_inline_auto\" id=\"style-css-av-kt8zfgko-88d6bbc3f3457c82c759803cde9d4f59\">\n.avia-section.av-kt8zfgko-88d6bbc3f3457c82c759803cde9d4f59 .av-parallax .av-parallax-inner{\nbackground-repeat:no-repeat;\nbackground-image:url(https:\/\/polaris-stiftung.ch\/wp-content\/uploads\/stiftungsrat.jpg);\nbackground-position:50% 0%;\nbackground-attachment:scroll;\n}\n.avia-section.av-kt8zfgko-88d6bbc3f3457c82c759803cde9d4f59 .av-section-color-overlay{\nopacity:0.5;\nbackground-color:#000000;\n}\n<\/style>\n<div id='av_section_2'  class='avia-section av-kt8zfgko-88d6bbc3f3457c82c759803cde9d4f59 main_color avia-section-huge avia-no-border-styling  avia-builder-el-18  el_after_av_section  avia-builder-el-last  av-parallax-section avia-bg-style-parallax av-section-color-overlay-active container_wrap fullsize'  data-section-bg-repeat='no-repeat'><div class='av-parallax' data-avia-parallax-ratio='0.3' ><div class='av-parallax-inner main_color avia-full-stretch'><\/div><\/div><div class=\"av-section-color-overlay-wrap\"><div class=\"av-section-color-overlay\"><\/div><div class='container av-section-cont-open' ><div class='template-page content  av-content-full alpha units'><div class='post-entry post-entry-type-page post-entry-14828'><div class='entry-content-wrapper clearfix'>\n\n<style type=\"text\/css\" data-created_by=\"avia_inline_auto\" id=\"style-css-av-12j40mk-786876ca750872ab7c80b52f36720063\">\n.flex_column.av-12j40mk-786876ca750872ab7c80b52f36720063{\nborder-radius:0px 0px 0px 0px;\npadding:0px 0px 0px 0px;\n}\n<\/style>\n<div  class='flex_column av-12j40mk-786876ca750872ab7c80b52f36720063 av_one_fifth  avia-builder-el-19  el_before_av_three_fifth  avia-builder-el-first  first flex_column_div av-zero-column-padding'     ><\/div>\n<style type=\"text\/css\" data-created_by=\"avia_inline_auto\" id=\"style-css-av-12qbd1m-2ff2a58e78a2727ce1762ea658082b93\">\n.flex_column.av-12qbd1m-2ff2a58e78a2727ce1762ea658082b93{\nborder-radius:0px 0px 0px 0px;\npadding:0px 0px 0px 0px;\n}\n<\/style>\n<div  class='flex_column av-12qbd1m-2ff2a58e78a2727ce1762ea658082b93 av_three_fifth  avia-builder-el-20  el_after_av_one_fifth  el_before_av_one_fifth  flex_column_div av-animated-generic pop-up av-zero-column-padding'     ><style type=\"text\/css\" data-created_by=\"avia_inline_auto\" id=\"style-css-av-kt8zg92d-84ac9005ae5f19cf122bc9402db21842\">\n#top .av_textblock_section.av-kt8zg92d-84ac9005ae5f19cf122bc9402db21842 .avia_textblock{\nfont-size:26px;\ncolor:#ffffff;\n}\n<\/style>\n<section  class='av_textblock_section av-kt8zg92d-84ac9005ae5f19cf122bc9402db21842'  ><div class='avia_textblock av_inherit_color' ><p style=\"text-align: center;\">\"La fondation polaris veut, par la voie des bonnes performances, stimuler tous ceux qui n'exploitent pas encore pleinement leur potentiel\".<\/p>\n<\/div><\/section><\/div>\n<style type=\"text\/css\" data-created_by=\"avia_inline_auto\" id=\"style-css-av-rg3azw-0c50be0ede1e3821808f2a6c108782f1\">\n.flex_column.av-rg3azw-0c50be0ede1e3821808f2a6c108782f1{\nborder-radius:0px 0px 0px 0px;\npadding:0px 0px 0px 0px;\n}\n<\/style>\n<div  class='flex_column av-rg3azw-0c50be0ede1e3821808f2a6c108782f1 av_one_fifth  avia-builder-el-22  el_after_av_three_fifth  avia-builder-el-last  flex_column_div av-zero-column-padding'     ><\/div>","protected":false},"excerpt":{"rendered":"","protected":false},"author":1,"featured_media":0,"parent":14719,"menu_order":2,"comment_status":"closed","ping_status":"closed","template":"","meta":{"_seopress_robots_primary_cat":"","_seopress_titles_title":"Der Stiftungsrat der F\u00f6rderstiftung polaris","_seopress_titles_desc":"Die Stiftung polaris will \u00fcber den Weg der guten Leistungen all jene anspornen, die ihre Potenziale noch nicht ganz aussch\u00f6pfen.","_seopress_robots_index":"","footnotes":""},"folder":[],"class_list":["post-14828","page","type-page","status-publish","hentry"],"_links":{"self":[{"href":"https:\/\/polaris-stiftung.ch\/fr\/wp-json\/wp\/v2\/pages\/14828","targetHints":{"allow":["GET"]}}],"collection":[{"href":"https:\/\/polaris-stiftung.ch\/fr\/wp-json\/wp\/v2\/pages"}],"about":[{"href":"https:\/\/polaris-stiftung.ch\/fr\/wp-json\/wp\/v2\/types\/page"}],"author":[{"embeddable":true,"href":"https:\/\/polaris-stiftung.ch\/fr\/wp-json\/wp\/v2\/users\/1"}],"replies":[{"embeddable":true,"href":"https:\/\/polaris-stiftung.ch\/fr\/wp-json\/wp\/v2\/comments?post=14828"}],"version-history":[{"count":5,"href":"https:\/\/polaris-stiftung.ch\/fr\/wp-json\/wp\/v2\/pages\/14828\/revisions"}],"predecessor-version":[{"id":18124,"href":"https:\/\/polaris-stiftung.ch\/fr\/wp-json\/wp\/v2\/pages\/14828\/revisions\/18124"}],"up":[{"embeddable":true,"href":"https:\/\/polaris-stiftung.ch\/fr\/wp-json\/wp\/v2\/pages\/14719"}],"wp:attachment":[{"href":"https:\/\/polaris-stiftung.ch\/fr\/wp-json\/wp\/v2\/media?parent=14828"}],"wp:term":[{"taxonomy":"folder","embeddable":true,"href":"https:\/\/polaris-stiftung.ch\/fr\/wp-json\/wp\/v2\/folder?post=14828"}],"curies":[{"name":"wp","href":"https:\/\/api.w.org\/{rel}","templated":true}]}}