{"id":14789,"date":"2021-09-02T21:33:09","date_gmt":"2021-09-02T19:33:09","guid":{"rendered":"https:\/\/polaris.aretis-staging.ch\/?page_id=14789"},"modified":"2022-02-01T11:27:08","modified_gmt":"2022-02-01T10:27:08","slug":"formation-des-porteurs-de-prix","status":"publish","type":"page","link":"https:\/\/polaris-stiftung.ch\/fr\/remise-des-prix\/remise-des-prix-2019\/formation-des-porteurs-de-prix\/","title":{"rendered":"Laur\u00e9ats de la formation 2019"},"content":{"rendered":"<div class='clear'><\/div><div id='sub_menu1'  class='av-submenu-container av-kt3ce23u-e246c2ef6bc0652b21bcce9a33907b44 main_color  avia-builder-el-0  el_before_av_one_full  avia-builder-el-first  av-sticky-submenu container_wrap fullsize' style='z-index:301' ><div class='container av-menu-mobile-disabled av-submenu-pos-center'><ul id=\"menu-preisverleihung\" class=\"av-subnav-menu\" role=\"menu\"><li role=\"menuitem\" id=\"menu-item-18649\" class=\"menu-item menu-item-type-post_type menu-item-object-page menu-item-top-level menu-item-top-level-1\"><a href=\"https:\/\/polaris-stiftung.ch\/fr\/17-remise-des-prix-2026\/\" tabindex=\"0\"><span class=\"avia-bullet\"><\/span><span class=\"avia-menu-text\">2026<\/span><span class=\"avia-menu-fx\"><span class=\"avia-arrow-wrap\"><span class=\"avia-arrow\"><\/span><\/span><\/span><\/a><\/li>\n<li role=\"menuitem\" id=\"menu-item-18176\" class=\"menu-item menu-item-type-post_type menu-item-object-page menu-item-top-level menu-item-top-level-2\"><a href=\"https:\/\/polaris-stiftung.ch\/fr\/remise-des-prix\/16-remise-des-prix-2025\/\" tabindex=\"0\"><span class=\"avia-bullet\"><\/span><span class=\"avia-menu-text\">2025<\/span><span class=\"avia-menu-fx\"><span class=\"avia-arrow-wrap\"><span class=\"avia-arrow\"><\/span><\/span><\/span><\/a><\/li>\n<li role=\"menuitem\" id=\"menu-item-17590\" class=\"menu-item menu-item-type-post_type menu-item-object-page menu-item-top-level menu-item-top-level-3\"><a href=\"https:\/\/polaris-stiftung.ch\/fr\/remise-des-prix\/13-preisverleihung-3\/\" tabindex=\"0\"><span class=\"avia-bullet\"><\/span><span class=\"avia-menu-text\">2024<\/span><span class=\"avia-menu-fx\"><span class=\"avia-arrow-wrap\"><span class=\"avia-arrow\"><\/span><\/span><\/span><\/a><\/li>\n<li role=\"menuitem\" id=\"menu-item-15806\" class=\"menu-item menu-item-type-post_type menu-item-object-page menu-item-top-level menu-item-top-level-4\"><a href=\"https:\/\/polaris-stiftung.ch\/fr\/remise-des-prix\/archives-des-prix\/\" tabindex=\"0\"><span class=\"avia-bullet\"><\/span><span class=\"avia-menu-text\">Archives<\/span><span class=\"avia-menu-fx\"><span class=\"avia-arrow-wrap\"><span class=\"avia-arrow\"><\/span><\/span><\/span><\/a><\/li>\n<\/ul><\/div><\/div><div class='sticky_placeholder'><\/div><div id='after_submenu_1'  class='main_color av_default_container_wrap container_wrap fullsize'  ><div class='container av-section-cont-open' ><div class='template-page content  av-content-full alpha units'><div class='post-entry post-entry-type-page post-entry-14789'><div class='entry-content-wrapper clearfix'>\n\n<style type=\"text\/css\" data-created_by=\"avia_inline_auto\" id=\"style-css-av-ue0bhf-7d9f8236c81fcf01de00c2058f551c48\">\n.flex_column.av-ue0bhf-7d9f8236c81fcf01de00c2058f551c48{\nborder-radius:0px 0px 0px 0px;\npadding:0px 0px 0px 0px;\n}\n<\/style>\n<div  class='flex_column av-ue0bhf-7d9f8236c81fcf01de00c2058f551c48 av_one_full  avia-builder-el-1  el_after_av_submenu  el_before_av_heading  avia-builder-el-first  first flex_column_div av-zero-column-padding'     ><p>\n<style type=\"text\/css\" data-created_by=\"avia_inline_auto\" id=\"style-css-av-ktebws1o-fd107caf99a9ecc9155affe411d60a95\">\n#top .av-special-heading.av-ktebws1o-fd107caf99a9ecc9155affe411d60a95{\npadding-bottom:30px;\n}\nbody .av-special-heading.av-ktebws1o-fd107caf99a9ecc9155affe411d60a95 .av-special-heading-tag .heading-char{\nfont-size:25px;\n}\n.av-special-heading.av-ktebws1o-fd107caf99a9ecc9155affe411d60a95 .av-subheading{\nfont-size:30px;\n}\n<\/style>\n<div  class='av-special-heading av-ktebws1o-fd107caf99a9ecc9155affe411d60a95 av-special-heading-h1 blockquote modern-quote  avia-builder-el-2  el_before_av_hr  avia-builder-el-first  av-linked-heading'><h1 class='av-special-heading-tag'  >Laur\u00e9ats de la formation 2018<\/h1><div class='av-subheading av-subheading_below'><p>Valoriser les meilleurs<\/p>\n<\/div><div class=\"special-heading-border\"><div class=\"special-heading-inner-border\"><\/div><\/div><\/div><br \/>\n\n<style type=\"text\/css\" data-created_by=\"avia_inline_auto\" id=\"style-css-av-wmo4xo-6f2752474eafa9d1959403e3bc0ad7cd\">\n#top .hr.av-wmo4xo-6f2752474eafa9d1959403e3bc0ad7cd{\nmargin-top:5px;\nmargin-bottom:10px;\n}\n.hr.av-wmo4xo-6f2752474eafa9d1959403e3bc0ad7cd .hr-inner{\nwidth:150px;\nborder-color:#0088bc;\n}\n<\/style>\n<div  class='hr av-wmo4xo-6f2752474eafa9d1959403e3bc0ad7cd hr-custom  avia-builder-el-3  el_after_av_heading  avia-builder-el-last  trennlinie_punkt hr-left hr-icon-no'><span class='hr-inner inner-border-av-border-fat'><span class=\"hr-inner-style\"><\/span><\/span><\/div><\/p><\/div>\n<style type=\"text\/css\" data-created_by=\"avia_inline_auto\" id=\"style-css-av-av_heading-c8b0806ee40cbe199a79da447787a341\">\n#top .av-special-heading.av-av_heading-c8b0806ee40cbe199a79da447787a341{\npadding-bottom:0;\n}\nbody .av-special-heading.av-av_heading-c8b0806ee40cbe199a79da447787a341 .av-special-heading-tag .heading-char{\nfont-size:25px;\n}\n.av-special-heading.av-av_heading-c8b0806ee40cbe199a79da447787a341 .av-subheading{\nfont-size:15px;\n}\n<\/style>\n<div  class='av-special-heading av-av_heading-c8b0806ee40cbe199a79da447787a341 av-special-heading-h3  avia-builder-el-4  el_after_av_one_full  el_before_av_two_fifth'><h3 class='av-special-heading-tag'  >Sarah Betschart<\/h3><div class=\"special-heading-border\"><div class=\"special-heading-inner-border\"><\/div><\/div><\/div><\/p>\n<div class='flex_column_table av-12eiz8l-6384209089cf3f37c3fe0a8f2ef194ce sc-av_two_fifth av-equal-height-column-flextable'>\n<style type=\"text\/css\" data-created_by=\"avia_inline_auto\" id=\"style-css-av-12eiz8l-6384209089cf3f37c3fe0a8f2ef194ce\">\n#top .flex_column_table.av-equal-height-column-flextable.av-12eiz8l-6384209089cf3f37c3fe0a8f2ef194ce{\nmargin-top:20px;\nmargin-bottom:0px;\n}\n.flex_column.av-12eiz8l-6384209089cf3f37c3fe0a8f2ef194ce{\nborder-radius:0px 0px 0px 0px;\npadding:0px 0px 0px 0px;\n}\n<\/style>\n<div  class='flex_column av-12eiz8l-6384209089cf3f37c3fe0a8f2ef194ce av_two_fifth  avia-builder-el-5  el_after_av_heading  el_before_av_three_fifth  first flex_column_table_cell av-equal-height-column av-align-top av-zero-column-padding'     ><style type=\"text\/css\" data-created_by=\"avia_inline_auto\" id=\"style-css-av-kt5ox7ms-dde295e9e8729d0fa87ffaf7003c0ae8\">\n.avia-image-container.av-kt5ox7ms-dde295e9e8729d0fa87ffaf7003c0ae8 img.avia_image{\nbox-shadow:none;\n}\n.avia-image-container.av-kt5ox7ms-dde295e9e8729d0fa87ffaf7003c0ae8 .av-image-caption-overlay-center{\ncolor:#ffffff;\n}\n<\/style>\n<div  class='avia-image-container av-kt5ox7ms-dde295e9e8729d0fa87ffaf7003c0ae8 av-styling- avia-align-left  avia-builder-el-6  avia-builder-el-no-sibling'  ><div class=\"avia-image-container-inner\"><div class=\"avia-image-overlay-wrap\"><img decoding=\"async\" fetchpriority=\"high\" class='wp-image-15133 avia-img-lazy-loading-not-15133 avia_image' src=\"https:\/\/polaris-stiftung.ch\/wp-content\/uploads\/sarah_betschart-1.jpg\" alt='' title=''  height=\"274\" width=\"274\" srcset=\"https:\/\/polaris-stiftung.ch\/wp-content\/uploads\/sarah_betschart-1.jpg 274w, https:\/\/polaris-stiftung.ch\/wp-content\/uploads\/sarah_betschart-1-80x80.jpg 80w, https:\/\/polaris-stiftung.ch\/wp-content\/uploads\/sarah_betschart-1-36x36.jpg 36w, https:\/\/polaris-stiftung.ch\/wp-content\/uploads\/sarah_betschart-1-180x180.jpg 180w\" sizes=\"(max-width: 274px) 100vw, 274px\" \/><\/div><\/div><\/div><\/div>\n<div class='av-flex-placeholder'><\/div>\n<style type=\"text\/css\" data-created_by=\"avia_inline_auto\" id=\"style-css-av-jgrif9-62c79b81d53e50d19ee3995efef34d9b\">\n#top .flex_column_table.av-equal-height-column-flextable.av-jgrif9-62c79b81d53e50d19ee3995efef34d9b{\nmargin-top:20px;\nmargin-bottom:0px;\n}\n.flex_column.av-jgrif9-62c79b81d53e50d19ee3995efef34d9b{\nborder-radius:0px 0px 0px 0px;\npadding:0px 0px 0px 0px;\n}\n<\/style>\n<div  class='flex_column av-jgrif9-62c79b81d53e50d19ee3995efef34d9b av_three_fifth  avia-builder-el-7  el_after_av_two_fifth  el_before_av_hr  flex_column_table_cell av-equal-height-column av-align-top av-zero-column-padding'     ><section  class='av_textblock_section av-kt5oy7f7-ffc5963e15face7074f6f58f65acc7ce'  ><div class='avia_textblock' ><p><span class='av_dropcap1 av-av_dropcap1-3cd9da5fea0ef5fb27aee617571c39a3'>S<\/span>arah Betschart a fait sa formation de gestionnaire du commerce de d\u00e9tail en m\u00e9nage \u00e0 la coop\u00e9rative Migros de Lucerne \u00e0 Zoug et l'a termin\u00e9e avec une note globale de 5,6. Outre les connaissances professionnelles, Mme Betschart consid\u00e8re que l'exp\u00e9rience avec les gens est un grand avantage. Elle a gagn\u00e9 en maturit\u00e9 et s'est fait de nouveaux amis pendant son apprentissage. De plus, elle a compris que l'assiduit\u00e9 valait la peine pour obtenir quelque chose. - D'un autre c\u00f4t\u00e9, elle aurait parfois souhait\u00e9 un peu plus de reconnaissance pour cette assiduit\u00e9.<\/p>\n<\/div><\/section><\/div><\/div><!--close column table wrapper. Autoclose: 1 -->\n\n<style type=\"text\/css\" data-created_by=\"avia_inline_auto\" id=\"style-css-av-oqzi79-18e0dc3f0b0fb32a3050641877a8dcd4\">\n#top .hr.hr-invisible.av-oqzi79-18e0dc3f0b0fb32a3050641877a8dcd4{\nheight:30px;\n}\n<\/style>\n<div  class='hr av-oqzi79-18e0dc3f0b0fb32a3050641877a8dcd4 hr-invisible  avia-builder-el-9  el_after_av_three_fifth  el_before_av_heading'><span class='hr-inner'><span class=\"hr-inner-style\"><\/span><\/span><\/div>\n\n<style type=\"text\/css\" data-created_by=\"avia_inline_auto\" id=\"style-css-av-av_heading-9fb199ae85bed07a61822ddf66dbebf0\">\n#top .av-special-heading.av-av_heading-9fb199ae85bed07a61822ddf66dbebf0{\npadding-bottom:0;\n}\nbody .av-special-heading.av-av_heading-9fb199ae85bed07a61822ddf66dbebf0 .av-special-heading-tag .heading-char{\nfont-size:25px;\n}\n.av-special-heading.av-av_heading-9fb199ae85bed07a61822ddf66dbebf0 .av-subheading{\nfont-size:15px;\n}\n<\/style>\n<div  class='av-special-heading av-av_heading-9fb199ae85bed07a61822ddf66dbebf0 av-special-heading-h3  avia-builder-el-10  el_after_av_hr  el_before_av_two_fifth'><h3 class='av-special-heading-tag'  >Jessica B\u00f6siger<\/h3><div class=\"special-heading-border\"><div class=\"special-heading-inner-border\"><\/div><\/div><\/div>\n\n<style type=\"text\/css\" data-created_by=\"avia_inline_auto\" id=\"style-css-av-12eiz8l-5cc56ffb71316a7c8ecaa716bb4b07e9\">\n#top .flex_column.av-12eiz8l-5cc56ffb71316a7c8ecaa716bb4b07e9{\nmargin-top:20px;\nmargin-bottom:0px;\n}\n.flex_column.av-12eiz8l-5cc56ffb71316a7c8ecaa716bb4b07e9{\nborder-radius:0px 0px 0px 0px;\npadding:0px 0px 0px 0px;\n}\n.responsive #top #wrap_all .flex_column.av-12eiz8l-5cc56ffb71316a7c8ecaa716bb4b07e9{\nmargin-top:20px;\nmargin-bottom:0px;\n}\n<\/style>\n<div  class='flex_column av-12eiz8l-5cc56ffb71316a7c8ecaa716bb4b07e9 av_two_fifth  avia-builder-el-11  el_after_av_heading  el_before_av_three_fifth  first flex_column_div av-zero-column-padding'     ><style type=\"text\/css\" data-created_by=\"avia_inline_auto\" id=\"style-css-av-kt5ox7ms-7d09004254cdb09ac050fd227decad64\">\n.avia-image-container.av-kt5ox7ms-7d09004254cdb09ac050fd227decad64 img.avia_image{\nbox-shadow:none;\n}\n.avia-image-container.av-kt5ox7ms-7d09004254cdb09ac050fd227decad64 .av-image-caption-overlay-center{\ncolor:#ffffff;\n}\n<\/style>\n<div  class='avia-image-container av-kt5ox7ms-7d09004254cdb09ac050fd227decad64 av-styling- avia-align-left  avia-builder-el-12  avia-builder-el-no-sibling'  ><div class=\"avia-image-container-inner\"><div class=\"avia-image-overlay-wrap\"><img decoding=\"async\" fetchpriority=\"high\" class='wp-image-15140 avia-img-lazy-loading-not-15140 avia_image' src=\"https:\/\/polaris-stiftung.ch\/wp-content\/uploads\/jessica_boesiger-1.jpg\" alt='' title=''  height=\"274\" width=\"274\" srcset=\"https:\/\/polaris-stiftung.ch\/wp-content\/uploads\/jessica_boesiger-1.jpg 274w, https:\/\/polaris-stiftung.ch\/wp-content\/uploads\/jessica_boesiger-1-80x80.jpg 80w, https:\/\/polaris-stiftung.ch\/wp-content\/uploads\/jessica_boesiger-1-36x36.jpg 36w, https:\/\/polaris-stiftung.ch\/wp-content\/uploads\/jessica_boesiger-1-180x180.jpg 180w\" sizes=\"(max-width: 274px) 100vw, 274px\" \/><\/div><\/div><\/div><\/div>\n\n<style type=\"text\/css\" data-created_by=\"avia_inline_auto\" id=\"style-css-av-jgrif9-62c79b81d53e50d19ee3995efef34d9b\">\n#top .flex_column.av-jgrif9-62c79b81d53e50d19ee3995efef34d9b{\nmargin-top:20px;\nmargin-bottom:0px;\n}\n.flex_column.av-jgrif9-62c79b81d53e50d19ee3995efef34d9b{\nborder-radius:0px 0px 0px 0px;\npadding:0px 0px 0px 0px;\n}\n.responsive #top #wrap_all .flex_column.av-jgrif9-62c79b81d53e50d19ee3995efef34d9b{\nmargin-top:20px;\nmargin-bottom:0px;\n}\n<\/style>\n<div  class='flex_column av-jgrif9-62c79b81d53e50d19ee3995efef34d9b av_three_fifth  avia-builder-el-13  el_after_av_two_fifth  el_before_av_hr  flex_column_div av-zero-column-padding'     ><section  class='av_textblock_section av-kt5oy7f7-ffc5963e15face7074f6f58f65acc7ce'  ><div class='avia_textblock' ><p><span class='av_dropcap1 av-av_dropcap1-3cd9da5fea0ef5fb27aee617571c39a3'>J<\/span>essica B\u00f6siger a termin\u00e9 sa formation d'assistante du commerce de d\u00e9tail \u00e0 domicile \u00e0 la coop\u00e9rative Migros de B\u00e2le \u00e0 M\u00fcnchenstein avec une note globale de 5,5. Madame B\u00f6siger nous a confi\u00e9 qu'elle avait une ma\u00eetresse de classe g\u00e9niale et que son \u00e9quipe fonctionnait tr\u00e8s bien. Cela l'a \u00e9galement aid\u00e9e dans les moments o\u00f9 tout n'allait pas tr\u00e8s bien. Madame B\u00f6siger trouve le secteur du m\u00e9nage passionnant et vari\u00e9. Et pourtant, il pourrait y avoir un changement de branche - \u00e9ventuellement aussi une maturit\u00e9 professionnelle ou une formation commerciale continue.<\/p>\n<\/div><\/section><\/div>\n\n<style type=\"text\/css\" data-created_by=\"avia_inline_auto\" id=\"style-css-av-oqzi79-18e0dc3f0b0fb32a3050641877a8dcd4\">\n#top .hr.hr-invisible.av-oqzi79-18e0dc3f0b0fb32a3050641877a8dcd4{\nheight:30px;\n}\n<\/style>\n<div  class='hr av-oqzi79-18e0dc3f0b0fb32a3050641877a8dcd4 hr-invisible  avia-builder-el-15  el_after_av_three_fifth  el_before_av_heading'><span class='hr-inner'><span class=\"hr-inner-style\"><\/span><\/span><\/div>\n\n<style type=\"text\/css\" data-created_by=\"avia_inline_auto\" id=\"style-css-av-av_heading-c958d303f41326864c024d4b7396b0a9\">\n#top .av-special-heading.av-av_heading-c958d303f41326864c024d4b7396b0a9{\npadding-bottom:0;\n}\nbody .av-special-heading.av-av_heading-c958d303f41326864c024d4b7396b0a9 .av-special-heading-tag .heading-char{\nfont-size:25px;\n}\n.av-special-heading.av-av_heading-c958d303f41326864c024d4b7396b0a9 .av-subheading{\nfont-size:15px;\n}\n<\/style>\n<div  class='av-special-heading av-av_heading-c958d303f41326864c024d4b7396b0a9 av-special-heading-h3  avia-builder-el-16  el_after_av_hr  el_before_av_two_fifth'><h3 class='av-special-heading-tag'  >Michelle Beeler<\/h3><div class=\"special-heading-border\"><div class=\"special-heading-inner-border\"><\/div><\/div><\/div>\n\n<style type=\"text\/css\" data-created_by=\"avia_inline_auto\" id=\"style-css-av-12eiz8l-5cc56ffb71316a7c8ecaa716bb4b07e9\">\n#top .flex_column.av-12eiz8l-5cc56ffb71316a7c8ecaa716bb4b07e9{\nmargin-top:20px;\nmargin-bottom:0px;\n}\n.flex_column.av-12eiz8l-5cc56ffb71316a7c8ecaa716bb4b07e9{\nborder-radius:0px 0px 0px 0px;\npadding:0px 0px 0px 0px;\n}\n.responsive #top #wrap_all .flex_column.av-12eiz8l-5cc56ffb71316a7c8ecaa716bb4b07e9{\nmargin-top:20px;\nmargin-bottom:0px;\n}\n<\/style>\n<div  class='flex_column av-12eiz8l-5cc56ffb71316a7c8ecaa716bb4b07e9 av_two_fifth  avia-builder-el-17  el_after_av_heading  el_before_av_three_fifth  first flex_column_div av-zero-column-padding'     ><style type=\"text\/css\" data-created_by=\"avia_inline_auto\" id=\"style-css-av-kt5ox7ms-b1d8152235548536c5739de3ec00878c\">\n.avia-image-container.av-kt5ox7ms-b1d8152235548536c5739de3ec00878c img.avia_image{\nbox-shadow:none;\n}\n.avia-image-container.av-kt5ox7ms-b1d8152235548536c5739de3ec00878c .av-image-caption-overlay-center{\ncolor:#ffffff;\n}\n<\/style>\n<div  class='avia-image-container av-kt5ox7ms-b1d8152235548536c5739de3ec00878c av-styling- avia-align-left  avia-builder-el-18  avia-builder-el-no-sibling'  ><div class=\"avia-image-container-inner\"><div class=\"avia-image-overlay-wrap\"><img decoding=\"async\" fetchpriority=\"high\" class='wp-image-15141 avia-img-lazy-loading-not-15141 avia_image' src=\"https:\/\/polaris-stiftung.ch\/wp-content\/uploads\/michelle_beeler-1.jpg\" alt='' title=''  height=\"274\" width=\"274\" srcset=\"https:\/\/polaris-stiftung.ch\/wp-content\/uploads\/michelle_beeler-1.jpg 274w, https:\/\/polaris-stiftung.ch\/wp-content\/uploads\/michelle_beeler-1-80x80.jpg 80w, https:\/\/polaris-stiftung.ch\/wp-content\/uploads\/michelle_beeler-1-36x36.jpg 36w, https:\/\/polaris-stiftung.ch\/wp-content\/uploads\/michelle_beeler-1-180x180.jpg 180w\" sizes=\"(max-width: 274px) 100vw, 274px\" \/><\/div><\/div><\/div><\/div>\n\n<style type=\"text\/css\" data-created_by=\"avia_inline_auto\" id=\"style-css-av-jgrif9-62c79b81d53e50d19ee3995efef34d9b\">\n#top .flex_column.av-jgrif9-62c79b81d53e50d19ee3995efef34d9b{\nmargin-top:20px;\nmargin-bottom:0px;\n}\n.flex_column.av-jgrif9-62c79b81d53e50d19ee3995efef34d9b{\nborder-radius:0px 0px 0px 0px;\npadding:0px 0px 0px 0px;\n}\n.responsive #top #wrap_all .flex_column.av-jgrif9-62c79b81d53e50d19ee3995efef34d9b{\nmargin-top:20px;\nmargin-bottom:0px;\n}\n<\/style>\n<div  class='flex_column av-jgrif9-62c79b81d53e50d19ee3995efef34d9b av_three_fifth  avia-builder-el-19  el_after_av_two_fifth  el_before_av_hr  flex_column_div av-zero-column-padding'     ><section  class='av_textblock_section av-kt5oy7f7-ffc5963e15face7074f6f58f65acc7ce'  ><div class='avia_textblock' ><p><span class='av_dropcap1 av-av_dropcap1-3cd9da5fea0ef5fb27aee617571c39a3'>M<\/span>ichelle Beeler a suivi une formation de gestionnaire du commerce de d\u00e9tail dans le domaine de l'\u00e9lectrom\u00e9nager chez Zinsli Eisenwaren + Haushalt AG \u00e0 Ilanz. Elle a obtenu un total de 95 points sur 100 possibles dans les cours interentreprises - et a ainsi m\u00e9rit\u00e9 un 6,0 sans faute comme note. Pour Mme Beeler, il a toujours \u00e9t\u00e9 particuli\u00e8rement important de pouvoir aider ses clients avec de bons conseils. Lorsqu'une cliente quittait le magasin vraiment heureuse, cela la rendait \u00e9galement heureuse. Tout \u00e0 fait selon la devise : \"Une joie partag\u00e9e est une joie doubl\u00e9e\" ! Michelle Beeler en a fait directement l'exp\u00e9rience.<\/p>\n<\/div><\/section><\/div>\n\n<style type=\"text\/css\" data-created_by=\"avia_inline_auto\" id=\"style-css-av-oqzi79-18e0dc3f0b0fb32a3050641877a8dcd4\">\n#top .hr.hr-invisible.av-oqzi79-18e0dc3f0b0fb32a3050641877a8dcd4{\nheight:30px;\n}\n<\/style>\n<div  class='hr av-oqzi79-18e0dc3f0b0fb32a3050641877a8dcd4 hr-invisible  avia-builder-el-21  el_after_av_three_fifth  el_before_av_heading'><span class='hr-inner'><span class=\"hr-inner-style\"><\/span><\/span><\/div>\n\n<style type=\"text\/css\" data-created_by=\"avia_inline_auto\" id=\"style-css-av-av_heading-0fd2d11b95173b63c00db22448e120fd\">\n#top .av-special-heading.av-av_heading-0fd2d11b95173b63c00db22448e120fd{\npadding-bottom:0;\n}\nbody .av-special-heading.av-av_heading-0fd2d11b95173b63c00db22448e120fd .av-special-heading-tag .heading-char{\nfont-size:25px;\n}\n.av-special-heading.av-av_heading-0fd2d11b95173b63c00db22448e120fd .av-subheading{\nfont-size:15px;\n}\n<\/style>\n<div  class='av-special-heading av-av_heading-0fd2d11b95173b63c00db22448e120fd av-special-heading-h3  avia-builder-el-22  el_after_av_hr  el_before_av_two_fifth'><h3 class='av-special-heading-tag'  >Pascal Steck <\/h3><div class=\"special-heading-border\"><div class=\"special-heading-inner-border\"><\/div><\/div><\/div>\n\n<style type=\"text\/css\" data-created_by=\"avia_inline_auto\" id=\"style-css-av-12eiz8l-5cc56ffb71316a7c8ecaa716bb4b07e9\">\n#top .flex_column.av-12eiz8l-5cc56ffb71316a7c8ecaa716bb4b07e9{\nmargin-top:20px;\nmargin-bottom:0px;\n}\n.flex_column.av-12eiz8l-5cc56ffb71316a7c8ecaa716bb4b07e9{\nborder-radius:0px 0px 0px 0px;\npadding:0px 0px 0px 0px;\n}\n.responsive #top #wrap_all .flex_column.av-12eiz8l-5cc56ffb71316a7c8ecaa716bb4b07e9{\nmargin-top:20px;\nmargin-bottom:0px;\n}\n<\/style>\n<div  class='flex_column av-12eiz8l-5cc56ffb71316a7c8ecaa716bb4b07e9 av_two_fifth  avia-builder-el-23  el_after_av_heading  el_before_av_three_fifth  first flex_column_div av-zero-column-padding'     ><style type=\"text\/css\" data-created_by=\"avia_inline_auto\" id=\"style-css-av-kt5ox7ms-9244e4e020110dea219aa874eb37eaca\">\n.avia-image-container.av-kt5ox7ms-9244e4e020110dea219aa874eb37eaca img.avia_image{\nbox-shadow:none;\n}\n.avia-image-container.av-kt5ox7ms-9244e4e020110dea219aa874eb37eaca .av-image-caption-overlay-center{\ncolor:#ffffff;\n}\n<\/style>\n<div  class='avia-image-container av-kt5ox7ms-9244e4e020110dea219aa874eb37eaca av-styling- avia-align-left  avia-builder-el-24  avia-builder-el-no-sibling'  ><div class=\"avia-image-container-inner\"><div class=\"avia-image-overlay-wrap\"><img decoding=\"async\" fetchpriority=\"high\" class='wp-image-15148 avia-img-lazy-loading-not-15148 avia_image' src=\"https:\/\/polaris-stiftung.ch\/wp-content\/uploads\/pascal_steck.jpg\" alt='' title=''  height=\"274\" width=\"274\" srcset=\"https:\/\/polaris-stiftung.ch\/wp-content\/uploads\/pascal_steck.jpg 274w, https:\/\/polaris-stiftung.ch\/wp-content\/uploads\/pascal_steck-80x80.jpg 80w, https:\/\/polaris-stiftung.ch\/wp-content\/uploads\/pascal_steck-36x36.jpg 36w, https:\/\/polaris-stiftung.ch\/wp-content\/uploads\/pascal_steck-180x180.jpg 180w\" sizes=\"(max-width: 274px) 100vw, 274px\" \/><\/div><\/div><\/div><\/div>\n\n<style type=\"text\/css\" data-created_by=\"avia_inline_auto\" id=\"style-css-av-jgrif9-62c79b81d53e50d19ee3995efef34d9b\">\n#top .flex_column.av-jgrif9-62c79b81d53e50d19ee3995efef34d9b{\nmargin-top:20px;\nmargin-bottom:0px;\n}\n.flex_column.av-jgrif9-62c79b81d53e50d19ee3995efef34d9b{\nborder-radius:0px 0px 0px 0px;\npadding:0px 0px 0px 0px;\n}\n.responsive #top #wrap_all .flex_column.av-jgrif9-62c79b81d53e50d19ee3995efef34d9b{\nmargin-top:20px;\nmargin-bottom:0px;\n}\n<\/style>\n<div  class='flex_column av-jgrif9-62c79b81d53e50d19ee3995efef34d9b av_three_fifth  avia-builder-el-25  el_after_av_two_fifth  avia-builder-el-last  flex_column_div av-zero-column-padding'     ><section  class='av_textblock_section av-kt5oy7f7-ffc5963e15face7074f6f58f65acc7ce'  ><div class='avia_textblock' ><p><span class='av_dropcap1 av-av_dropcap1-3cd9da5fea0ef5fb27aee617571c39a3'>P<\/span>ascal Steck a suivi une formation de gestionnaire du commerce de d\u00e9tail en quincaillerie dans l'entreprise Joggi AG \u00e0 Morat. Il a termin\u00e9 les cours interentreprises de quincaillerie en t\u00eate et s'est assur\u00e9 la note de 5,5 avec 86,5 points (sur 100). Pascal Steck nous a confi\u00e9 que ce qui lui plaisait le plus, c'\u00e9tait de pouvoir aider ses clients avec un savoir-faire technique. Et le plus grand, c'\u00e9tait ce client qui, tellement enthousiaste, ne voulait plus \u00eatre servi que par lui.<\/p>\n<\/div><\/section><\/div>","protected":false},"excerpt":{"rendered":"","protected":false},"author":1,"featured_media":0,"parent":14774,"menu_order":2,"comment_status":"closed","ping_status":"closed","template":"","meta":{"_seopress_robots_primary_cat":"","_seopress_titles_title":"","_seopress_titles_desc":"","_seopress_robots_index":"","footnotes":""},"folder":[],"class_list":["post-14789","page","type-page","status-publish","hentry"],"_links":{"self":[{"href":"https:\/\/polaris-stiftung.ch\/fr\/wp-json\/wp\/v2\/pages\/14789","targetHints":{"allow":["GET"]}}],"collection":[{"href":"https:\/\/polaris-stiftung.ch\/fr\/wp-json\/wp\/v2\/pages"}],"about":[{"href":"https:\/\/polaris-stiftung.ch\/fr\/wp-json\/wp\/v2\/types\/page"}],"author":[{"embeddable":true,"href":"https:\/\/polaris-stiftung.ch\/fr\/wp-json\/wp\/v2\/users\/1"}],"replies":[{"embeddable":true,"href":"https:\/\/polaris-stiftung.ch\/fr\/wp-json\/wp\/v2\/comments?post=14789"}],"version-history":[{"count":5,"href":"https:\/\/polaris-stiftung.ch\/fr\/wp-json\/wp\/v2\/pages\/14789\/revisions"}],"predecessor-version":[{"id":15835,"href":"https:\/\/polaris-stiftung.ch\/fr\/wp-json\/wp\/v2\/pages\/14789\/revisions\/15835"}],"up":[{"embeddable":true,"href":"https:\/\/polaris-stiftung.ch\/fr\/wp-json\/wp\/v2\/pages\/14774"}],"wp:attachment":[{"href":"https:\/\/polaris-stiftung.ch\/fr\/wp-json\/wp\/v2\/media?parent=14789"}],"wp:term":[{"taxonomy":"folder","embeddable":true,"href":"https:\/\/polaris-stiftung.ch\/fr\/wp-json\/wp\/v2\/folder?post=14789"}],"curies":[{"name":"wp","href":"https:\/\/api.w.org\/{rel}","templated":true}]}}