{"id":14776,"date":"2021-09-02T19:43:53","date_gmt":"2021-09-02T17:43:53","guid":{"rendered":"https:\/\/polaris.aretis-staging.ch\/?page_id=14776"},"modified":"2022-04-06T11:42:58","modified_gmt":"2022-04-06T09:42:58","slug":"remise-des-prix-2018","status":"publish","type":"page","link":"https:\/\/polaris-stiftung.ch\/fr\/remise-des-prix\/remise-des-prix-2018\/","title":{"rendered":"9e c\u00e9r\u00e9monie de remise des prix 2018"},"content":{"rendered":"<div class='clear'><\/div><div id='sub_menu1'  class='av-submenu-container av-ktbbap1z-b3da2b12b93cfe638cc6aebce3352b5a main_color  avia-builder-el-0  el_before_av_section  avia-builder-el-first  av-sticky-submenu container_wrap fullsize' style='z-index:301' ><div class='container av-menu-mobile-disabled av-submenu-pos-center'><ul id=\"menu-preisverleihung\" class=\"av-subnav-menu\" role=\"menu\"><li role=\"menuitem\" id=\"menu-item-18649\" class=\"menu-item menu-item-type-post_type menu-item-object-page menu-item-top-level menu-item-top-level-1\"><a href=\"https:\/\/polaris-stiftung.ch\/fr\/17-remise-des-prix-2026\/\" tabindex=\"0\"><span class=\"avia-bullet\"><\/span><span class=\"avia-menu-text\">2026<\/span><span class=\"avia-menu-fx\"><span class=\"avia-arrow-wrap\"><span class=\"avia-arrow\"><\/span><\/span><\/span><\/a><\/li>\n<li role=\"menuitem\" id=\"menu-item-18176\" class=\"menu-item menu-item-type-post_type menu-item-object-page menu-item-top-level menu-item-top-level-2\"><a href=\"https:\/\/polaris-stiftung.ch\/fr\/remise-des-prix\/16-remise-des-prix-2025\/\" tabindex=\"0\"><span class=\"avia-bullet\"><\/span><span class=\"avia-menu-text\">2025<\/span><span class=\"avia-menu-fx\"><span class=\"avia-arrow-wrap\"><span class=\"avia-arrow\"><\/span><\/span><\/span><\/a><\/li>\n<li role=\"menuitem\" id=\"menu-item-17590\" class=\"menu-item menu-item-type-post_type menu-item-object-page menu-item-top-level menu-item-top-level-3\"><a href=\"https:\/\/polaris-stiftung.ch\/fr\/remise-des-prix\/13-preisverleihung-3\/\" tabindex=\"0\"><span class=\"avia-bullet\"><\/span><span class=\"avia-menu-text\">2024<\/span><span class=\"avia-menu-fx\"><span class=\"avia-arrow-wrap\"><span class=\"avia-arrow\"><\/span><\/span><\/span><\/a><\/li>\n<li role=\"menuitem\" id=\"menu-item-15806\" class=\"menu-item menu-item-type-post_type menu-item-object-page menu-item-top-level menu-item-top-level-4\"><a href=\"https:\/\/polaris-stiftung.ch\/fr\/remise-des-prix\/archives-des-prix\/\" tabindex=\"0\"><span class=\"avia-bullet\"><\/span><span class=\"avia-menu-text\">Archives<\/span><span class=\"avia-menu-fx\"><span class=\"avia-arrow-wrap\"><span class=\"avia-arrow\"><\/span><\/span><\/span><\/a><\/li>\n<\/ul><\/div><\/div><div class='sticky_placeholder'><\/div>\n<div id='av_section_1'  class='avia-section av-w1ny8t-0e2f51204f23325daa1d9499cc830538 main_color avia-section-large avia-no-border-styling  avia-builder-el-1  el_after_av_submenu  el_before_av_section  avia-bg-style-scroll container_wrap fullsize'  ><div class='container av-section-cont-open' ><div class='template-page content  av-content-full alpha units'><div class='post-entry post-entry-type-page post-entry-14776'><div class='entry-content-wrapper clearfix'>\n\n<style type=\"text\/css\" data-created_by=\"avia_inline_auto\" id=\"style-css-av-ktbf9fh4-b597d9e97d8a40b41f5ff13cef44401a\">\n.flex_column.av-ktbf9fh4-b597d9e97d8a40b41f5ff13cef44401a{\nborder-radius:0px 0px 0px 0px;\npadding:0px 0px 0px 0px;\n}\n<\/style>\n<div  class='flex_column av-ktbf9fh4-b597d9e97d8a40b41f5ff13cef44401a av_one_full  avia-builder-el-2  avia-builder-el-no-sibling  first flex_column_div av-animated-generic pop-up av-zero-column-padding'     ><p>\n<style type=\"text\/css\" data-created_by=\"avia_inline_auto\" id=\"style-css-av-ktbaoun0-d7b7a1407c57497220bd60084ad767ea\">\n.av_font_icon.av-ktbaoun0-d7b7a1407c57497220bd60084ad767ea .av-icon-char{\nfont-size:50px;\nline-height:50px;\n}\n<\/style>\n<span  class='av_font_icon av-ktbaoun0-d7b7a1407c57497220bd60084ad767ea avia_animate_when_visible av-icon-style- avia-icon-pos-center avia-iconfont avia-font-entypo-fontello av-no-color avia-icon-animate'><span class='av-icon-char' data-av_icon='\ue8a8' data-av_iconfont='entypo-fontello' aria-hidden=\"true\" ><\/span><\/span><br \/>\n\n<style type=\"text\/css\" data-created_by=\"avia_inline_auto\" id=\"style-css-av-ktebysq7-2d621846e0125cf81a602be260b8ece2\">\n#top .av-special-heading.av-ktebysq7-2d621846e0125cf81a602be260b8ece2{\npadding-bottom:30px;\n}\nbody .av-special-heading.av-ktebysq7-2d621846e0125cf81a602be260b8ece2 .av-special-heading-tag .heading-char{\nfont-size:25px;\n}\n.av-special-heading.av-ktebysq7-2d621846e0125cf81a602be260b8ece2 .av-subheading{\nfont-size:30px;\n}\n<\/style>\n<div  class='av-special-heading av-ktebysq7-2d621846e0125cf81a602be260b8ece2 av-special-heading-h1 blockquote modern-quote modern-centered  avia-builder-el-4  el_after_av_font_icon  el_before_av_hr  av-linked-heading'><h1 class='av-special-heading-tag'  >9e c\u00e9r\u00e9monie de remise des prix 2018<\/h1><div class='av-subheading av-subheading_below'><p>Endiabl\u00e9 et intercontinental<\/p>\n<\/div><div class=\"special-heading-border\"><div class=\"special-heading-inner-border\"><\/div><\/div><\/div><br \/>\n\n<style type=\"text\/css\" data-created_by=\"avia_inline_auto\" id=\"style-css-av-wmo4xo-e72941015c359dbc7803628033a45693\">\n#top .hr.av-wmo4xo-e72941015c359dbc7803628033a45693{\nmargin-top:5px;\nmargin-bottom:40px;\n}\n.hr.av-wmo4xo-e72941015c359dbc7803628033a45693 .hr-inner{\nwidth:150px;\nborder-color:#0088bc;\n}\n<\/style>\n<div  class='hr av-wmo4xo-e72941015c359dbc7803628033a45693 hr-custom  avia-builder-el-5  el_after_av_heading  avia-builder-el-last  trennlinie_punkt hr-center hr-icon-no'><span class='hr-inner inner-border-av-border-fat'><span class=\"hr-inner-style\"><\/span><\/span><\/div><\/p><\/div>\n\n<\/div><\/div><\/div><!-- close content main div --><\/div><\/div>\n<style type=\"text\/css\" data-created_by=\"avia_inline_auto\" id=\"style-css-av-30xqkc4-a97e7929a094aa3bac01da3a1241f046\">\n.avia-section.av-30xqkc4-a97e7929a094aa3bac01da3a1241f046{\nbackground-color:#ffffff;\nbackground-image:unset;\n}\n<\/style>\n<div id='av_section_2'  class='avia-section av-30xqkc4-a97e7929a094aa3bac01da3a1241f046 alternate_color avia-section-large avia-no-border-styling  avia-builder-el-6  el_after_av_section  el_before_av_section  avia-bg-style-scroll container_wrap fullsize'  ><div class='container av-section-cont-open' ><div class='template-page content  av-content-full alpha units'><div class='post-entry post-entry-type-page post-entry-14776'><div class='entry-content-wrapper clearfix'>\n\n<style type=\"text\/css\" data-created_by=\"avia_inline_auto\" id=\"style-css-av-2rnio6s-764c360573860403bc65d685b0fbb922\">\n.flex_column.av-2rnio6s-764c360573860403bc65d685b0fbb922{\nborder-radius:0px 0px 0px 0px;\npadding:45px 0px 0px 0px;\n}\n<\/style>\n<div  class='flex_column av-2rnio6s-764c360573860403bc65d685b0fbb922 av_one_half  avia-builder-el-7  el_before_av_one_half  avia-builder-el-first  first flex_column_div av-animated-generic top-to-bottom'     ><p>\n<style type=\"text\/css\" data-created_by=\"avia_inline_auto\" id=\"style-css-av-ktdgyd0n-8715766d3a49d3aae35d4eedd4c0131e\">\n#top .av-special-heading.av-ktdgyd0n-8715766d3a49d3aae35d4eedd4c0131e{\npadding-bottom:20px;\n}\nbody .av-special-heading.av-ktdgyd0n-8715766d3a49d3aae35d4eedd4c0131e .av-special-heading-tag .heading-char{\nfont-size:25px;\n}\n.av-special-heading.av-ktdgyd0n-8715766d3a49d3aae35d4eedd4c0131e .av-subheading{\nfont-size:15px;\n}\n\n@media only screen and (max-width: 479px){ \n#top #wrap_all .av-special-heading.av-ktdgyd0n-8715766d3a49d3aae35d4eedd4c0131e .av-special-heading-tag{\nfont-size:16px;\n}\n}\n<\/style>\n<div  class='av-special-heading av-ktdgyd0n-8715766d3a49d3aae35d4eedd4c0131e av-special-heading-h3  avia-builder-el-8  el_before_av_textblock  avia-builder-el-first'><h3 class='av-special-heading-tag'  >En direct du Canada<\/h3><div class=\"special-heading-border\"><div class=\"special-heading-inner-border\"><\/div><\/div><\/div><br \/>\n<section  class='av_textblock_section av-2oq3ntg-d09480bfdd338f53ae29b7bf5c14161a'  ><div class='avia_textblock' ><p><span class='av_dropcap1 av-av_dropcap1-3cd9da5fea0ef5fb27aee617571c39a3'>L<\/span>a remise des prix s'est d\u00e9roul\u00e9e rapidement - enrichie cette ann\u00e9e par une transmission en direct au Canada de la jeune professionnelle Raffaella Schauber. Mme Schauber, qui \u00e9tait en s\u00e9jour \u00e0 l'\u00e9tranger, a rejoint la \"communaut\u00e9 polaris\" via Skype. Il \u00e9tait trois heures du matin au bord de l'\u00e9tang lorsqu'elle a pu s'entretenir en direct avec l'animateur Gregor Loser et recevoir les applaudissements de l'assembl\u00e9e, avec beaucoup de plaisir et un peu d'\u00e9motion.<\/p>\n<\/div><\/section><\/p><\/div>\n<style type=\"text\/css\" data-created_by=\"avia_inline_auto\" id=\"style-css-av-2rnio6s-70d8d15c87c7af636401e504ab46974e\">\n.flex_column.av-2rnio6s-70d8d15c87c7af636401e504ab46974e{\nborder-radius:0px 0px 0px 0px;\npadding:45px 0px 0px 0px;\n}\n<\/style>\n<div  class='flex_column av-2rnio6s-70d8d15c87c7af636401e504ab46974e av_one_half  avia-builder-el-10  el_after_av_one_half  el_before_av_one_full  flex_column_div av-animated-generic top-to-bottom'     ><p>\n<style type=\"text\/css\" data-created_by=\"avia_inline_auto\" id=\"style-css-av-ktdgyl7z-14e342cf5e6efad87ba6c915da6ec717\">\n#top .av-special-heading.av-ktdgyl7z-14e342cf5e6efad87ba6c915da6ec717{\npadding-bottom:20px;\n}\nbody .av-special-heading.av-ktdgyl7z-14e342cf5e6efad87ba6c915da6ec717 .av-special-heading-tag .heading-char{\nfont-size:25px;\n}\n.av-special-heading.av-ktdgyl7z-14e342cf5e6efad87ba6c915da6ec717 .av-subheading{\nfont-size:15px;\n}\n\n@media only screen and (max-width: 479px){ \n#top #wrap_all .av-special-heading.av-ktdgyl7z-14e342cf5e6efad87ba6c915da6ec717 .av-special-heading-tag{\nfont-size:16px;\n}\n}\n<\/style>\n<div  class='av-special-heading av-ktdgyl7z-14e342cf5e6efad87ba6c915da6ec717 av-special-heading-h3  avia-builder-el-11  el_before_av_textblock  avia-builder-el-first'><h3 class='av-special-heading-tag'  >Avec engagement et responsabilit\u00e9<\/h3><div class=\"special-heading-border\"><div class=\"special-heading-inner-border\"><\/div><\/div><\/div><br \/>\n<section  class='av_textblock_section av-2oq3ntg-d09480bfdd338f53ae29b7bf5c14161a'  ><div class='avia_textblock' ><p><span class='av_dropcap1 av-av_dropcap1-3cd9da5fea0ef5fb27aee617571c39a3'>S<\/span>Lors de la remise des prix aux deux meilleures entreprises formatrices de 2017, le pr\u00e9sident du conseil d'administration Christian Fiechter a soulign\u00e9 le d\u00e9vouement et l'engagement id\u00e9al des deux entreprises. M\u00eame en p\u00e9riode de turbulences, elles ne se sont pas laiss\u00e9es d\u00e9courager : \"La formation est synonyme de responsabilit\u00e9 et de pens\u00e9e sociale. Celui qui forme aujourd'hui avec d\u00e9vouement sait ce qu'il veut - et pourquoi il le fait. J'entends par l\u00e0 la ferme conviction que ce que l'on fait est juste, important et utile ! Nous voulons reconna\u00eetre cette attitude\".<\/p>\n<\/div><\/section><\/p><\/div>\n<style type=\"text\/css\" data-created_by=\"avia_inline_auto\" id=\"style-css-av-w37ogo-cdd30eda6903fb3d748962ee71f519d1\">\n#top .flex_column.av-w37ogo-cdd30eda6903fb3d748962ee71f519d1{\nmargin-top:25px;\nmargin-bottom:0px;\n}\n.flex_column.av-w37ogo-cdd30eda6903fb3d748962ee71f519d1{\nborder-radius:0px 0px 0px 0px;\npadding:0px 0px 0px 0px;\n}\n.responsive #top #wrap_all .flex_column.av-w37ogo-cdd30eda6903fb3d748962ee71f519d1{\nmargin-top:25px;\nmargin-bottom:0px;\n}\n<\/style>\n<div  class='flex_column av-w37ogo-cdd30eda6903fb3d748962ee71f519d1 av_one_full  avia-builder-el-13  el_after_av_one_half  avia-builder-el-last  first flex_column_div av-animated-generic pop-up av-zero-column-padding  column-top-margin'     ><div  class='avia-button-wrap av-ktbf4lv5-a5f70a35df5e13586149d50e2ce7bdab-wrap avia-button-center  avia-builder-el-14  avia-builder-el-no-sibling'><a href='https:\/\/polaris-stiftung.ch\/wp-content\/uploads\/9_Preisverleihung_perspective-Bericht.pdf'  class='avia-button av-ktbf4lv5-a5f70a35df5e13586149d50e2ce7bdab av-link-btn avia-icon_select-yes-left-icon avia-size-large avia-position-center avia-color-theme-color'  target=\"_blank\"  rel=\"noopener noreferrer\"  aria-label=\"Plus d&#039;infos\"><span class='avia_button_icon avia_button_icon_left avia-iconfont avia-font-entypo-fontello' data-av_icon='\ue832' data-av_iconfont='entypo-fontello' ><\/span><span class='avia_iconbox_title' >Plus d'infos<\/span><\/a><\/div><\/div>\n\n<\/div><\/div><\/div><!-- close content main div --><\/div><\/div><div id='av_section_3'  class='avia-section av-9x1qdg-2e10cf7b8bc5981bb690f3b184b183cd main_color avia-section-huge avia-no-border-styling  avia-builder-el-15  el_after_av_section  avia-builder-el-last  avia-bg-style-scroll container_wrap fullsize'  ><div class='container av-section-cont-open' ><div class='template-page content  av-content-full alpha units'><div class='post-entry post-entry-type-page post-entry-14776'><div class='entry-content-wrapper clearfix'>\n\n<style type=\"text\/css\" data-created_by=\"avia_inline_auto\" id=\"style-css-av-av_heading-224a8a03871129276d5786d3066b0373\">\n#top .av-special-heading.av-av_heading-224a8a03871129276d5786d3066b0373{\npadding-bottom:30px;\n}\nbody .av-special-heading.av-av_heading-224a8a03871129276d5786d3066b0373 .av-special-heading-tag .heading-char{\nfont-size:25px;\n}\n.av-special-heading.av-av_heading-224a8a03871129276d5786d3066b0373 .av-subheading{\nfont-size:30px;\n}\n<\/style>\n<div  class='av-special-heading av-av_heading-224a8a03871129276d5786d3066b0373 av-special-heading-h2 blockquote modern-quote modern-centered  avia-builder-el-16  el_before_av_hr  avia-builder-el-first  av-linked-heading'><h2 class='av-special-heading-tag'  >Les entreprises formatrices prim\u00e9es<\/h2><div class='av-subheading av-subheading_below'><p>Quincaillerie &amp; M\u00e9nage<\/p>\n<\/div><div class=\"special-heading-border\"><div class=\"special-heading-inner-border\"><\/div><\/div><\/div>\n\n<style type=\"text\/css\" data-created_by=\"avia_inline_auto\" id=\"style-css-av-wmo4xo-e72941015c359dbc7803628033a45693\">\n#top .hr.av-wmo4xo-e72941015c359dbc7803628033a45693{\nmargin-top:5px;\nmargin-bottom:40px;\n}\n.hr.av-wmo4xo-e72941015c359dbc7803628033a45693 .hr-inner{\nwidth:150px;\nborder-color:#0088bc;\n}\n<\/style>\n<div  class='hr av-wmo4xo-e72941015c359dbc7803628033a45693 hr-custom  avia-builder-el-17  el_after_av_heading  el_before_av_one_half  trennlinie_punkt hr-center hr-icon-no'><span class='hr-inner inner-border-av-border-fat'><span class=\"hr-inner-style\"><\/span><\/span><\/div>\n\n<style type=\"text\/css\" data-created_by=\"avia_inline_auto\" id=\"style-css-av-2mlo4-228e2dd2e3886fed209f5cb7d8fb058f\">\n#top .flex_column.av-2mlo4-228e2dd2e3886fed209f5cb7d8fb058f{\nmargin-top:40px;\nmargin-bottom:40px;\n}\n.flex_column.av-2mlo4-228e2dd2e3886fed209f5cb7d8fb058f{\nborder-radius:0px 0px 0px 0px;\npadding:0px 0px 0px 0px;\n}\n.responsive #top #wrap_all .flex_column.av-2mlo4-228e2dd2e3886fed209f5cb7d8fb058f{\nmargin-top:40px;\nmargin-bottom:40px;\n}\n<\/style>\n<div  class='flex_column av-2mlo4-228e2dd2e3886fed209f5cb7d8fb058f av_one_half  avia-builder-el-18  el_after_av_hr  el_before_av_one_half  first flex_column_div av-animated-generic left-to-right av-zero-column-padding'     ><p>\n<style type=\"text\/css\" data-created_by=\"avia_inline_auto\" id=\"style-css-av-av_heading-4f1cd34a9be05eff249b0d8d2a61f7cf\">\n#top .av-special-heading.av-av_heading-4f1cd34a9be05eff249b0d8d2a61f7cf{\npadding-bottom:20px;\n}\nbody .av-special-heading.av-av_heading-4f1cd34a9be05eff249b0d8d2a61f7cf .av-special-heading-tag .heading-char{\nfont-size:25px;\n}\n.av-special-heading.av-av_heading-4f1cd34a9be05eff249b0d8d2a61f7cf .av-subheading{\nfont-size:15px;\n}\n\n@media only screen and (max-width: 479px){ \n#top #wrap_all .av-special-heading.av-av_heading-4f1cd34a9be05eff249b0d8d2a61f7cf .av-special-heading-tag{\nfont-size:16px;\n}\n}\n<\/style>\n<div  class='av-special-heading av-av_heading-4f1cd34a9be05eff249b0d8d2a61f7cf av-special-heading-h3  avia-builder-el-19  el_before_av_codeblock  avia-builder-el-first'><h3 class='av-special-heading-tag'  >Joggi AG, Morat<\/h3><div class=\"special-heading-border\"><div class=\"special-heading-inner-border\"><\/div><\/div><\/div><br \/>\n<br \/>\n<div  class='av_promobox av-5c65tg-0a8434a38995fe6e918e50b9dc299179 avia-button-yes  avia-builder-el-21  el_after_av_codeblock  avia-builder-el-last'><div class='avia-promocontent'><\/p>\n<h4>Prix d'encouragement Quincaillerie<\/h4>\n<p>Meilleure entreprise formatrice en quincaillerie en 2017 :<br \/>\n<strong>Joggi AG, Morat<\/strong><\/p>\n<\/div><div  class='avia-button-wrap av-5c65tg-b74bee6abe29a56ee38ea51673aafa07-wrap avia-button-right'><a href='https:\/\/polaris-stiftung.ch\/wp-content\/uploads\/Ausbildungsbetrieb_eisenwaren_joggi.pdf'  class='avia-button av-5c65tg-b74bee6abe29a56ee38ea51673aafa07 av-link-btn avia-icon_select-yes-left-icon avia-size-medium avia-position-right avia-color-theme-color'  target=\"_blank\"  rel=\"noopener noreferrer\"  aria-label=\"Plus d&#039;infos\"><span class='avia_button_icon avia_button_icon_left avia-iconfont avia-font-entypo-fontello' data-av_icon='\ue832' data-av_iconfont='entypo-fontello' ><\/span><span class='avia_iconbox_title' >Plus d'infos<\/span><\/a><\/div><\/div><\/p><\/div>\n<style type=\"text\/css\" data-created_by=\"avia_inline_auto\" id=\"style-css-av-3le02s-1125d1b6c96152cdcf7600a759ccd1d5\">\n#top .flex_column.av-3le02s-1125d1b6c96152cdcf7600a759ccd1d5{\nmargin-top:40px;\nmargin-bottom:40px;\n}\n.flex_column.av-3le02s-1125d1b6c96152cdcf7600a759ccd1d5{\nborder-radius:0px 0px 0px 0px;\npadding:0px 0px 0px 0px;\n}\n.responsive #top #wrap_all .flex_column.av-3le02s-1125d1b6c96152cdcf7600a759ccd1d5{\nmargin-top:40px;\nmargin-bottom:40px;\n}\n<\/style>\n<div  class='flex_column av-3le02s-1125d1b6c96152cdcf7600a759ccd1d5 av_one_half  avia-builder-el-22  el_after_av_one_half  avia-builder-el-last  flex_column_div av-animated-generic left-to-right av-zero-column-padding'     ><p>\n<style type=\"text\/css\" data-created_by=\"avia_inline_auto\" id=\"style-css-av-av_heading-b18867a5b0b30708ce84ae7e99653d31\">\n#top .av-special-heading.av-av_heading-b18867a5b0b30708ce84ae7e99653d31{\npadding-bottom:20px;\n}\nbody .av-special-heading.av-av_heading-b18867a5b0b30708ce84ae7e99653d31 .av-special-heading-tag .heading-char{\nfont-size:25px;\n}\n.av-special-heading.av-av_heading-b18867a5b0b30708ce84ae7e99653d31 .av-subheading{\nfont-size:15px;\n}\n\n@media only screen and (max-width: 479px){ \n#top #wrap_all .av-special-heading.av-av_heading-b18867a5b0b30708ce84ae7e99653d31 .av-special-heading-tag{\nfont-size:16px;\n}\n}\n<\/style>\n<div  class='av-special-heading av-av_heading-b18867a5b0b30708ce84ae7e99653d31 av-special-heading-h3  avia-builder-el-23  el_before_av_codeblock  avia-builder-el-first'><h3 class='av-special-heading-tag'  >Finnshop AG, WIL\/SG<\/h3><div class=\"special-heading-border\"><div class=\"special-heading-inner-border\"><\/div><\/div><\/div><br \/>\n<br \/>\n<div  class='av_promobox av-3aommc-f9dd9c9f6168b0fcad69a73dd0c60e36 avia-button-yes  avia-builder-el-25  el_after_av_codeblock  avia-builder-el-last'><div class='avia-promocontent'><\/p>\n<h4>Prix d'encouragement pour les m\u00e9nages<\/h4>\n<p>Meilleure entreprise formatrice de m\u00e9nages en 2017 :<br \/>\n<strong>Finnshop AG, WIL\/SG<\/strong><\/p>\n<\/div><div  class='avia-button-wrap av-3aommc-d8d8e7d4fb3f5c755d08405c377dce2b-wrap avia-button-right'><a href='https:\/\/polaris-stiftung.ch\/wp-content\/uploads\/Ausbildungsbetrieb_haushalt_finnshop.pdf'  class='avia-button av-3aommc-d8d8e7d4fb3f5c755d08405c377dce2b av-link-btn avia-icon_select-yes-left-icon avia-size-medium avia-position-right avia-color-theme-color'  target=\"_blank\"  rel=\"noopener noreferrer\"  aria-label=\"plus d&#039;infos\"><span class='avia_button_icon avia_button_icon_left avia-iconfont avia-font-entypo-fontello' data-av_icon='\ue832' data-av_iconfont='entypo-fontello' ><\/span><span class='avia_iconbox_title' >plus d'infos<\/span><\/a><\/div><\/div><\/p><\/div>","protected":false},"excerpt":{"rendered":"","protected":false},"author":1,"featured_media":0,"parent":14723,"menu_order":0,"comment_status":"closed","ping_status":"closed","template":"","meta":{"_seopress_robots_primary_cat":"","_seopress_titles_title":"","_seopress_titles_desc":"","_seopress_robots_index":"","footnotes":""},"folder":[],"class_list":["post-14776","page","type-page","status-publish","hentry"],"_links":{"self":[{"href":"https:\/\/polaris-stiftung.ch\/fr\/wp-json\/wp\/v2\/pages\/14776","targetHints":{"allow":["GET"]}}],"collection":[{"href":"https:\/\/polaris-stiftung.ch\/fr\/wp-json\/wp\/v2\/pages"}],"about":[{"href":"https:\/\/polaris-stiftung.ch\/fr\/wp-json\/wp\/v2\/types\/page"}],"author":[{"embeddable":true,"href":"https:\/\/polaris-stiftung.ch\/fr\/wp-json\/wp\/v2\/users\/1"}],"replies":[{"embeddable":true,"href":"https:\/\/polaris-stiftung.ch\/fr\/wp-json\/wp\/v2\/comments?post=14776"}],"version-history":[{"count":5,"href":"https:\/\/polaris-stiftung.ch\/fr\/wp-json\/wp\/v2\/pages\/14776\/revisions"}],"predecessor-version":[{"id":16067,"href":"https:\/\/polaris-stiftung.ch\/fr\/wp-json\/wp\/v2\/pages\/14776\/revisions\/16067"}],"up":[{"embeddable":true,"href":"https:\/\/polaris-stiftung.ch\/fr\/wp-json\/wp\/v2\/pages\/14723"}],"wp:attachment":[{"href":"https:\/\/polaris-stiftung.ch\/fr\/wp-json\/wp\/v2\/media?parent=14776"}],"wp:term":[{"taxonomy":"folder","embeddable":true,"href":"https:\/\/polaris-stiftung.ch\/fr\/wp-json\/wp\/v2\/folder?post=14776"}],"curies":[{"name":"wp","href":"https:\/\/api.w.org\/{rel}","templated":true}]}}