{"id":14725,"date":"2021-08-31T11:33:02","date_gmt":"2021-08-31T09:33:02","guid":{"rendered":"https:\/\/polaris.aretis-staging.ch\/?page_id=14725"},"modified":"2025-01-03T17:40:15","modified_gmt":"2025-01-03T16:40:15","slug":"contact","status":"publish","type":"page","link":"https:\/\/polaris-stiftung.ch\/fr\/contact\/","title":{"rendered":"Contact"},"content":{"rendered":"<div id='news'  class='avia-section av-w1ny8t-951a4d0163378398f69483942c339eda main_color avia-section-huge avia-no-border-styling  avia-builder-el-0  el_before_av_section  avia-builder-el-first  avia-bg-style-scroll container_wrap fullsize'  ><div class='container av-section-cont-open' ><main  class='template-page content  av-content-full alpha units'><div class='post-entry post-entry-type-page post-entry-14725'><div class='entry-content-wrapper clearfix'>\n\n<style type=\"text\/css\" data-created_by=\"avia_inline_auto\" id=\"style-css-av-654pfp-d28150fbb6f76e48b84baef9e5f6368a\">\n#top .av-special-heading.av-654pfp-d28150fbb6f76e48b84baef9e5f6368a{\npadding-bottom:30px;\n}\nbody .av-special-heading.av-654pfp-d28150fbb6f76e48b84baef9e5f6368a .av-special-heading-tag .heading-char{\nfont-size:25px;\n}\n.av-special-heading.av-654pfp-d28150fbb6f76e48b84baef9e5f6368a .av-subheading{\nfont-size:30px;\n}\n<\/style>\n<div  class='av-special-heading av-654pfp-d28150fbb6f76e48b84baef9e5f6368a av-special-heading-h1 blockquote modern-quote modern-centered  avia-builder-el-1  el_before_av_hr  avia-builder-el-first  av-linked-heading'><h1 class='av-special-heading-tag'  >Contact<\/h1><div class='av-subheading av-subheading_below'><p>Fondation polaris<\/p>\n<\/div><div class=\"special-heading-border\"><div class=\"special-heading-inner-border\"><\/div><\/div><\/div>\n\n<style type=\"text\/css\" data-created_by=\"avia_inline_auto\" id=\"style-css-av-wmo4xo-e72941015c359dbc7803628033a45693\">\n#top .hr.av-wmo4xo-e72941015c359dbc7803628033a45693{\nmargin-top:5px;\nmargin-bottom:40px;\n}\n.hr.av-wmo4xo-e72941015c359dbc7803628033a45693 .hr-inner{\nwidth:150px;\nborder-color:#0088bc;\n}\n<\/style>\n<div  class='hr av-wmo4xo-e72941015c359dbc7803628033a45693 hr-custom  avia-builder-el-2  el_after_av_heading  el_before_av_one_half  trennlinie_punkt hr-center hr-icon-no'><span class='hr-inner inner-border-av-border-fat'><span class=\"hr-inner-style\"><\/span><\/span><\/div>\n\n<style type=\"text\/css\" data-created_by=\"avia_inline_auto\" id=\"style-css-av-2vsv1kk-8c59a3c0d9a773872bc52611a98142a3\">\n.flex_column.av-2vsv1kk-8c59a3c0d9a773872bc52611a98142a3{\nborder-radius:0px 0px 0px 0px;\npadding:45px 0px 0px 0px;\n}\n<\/style>\n<div  class='flex_column av-2vsv1kk-8c59a3c0d9a773872bc52611a98142a3 av_one_half  avia-builder-el-3  el_after_av_hr  el_before_av_one_half  first flex_column_div av-animated-generic fade-in'     ><p>\n<style type=\"text\/css\" data-created_by=\"avia_inline_auto\" id=\"style-css-av-11o5h39-42954d46058a3870ae4ce818eb03317b\">\n#top .av-special-heading.av-11o5h39-42954d46058a3870ae4ce818eb03317b{\npadding-bottom:0;\n}\nbody .av-special-heading.av-11o5h39-42954d46058a3870ae4ce818eb03317b .av-special-heading-tag .heading-char{\nfont-size:25px;\n}\n.av-special-heading.av-11o5h39-42954d46058a3870ae4ce818eb03317b .av-subheading{\nfont-size:15px;\n}\n\n@media only screen and (max-width: 479px){ \n#top #wrap_all .av-special-heading.av-11o5h39-42954d46058a3870ae4ce818eb03317b .av-special-heading-tag{\nfont-size:16px;\n}\n}\n<\/style>\n<div  class='av-special-heading av-11o5h39-42954d46058a3870ae4ce818eb03317b av-special-heading-h3  avia-builder-el-4  el_before_av_codeblock  avia-builder-el-first'><h3 class='av-special-heading-tag'  >Formulaire de contact<\/h3><div class=\"special-heading-border\"><div class=\"special-heading-inner-border\"><\/div><\/div><\/div><br \/>\n<\/p><\/div>\n<style type=\"text\/css\" data-created_by=\"avia_inline_auto\" id=\"style-css-av-2rnio6s-bc936b91616aecf0e589f2f88342a9b8\">\n.flex_column.av-2rnio6s-bc936b91616aecf0e589f2f88342a9b8{\nborder-radius:0px 0px 0px 0px;\npadding:45px 0px 0px 0px;\n}\n<\/style>\n<div  class='flex_column av-2rnio6s-bc936b91616aecf0e589f2f88342a9b8 av_one_half  avia-builder-el-6  el_after_av_one_half  avia-builder-el-last  flex_column_div av-animated-generic fade-in'     ><p>\n<style type=\"text\/css\" data-created_by=\"avia_inline_auto\" id=\"style-css-av-j38yxx-56eb9e71f68340252444d0b273be61d8\">\n#top .av-special-heading.av-j38yxx-56eb9e71f68340252444d0b273be61d8{\npadding-bottom:0;\n}\nbody .av-special-heading.av-j38yxx-56eb9e71f68340252444d0b273be61d8 .av-special-heading-tag .heading-char{\nfont-size:25px;\n}\n.av-special-heading.av-j38yxx-56eb9e71f68340252444d0b273be61d8 .av-subheading{\nfont-size:15px;\n}\n\n@media only screen and (max-width: 479px){ \n#top #wrap_all .av-special-heading.av-j38yxx-56eb9e71f68340252444d0b273be61d8 .av-special-heading-tag{\nfont-size:16px;\n}\n}\n<\/style>\n<div  class='av-special-heading av-j38yxx-56eb9e71f68340252444d0b273be61d8 av-special-heading-h3  avia-builder-el-7  el_before_av_hr  avia-builder-el-first'><h3 class='av-special-heading-tag'  >Adresse<\/h3><div class=\"special-heading-border\"><div class=\"special-heading-inner-border\"><\/div><\/div><\/div><br \/>\n\n<style type=\"text\/css\" data-created_by=\"avia_inline_auto\" id=\"style-css-av-wmo4xo-3-6b00a58d01505dd46403dbc1dc659aed\">\n#top .hr.av-wmo4xo-3-6b00a58d01505dd46403dbc1dc659aed{\nmargin-top:25px;\nmargin-bottom:25px;\n}\n.hr.av-wmo4xo-3-6b00a58d01505dd46403dbc1dc659aed .hr-inner{\nwidth:150px;\nborder-color:#0088bc;\n}\n<\/style>\n<div  class='hr av-wmo4xo-3-6b00a58d01505dd46403dbc1dc659aed hr-custom  avia-builder-el-8  el_after_av_heading  el_before_av_textblock  trennlinie_punkt hr-left hr-icon-no'><span class='hr-inner inner-border-av-border-fat'><span class=\"hr-inner-style\"><\/span><\/span><\/div><br \/>\n<section  class='av_textblock_section av-2oq3ntg-d09480bfdd338f53ae29b7bf5c14161a'  ><div class='avia_textblock' ><div class=\"textwidget\">\n<p><strong>Fondation polaris<\/strong><br \/>\nNeugutstrasse 12<br \/>\nCase postale<br \/>\n8304 Wallisellen<\/p>\n<p>41 44 878 70 50<\/p>\n<p><a href=\"mailto:info@polaris-stiftung.ch\">info@polaris-stiftung.ch<\/a><\/p>\n<\/div>\n<\/div><\/section><br \/>\n\n<style type=\"text\/css\" data-created_by=\"avia_inline_auto\" id=\"style-css-av-2nvg9lg-46e5cb070d2a2e86b31389bc779efff5\">\n#top .hr.hr-invisible.av-2nvg9lg-46e5cb070d2a2e86b31389bc779efff5{\nheight:20px;\n}\n<\/style>\n<div  class='hr av-2nvg9lg-46e5cb070d2a2e86b31389bc779efff5 hr-invisible  avia-builder-el-10  el_after_av_textblock  el_before_av_button'><span class='hr-inner'><span class=\"hr-inner-style\"><\/span><\/span><\/div><br \/>\n<div  class='avia-button-wrap av-9d6a78-e3e3b4b7742e8d40afa2e4fa06b2a601-wrap avia-button-left  avia-builder-el-11  el_after_av_hr  el_before_av_hr'><a href='#anfahrt'  class='avia-button av-9d6a78-e3e3b4b7742e8d40afa2e4fa06b2a601 av-link-btn avia-icon_select-yes-right-icon avia-size-medium avia-position-left avia-color-theme-color'   aria-label=\"Plan d&#039;acc\u00e8s\"><span class='avia_iconbox_title' >Plan d'acc\u00e8s<\/span><span class='avia_button_icon avia_button_icon_right avia-iconfont avia-font-entypo-fontello' data-av_icon='\ue873' data-av_iconfont='entypo-fontello' ><\/span><\/a><\/div><br \/>\n\n<style type=\"text\/css\" data-created_by=\"avia_inline_auto\" id=\"style-css-av-wmo4xo-2-06e98c926234959edd7a5505aeee7258\">\n#top .hr.av-wmo4xo-2-06e98c926234959edd7a5505aeee7258{\nmargin-top:25px;\nmargin-bottom:25px;\n}\n.hr.av-wmo4xo-2-06e98c926234959edd7a5505aeee7258 .hr-inner{\nwidth:150px;\nborder-color:#0088bc;\n}\n<\/style>\n<div  class='hr av-wmo4xo-2-06e98c926234959edd7a5505aeee7258 hr-custom  avia-builder-el-12  el_after_av_button  el_before_av_image  trennlinie_punkt hr-left hr-icon-no'><span class='hr-inner inner-border-av-border-fat'><span class=\"hr-inner-style\"><\/span><\/span><\/div><br \/>\n\n<style type=\"text\/css\" data-created_by=\"avia_inline_auto\" id=\"style-css-av-kt9v57ir-32f1d0690a18136ead3999fe37a945e5\">\n.avia-image-container.av-kt9v57ir-32f1d0690a18136ead3999fe37a945e5 img.avia_image{\nbox-shadow:none;\n}\n.avia-image-container.av-kt9v57ir-32f1d0690a18136ead3999fe37a945e5 .av-image-caption-overlay-center{\ncolor:#ffffff;\n}\n<\/style>\n<div  class='avia-image-container av-kt9v57ir-32f1d0690a18136ead3999fe37a945e5 av-styling- avia-align-left  avia-builder-el-13  el_after_av_hr  el_before_av_hr'  ><div class=\"avia-image-container-inner\"><div class=\"avia-image-overlay-wrap\"><img decoding=\"async\" fetchpriority=\"high\" class='wp-image-17293 avia-img-lazy-loading-not-17293 avia_image' src=\"https:\/\/polaris-stiftung.ch\/wp-content\/uploads\/Kunz_Alexandra_800x800-300x300.jpg\" alt='' title='Kunz_Alexandra_800x800'  height=\"300\" width=\"300\" srcset=\"https:\/\/polaris-stiftung.ch\/wp-content\/uploads\/\/Kunz_Alexandra_800x800-300x300.jpg 300w, https:\/\/polaris-stiftung.ch\/wp-content\/uploads\/\/Kunz_Alexandra_800x800-80x80.jpg 80w, https:\/\/polaris-stiftung.ch\/wp-content\/uploads\/\/Kunz_Alexandra_800x800-768x768.jpg 768w, https:\/\/polaris-stiftung.ch\/wp-content\/uploads\/\/Kunz_Alexandra_800x800-12x12.jpg 12w, https:\/\/polaris-stiftung.ch\/wp-content\/uploads\/\/Kunz_Alexandra_800x800-36x36.jpg 36w, https:\/\/polaris-stiftung.ch\/wp-content\/uploads\/\/Kunz_Alexandra_800x800-180x180.jpg 180w, https:\/\/polaris-stiftung.ch\/wp-content\/uploads\/\/Kunz_Alexandra_800x800-705x705.jpg 705w, https:\/\/polaris-stiftung.ch\/wp-content\/uploads\/\/Kunz_Alexandra_800x800.jpg 800w\" sizes=\"(max-width: 300px) 100vw, 300px\" \/><\/div><\/div><\/div><br \/>\n\n<style type=\"text\/css\" data-created_by=\"avia_inline_auto\" id=\"style-css-av-av_hr-6bfb9d8c5c37e01714170779f123cfdc\">\n#top .hr.av-av_hr-6bfb9d8c5c37e01714170779f123cfdc{\nmargin-top:25px;\nmargin-bottom:25px;\n}\n.hr.av-av_hr-6bfb9d8c5c37e01714170779f123cfdc .hr-inner{\nwidth:150px;\nborder-color:#0088bc;\n}\n<\/style>\n<div  class='hr av-av_hr-6bfb9d8c5c37e01714170779f123cfdc hr-custom  avia-builder-el-14  el_after_av_image  el_before_av_textblock  trennlinie_punkt hr-left hr-icon-no'><span class='hr-inner inner-border-av-border-fat'><span class=\"hr-inner-style\"><\/span><\/span><\/div><br \/>\n<section  class='av_textblock_section av-kt9v6bot-3413de2e50ea6130f067b2a98f1d61c2'  ><div class='avia_textblock' ><p><em>Vous avez des questions ou des demandes concernant les activit\u00e9s de la Fondation polaris? Dans ce cas, veuillez vous adresser au secr\u00e9tariat \u00e0 Madame Alexandra Kunz, t\u00e9l. 044 878 70 68 ou par courriel <a href=\"mailto:info@polaris-stiftung.ch\">info@polaris-stiftung.ch<\/a>.<br \/>\n<\/em><\/p>\n<\/div><\/section><\/p><\/div><\/div><\/div><\/main><!-- close content main element --><\/div><\/div><div id='anfahrt'  class='avia-section av-kt9v16my-0740bc3d693143d350175fddbf31cb8a alternate_color avia-section-default avia-no-border-styling  avia-builder-el-16  el_after_av_section  avia-builder-el-last  avia-bg-style-scroll container_wrap fullsize'  ><div class='container av-section-cont-open' ><div class='template-page content  av-content-full alpha units'><div class='post-entry post-entry-type-page post-entry-14725'><div class='entry-content-wrapper clearfix'>\n\n<style type=\"text\/css\" data-created_by=\"avia_inline_auto\" id=\"style-css-av-kt9v233d-63382bef1cce823ffd03bd497ff03028\">\n#top .av-special-heading.av-kt9v233d-63382bef1cce823ffd03bd497ff03028{\npadding-bottom:30px;\n}\nbody .av-special-heading.av-kt9v233d-63382bef1cce823ffd03bd497ff03028 .av-special-heading-tag .heading-char{\nfont-size:25px;\n}\n.av-special-heading.av-kt9v233d-63382bef1cce823ffd03bd497ff03028 .av-subheading{\nfont-size:30px;\n}\n<\/style>\n<div  class='av-special-heading av-kt9v233d-63382bef1cce823ffd03bd497ff03028 av-special-heading-h2 blockquote modern-quote modern-centered  avia-builder-el-17  el_before_av_hr  avia-builder-el-first  av-linked-heading'><h2 class='av-special-heading-tag'  >Plan d'acc\u00e8s<\/h2><div class=\"special-heading-border\"><div class=\"special-heading-inner-border\"><\/div><\/div><\/div>\n\n<style type=\"text\/css\" data-created_by=\"avia_inline_auto\" id=\"style-css-av-wmo4xo-1-f4a8bc49d8151c52e08a828b355719c8\">\n#top .hr.av-wmo4xo-1-f4a8bc49d8151c52e08a828b355719c8{\nmargin-top:5px;\nmargin-bottom:40px;\n}\n.hr.av-wmo4xo-1-f4a8bc49d8151c52e08a828b355719c8 .hr-inner{\nwidth:150px;\nborder-color:#0088bc;\n}\n<\/style>\n<div  class='hr av-wmo4xo-1-f4a8bc49d8151c52e08a828b355719c8 hr-custom  avia-builder-el-18  el_after_av_heading  el_before_av_codeblock  trennlinie_punkt hr-center hr-icon-no'><span class='hr-inner inner-border-av-border-fat'><span class=\"hr-inner-style\"><\/span><\/span><\/div>\n\n<\/p>","protected":false},"excerpt":{"rendered":"","protected":false},"author":1,"featured_media":0,"parent":0,"menu_order":4,"comment_status":"closed","ping_status":"closed","template":"","meta":{"_seopress_robots_primary_cat":"","_seopress_titles_title":"Kontakt zur F\u00f6rderstiftung polaris","_seopress_titles_desc":"F\u00f6rderstiftung polaris, Neugutstrasse 12, Postfach, 8304 Wallisellen, Tel. +41 44 878 70 50, info@polaris-stiftung.ch","_seopress_robots_index":"","footnotes":""},"folder":[],"class_list":["post-14725","page","type-page","status-publish","hentry"],"_links":{"self":[{"href":"https:\/\/polaris-stiftung.ch\/fr\/wp-json\/wp\/v2\/pages\/14725","targetHints":{"allow":["GET"]}}],"collection":[{"href":"https:\/\/polaris-stiftung.ch\/fr\/wp-json\/wp\/v2\/pages"}],"about":[{"href":"https:\/\/polaris-stiftung.ch\/fr\/wp-json\/wp\/v2\/types\/page"}],"author":[{"embeddable":true,"href":"https:\/\/polaris-stiftung.ch\/fr\/wp-json\/wp\/v2\/users\/1"}],"replies":[{"embeddable":true,"href":"https:\/\/polaris-stiftung.ch\/fr\/wp-json\/wp\/v2\/comments?post=14725"}],"version-history":[{"count":6,"href":"https:\/\/polaris-stiftung.ch\/fr\/wp-json\/wp\/v2\/pages\/14725\/revisions"}],"predecessor-version":[{"id":18037,"href":"https:\/\/polaris-stiftung.ch\/fr\/wp-json\/wp\/v2\/pages\/14725\/revisions\/18037"}],"wp:attachment":[{"href":"https:\/\/polaris-stiftung.ch\/fr\/wp-json\/wp\/v2\/media?parent=14725"}],"wp:term":[{"taxonomy":"folder","embeddable":true,"href":"https:\/\/polaris-stiftung.ch\/fr\/wp-json\/wp\/v2\/folder?post=14725"}],"curies":[{"name":"wp","href":"https:\/\/api.w.org\/{rel}","templated":true}]}}